{"id":3170,"date":"2014-04-01T21:09:13","date_gmt":"2014-04-01T19:09:13","guid":{"rendered":"http:\/\/jeremyfekete.com\/?page_id=3170"},"modified":"2022-03-09T09:35:52","modified_gmt":"2022-03-09T07:35:52","slug":"freelancer-team","status":"publish","type":"page","link":"https:\/\/jeremyfekete.com\/en\/freelancer-team\/","title":{"rendered":"COOPERATION"},"content":{"rendered":"\n\n\t<p>&nbsp;<\/p>\n<p>&nbsp;<\/p>\n<h4>C A M E R A \u00a0 \u00a0O P E R A T O R<\/h4>\nJACOB SCHLESINGER<br \/>\n<a href=\"https:\/\/www.schlesinger-jacob.de\" target=\"_blank\" rel=\"noopener\"><strong>Jacob Schlesinger<\/strong><\/a>\nRASMUS SIEVERS<br \/>\n<strong><a href=\"http:\/\/www.rasmus-sievers.de\">Rasmus Sievers<\/a><\/strong>\nTORBEN M\u00dcLLER BVK.<br \/>\n<strong><a title=\"Torben M\u00fcller\" href=\"http:\/\/www.torbenmueller.de\" target=\"_blank\" rel=\"noopener noreferrer\">Torben M\u00fcller<\/a><\/strong>\nKAI ROST\u00c1SY BVK.<br \/>\n<strong><a title=\"Homepage\" href=\"http:\/\/www.kai-rostasy.com\/\" target=\"_blank\" rel=\"noopener noreferrer\">Kai Rost\u00e1sy<\/a><\/strong>\nL\u00dcR WANGENHEIM<br \/>\n<strong><a title=\"Filmportal\" href=\"http:\/\/www.filmportal.de\/person\/luer-wangenheim_f67d25798cb44995bd6084b226ee9d56\" target=\"_blank\" rel=\"noopener noreferrer\">L\u00fcr Wangenheim<\/a><\/strong>\nCHRISTOPH LERCH<br \/>\n<strong><a title=\"Christoph Lerch\" href=\"http:\/\/www.christophlerchdp.de\/Christoph_Lerch\/about.html\" target=\"_blank\" rel=\"noopener noreferrer\">Christoph Lerch<\/a><\/strong>\nMICHAEL MIEKE<br \/>\n<a title=\"homepage\" href=\"http:\/\/www.michaelmieke.com\/index.html#home\" target=\"_blank\" rel=\"noopener noreferrer\"><strong>Michael Mieke<\/strong>\u00a0<\/a>\nAXEL SCHNEPPAT<br \/>\n<strong><a title=\"Axel Schnappt HP\" href=\"http:\/\/www.axelschneppat.de\/home.html\" target=\"_blank\" rel=\"noopener noreferrer\">Axel Schneppat<\/a><\/strong>\nKLAUS STUHL<br \/>\n<strong><a title=\"crew united\" href=\"http:\/\/english.crew-united.com\/?show=memberdetail&amp;ID=93840\" target=\"_blank\" rel=\"noopener noreferrer\">Klaus Stuhl<\/a><\/strong>\nPIERRE FOURTILLAN<br \/>\n<strong><a title=\"Pierre Fourtillon\" href=\"http:\/\/aliothcam.com\" target=\"_blank\" rel=\"noopener noreferrer\">Pierre Fourtillan<\/a><\/strong>\n<p>&nbsp;<\/p>\n<h4><strong>E D I T O R\u00a0<\/strong><\/h4>\nCHRISTIAN R. TIMMANN<br \/>\n<strong><a title=\"Christian R. Timmann\" href=\"http:\/\/schnittmeister.berlin\" target=\"_blank\" rel=\"noopener noreferrer\">Christian R. Timmann<\/a><\/strong>\nROBERT HANDRICK<br \/>\n<strong><a title=\"Homepage\" href=\"http:\/\/roberthandrick.de\/\" target=\"_blank\" rel=\"noopener noreferrer\">Robert Handrick<\/a><\/strong>\nMIKE G\u00dcRGEN<br \/>\n<strong><a title=\"Filmportal\" href=\"http:\/\/www.filmportal.de\/person\/mike-guergen_7104d169f44e4967a6519da3e0618a3c\" target=\"_blank\" rel=\"noopener noreferrer\">Mike G\u00fcrgen<\/a><\/strong>\nMARKUS AHA<br \/>\n<strong><a title=\"Markus Aha\" href=\"http:\/\/www.aha-postproduction.de\/index.php?page=projects_en\" target=\"_blank\" rel=\"noopener noreferrer\">Markus Aha<\/a><\/strong>\n<p>\u00a0<\/p>\n<h4><strong>C O L O R I S T\u00a0<\/strong><\/h4>\nSIMON VERONEG<br \/>\n<strong><a href=\"https:\/\/www.imdb.com\/name\/nm5145755\/\">Simon Veroneg<\/a><\/strong>\nALEXANDRE SADOWSKY<br \/>\n<a href=\"http:\/\/www.clapclap.net\"><strong>Alexandre Sadowsky<\/strong><\/a>\nMATHIAS GECK<br \/>\n<strong><a title=\"Mathias Geck\" href=\"http:\/\/english.crew-united.com\/?show=memberdetail&amp;ID=105045\" target=\"_blank\" rel=\"noopener noreferrer\">Mathias Geck<\/a><\/strong>\nAUR\u00c9LIE LAUMONT<br \/>\n<a href=\"http:\/\/www.aurelielaumont-etalonnage.fr\"><strong>Aur\u00e9lie Laumont<\/strong><\/a>\nGUILHEM MAHIEU<br \/>\n<strong><a title=\"GUILHEM MAHIEU HOMEPAGE\" href=\"http:\/\/www.guilhemmahieu.com\" target=\"_blank\" rel=\"noopener noreferrer\">Guilhem Mahieu<\/a><\/strong>\nLUKAS KE\u00dfLER<br \/>\n<strong><a title=\"Lukas Ke\u00dfler\" href=\"http:\/\/english.crew-united.com\/?show=memberdetail&amp;ID=250671\" target=\"_blank\" rel=\"noopener noreferrer\">Lukas Ke\u00dfler<\/a><\/strong>\nNATALIE MAXIMOWA<br \/>\n<strong><a title=\"Natalie Maximowa\" href=\"http:\/\/www.imdb.com\/name\/nm2043269\/reference\" target=\"_blank\" rel=\"noopener noreferrer\">Natalie Maximowa<\/a><\/strong>\n<p>&nbsp;<\/p>\n<h4><strong>C O M P O S E R\u00a0<\/strong><\/h4>\nGR\u00c9CO CASADESUS<br \/>\n<strong><a title=\"Greco Casadesus\" href=\"http:\/\/www.greco-casadesus.com\" target=\"_blank\" rel=\"noopener noreferrer\">Gr\u00e9co Casadesus<\/a><\/strong>\nARNOLD KASAR<br \/>\n<strong><a title=\"Arnold Kasar\" href=\"http:\/\/kasarmusic.de\" target=\"_blank\" rel=\"noopener noreferrer\">Arnold Kasar<\/a><\/strong>\nLUTZ BODDENBERG &amp; JOCHEN PFENDER<br \/>\n<strong><a title=\"Pfender\/Boddenberg\" href=\"http:\/\/www.boddenbergmusic.de\/pfenderboddenberg\/Home_r.html\" target=\"_blank\" rel=\"noopener noreferrer\">Pfender \/ Boddenberg<\/a><\/strong>\nINGO LUDWIG FRENZEL<br \/>\n<strong><a title=\"Ingo Ludwig Frenzel\" href=\"http:\/\/www.ilfmusic.eu\/Soundart\/Start.html\" target=\"_blank\" rel=\"noopener noreferrer\">Ingo Ludwig Frenzel<\/a><\/strong>\nLARS L\u00d6HN<br \/>\n<strong><a title=\"Lars Loehn\" href=\"http:\/\/www.ludwig-loehn.de\" target=\"_blank\" rel=\"noopener noreferrer\">Lars Loehn<\/a><\/strong>\nKRIS STEININGER<br \/>\n<a href=\"http:\/\/pasdedeux.org\/#post-171\"><strong>Kris Steininger<\/strong><\/a>\n<p>&nbsp;<\/p>\n<h4><strong>G R A P H I C \u00a0 A R T I S T<\/strong><\/h4>\nJ\u00d6RGEN ENGDAHL<br \/>\n<strong><a href=\"http:\/\/www.thestrangestthing.com\/#showreel\">J\u00f6rgen Engdahl<\/a><\/strong>\nL\u00c9O PUEL<br \/>\n<strong><a href=\"http:\/\/cargocollective.com\/leopuel\">L\u00e9o Puel<\/a><\/strong>\nBEATRICE AUGEREAU<br \/>\n<strong>Beatrice Augereau<\/strong>\nCYRILLE SMAHA<br \/>\n<strong><a title=\"Cyrille Smaha\" href=\"https:\/\/vimeo.com\/csmaha\" target=\"_blank\" rel=\"noopener noreferrer\">Cyrille Smaha<\/a><\/strong>\n<p>&nbsp;<\/p>\n<h4><strong>DIRECTOR<\/strong><\/h4>\nNICO BEYER<br \/>\n<strong><a title=\"Homepage\" href=\"http:\/\/www.nicobeyer.com\/\" target=\"_blank\" rel=\"noopener noreferrer\">Nico Beyer<\/a><\/strong>\nGERO VON BOEHM<br \/>\n<strong><a title=\"wikipedia\" href=\"http:\/\/de.wikipedia.org\/wiki\/Gero_von_Boehm\" target=\"_blank\" rel=\"noopener noreferrer\">Gero von Boehm<\/a><\/strong>\n<p>\u00a0<\/p>\n\n","protected":false},"excerpt":{"rendered":"<p>&nbsp; &nbsp; C A M E R A \u00a0 \u00a0O P E R A T O R JACOB SCHLESINGER Jacob Schlesinger RASMUS SIEVERS Rasmus Sievers TORBEN M\u00dcLLER BVK. Torben M\u00fcller KAI ROST\u00c1SY BVK. Kai Rost\u00e1sy L\u00dcR WANGENHEIM L\u00fcr Wangenheim CHRISTOPH LERCH Christoph Lerch MICHAEL MIEKE Michael Mieke\u00a0 AXEL SCHNEPPAT Axel Schneppat KLAUS STUHL Klaus Stuhl &hellip; <\/p>\n<p class=\"link-more\"><a href=\"https:\/\/jeremyfekete.com\/en\/freelancer-team\/\" class=\"more-link\">Read more<span class=\"screen-reader-text\"> &#8220;COOPERATION&#8221;<\/span><\/a><\/p>\n","protected":false},"author":1,"featured_media":3498,"parent":0,"menu_order":0,"comment_status":"closed","ping_status":"closed","template":"","meta":{"footnotes":""},"class_list":["post-3170","page","type-page","status-publish","has-post-thumbnail","hentry"],"jetpack_sharing_enabled":true,"featured_media_urls":{"thumbnail":["https:\/\/jeremyfekete.com\/wp-content\/uploads\/2014\/08\/image1-e1646722476719-150x150.jpg",150,150,true],"medium":["https:\/\/jeremyfekete.com\/wp-content\/uploads\/2014\/08\/image1-e1646722476719-300x100.jpg",300,100,true],"medium_large":["https:\/\/jeremyfekete.com\/wp-content\/uploads\/2014\/08\/image1-e1646722476719-768x255.jpg",768,255,true],"large":["https:\/\/jeremyfekete.com\/wp-content\/uploads\/2014\/08\/image1-e1646722476719-1024x340.jpg",950,315,true],"1536x1536":["https:\/\/jeremyfekete.com\/wp-content\/uploads\/2014\/08\/image1-e1646722476719-1536x510.jpg",1536,510,true],"2048x2048":["https:\/\/jeremyfekete.com\/wp-content\/uploads\/2014\/08\/image1-e1646722476719-2048x680.jpg",2048,680,true],"inspiro-featured-image":["https:\/\/jeremyfekete.com\/wp-content\/uploads\/2014\/08\/image1-e1646722476719-2000x664.jpg",2000,664,true],"inspiro-loop":["https:\/\/jeremyfekete.com\/wp-content\/uploads\/2014\/08\/image1-e1646722476719-950x320.jpg",950,320,true],"inspiro-loop@2x":["https:\/\/jeremyfekete.com\/wp-content\/uploads\/2014\/08\/image1-e1646722476719-1900x640.jpg",1900,640,true],"portfolio_item-thumbnail":["https:\/\/jeremyfekete.com\/wp-content\/uploads\/2014\/08\/image1-e1646722476719-600x400.jpg",600,400,true],"portfolio_item-thumbnail@2x":["https:\/\/jeremyfekete.com\/wp-content\/uploads\/2014\/08\/image1-e1646722476719-1200x800.jpg",1200,800,true],"portfolio_item-masonry":["https:\/\/jeremyfekete.com\/wp-content\/uploads\/2014\/08\/image1-e1646722476719-600x199.jpg",600,199,true],"portfolio_item-masonry@2x":["https:\/\/jeremyfekete.com\/wp-content\/uploads\/2014\/08\/image1-e1646722476719-1200x399.jpg",1200,399,true],"portfolio_item-thumbnail_cinema":["https:\/\/jeremyfekete.com\/wp-content\/uploads\/2014\/08\/image1-e1646722476719-800x335.jpg",800,335,true],"portfolio_item-thumbnail_portrait":["https:\/\/jeremyfekete.com\/wp-content\/uploads\/2014\/08\/image1-e1646722476719-600x861.jpg",600,861,true],"portfolio_item-thumbnail_portrait@2x":["https:\/\/jeremyfekete.com\/wp-content\/uploads\/2014\/08\/image1-e1646722476719-1200x861.jpg",1200,861,true],"portfolio_item-thumbnail_square":["https:\/\/jeremyfekete.com\/wp-content\/uploads\/2014\/08\/image1-e1646722476719-800x800.jpg",800,800,true]},"_links":{"self":[{"href":"https:\/\/jeremyfekete.com\/en\/wp-json\/wp\/v2\/pages\/3170","targetHints":{"allow":["GET"]}}],"collection":[{"href":"https:\/\/jeremyfekete.com\/en\/wp-json\/wp\/v2\/pages"}],"about":[{"href":"https:\/\/jeremyfekete.com\/en\/wp-json\/wp\/v2\/types\/page"}],"author":[{"embeddable":true,"href":"https:\/\/jeremyfekete.com\/en\/wp-json\/wp\/v2\/users\/1"}],"replies":[{"embeddable":true,"href":"https:\/\/jeremyfekete.com\/en\/wp-json\/wp\/v2\/comments?post=3170"}],"version-history":[{"count":0,"href":"https:\/\/jeremyfekete.com\/en\/wp-json\/wp\/v2\/pages\/3170\/revisions"}],"wp:featuredmedia":[{"embeddable":true,"href":"https:\/\/jeremyfekete.com\/en\/wp-json\/wp\/v2\/media\/3498"}],"wp:attachment":[{"href":"https:\/\/jeremyfekete.com\/en\/wp-json\/wp\/v2\/media?parent=3170"}],"curies":[{"name":"wp","href":"https:\/\/api.w.org\/{rel}","templated":true}]}}