{"id":3185,"date":"2014-04-01T21:09:53","date_gmt":"2014-04-01T19:09:53","guid":{"rendered":"http:\/\/jeremyfekete.com\/?page_id=3185"},"modified":"2023-01-31T14:37:40","modified_gmt":"2023-01-31T12:37:40","slug":"site-notice","status":"publish","type":"page","link":"https:\/\/jeremyfekete.com\/en\/site-notice\/","title":{"rendered":"SITE NOTICE"},"content":{"rendered":"<p style=\"text-align: center;\"><span style=\"color: #888888;\">RESPONSIBLE FOR ALL CONTENT ON THIS WEBSITE<\/span><\/p>\n<p style=\"text-align: center;\"><span style=\"color: #888888;\">JEREMY J.P. FEKETE<\/span><br \/>\n<span style=\"color: #888888;\"> FON: +49 (0) 179 \/ 200 71 72<\/span><br \/>\n<span style=\"color: #888888;\"> MAIL: JEREMY.FEKETE@YAHOO.DE<\/span><\/p>\n<p style=\"text-align: center;\"><span style=\"color: #888888;\">HAFTUNGSAUSSCHLUSS (DISCLAIMER)<\/span><\/p>\n<p style=\"text-align: center;\"><span style=\"color: #888888;\">HAFTUNG F\u00dcR INHALTE<\/span><br \/>\n<span style=\"color: #888888;\"> DIE INHALTE UNSERER SEITEN WURDEN MIT GR\u00d6\u00dfTER SORGFALT ERSTELLT. F\u00dcR DIE RICHTIGKEIT, VOLLST\u00c4NDIGKEIT UND AKTUALIT\u00c4T DER INHALTE K\u00d6NNEN WIR JEDOCH KEINE GEW\u00c4HR \u00dcBERNEHMEN.<\/span><\/p>\n<p style=\"text-align: center;\"><span style=\"color: #888888;\">ALS DIENSTANBIETER SIND WIR GEM\u00c4\u00df \u00a7 7 ABS. 1 TMG F\u00dcR EIGENE INHALTE AUF DIESEN SEITEN NACH DEN ALLGEMEINEN GESETZEN VERANTWORTLICH. NACH \u00a7\u00a7 8 BIS 10 TMG SIND WIR ALS DIENSTANBIETER JEDOCH NICHT VERPFLICHTET, \u00dcBERMITTELTE ODER GESPEICHERTE FREMDE INFORMATIONEN ZU \u00dcBERWACHEN ODER NACH UMST\u00c4NDEN ZU FORSCHEN, DIE AUF EINE RECHTSWIDRIGE T\u00c4TIGKEIT HINWEISEN. VERPFLICHTUNGEN ZUR ENTFERNUNG ODER SPERRUNG DER NUTZUNG VON INFORMATIONEN NACH DEN ALLGEMEINEN GESETZEN BLEIBEN HIERVON UNBER\u00dcHRT. EINE DIESBEZ\u00dcGLICHE HAFTUNG IST JEDOCH ERST AB DEM ZEITPUNKT DER KENNTNIS EINER KONKRETEN RECHTSVERLETZUNG M\u00d6GLICH. BEI BEKANNT WERDEN VON ENTSPRECHENDEN RECHTSVERLETZUNGEN WERDEN WIR DIESE INHALTE UMGEHEND ENTFERNEN.<\/span><\/p>\n<p style=\"text-align: center;\"><span style=\"color: #888888;\">HAFTUNG F\u00dcR LINKS<\/span><br \/>\n<span style=\"color: #888888;\"> UNSER ANGEBOT ENTH\u00c4LT LINKS ZU EXTERNEN WEBSEITEN DRITTER, AUF DEREN INHALTE WIR KEINEN EINFLUSS HABEN. DESHALB K\u00d6NNEN WIR F\u00dcR DIESE FREMDEN INHALTE AUCH KEINE GEW\u00c4HRUNG \u00dcBERNEHMEN. F\u00dcR DIE INHALTE DER VERLINKTEN SEITEN IST STETS DER JEWEILIGE ANBIETER ODER BETREIBER DER SEITEN VERANTWORTLICH. DIE VERLINKTEN SEITEN WURDEN ZUM ZEITPUNKT DER VERLINKUNG AUF M\u00d6GLICHE RECHTSVERST\u00d6\u00dfE \u00dcBERPR\u00dcFT. RECHTSWIDRIGE INHALTE WAREN ZUM ZEITPUNKT DER VERLINKUNG NICHT ERKENNBAR. EINE PERMANENTE INHALTLICHE KONTROLLE DER VERLINKTEN SEITEN IST JEDOCH OHNE KONKRETE ANHALTSPUNKTE EINER RECHTVERLETZUNG NICHT ZUMUTBAR. BEI BEKANNT WERDEN VON RECHTSVERLETZUNGEN WERDEN WIR DERARTIGE LINKS UMGEHEND ENTFERNEN.<\/span><\/p>\n<p style=\"text-align: center;\"><span style=\"color: #888888;\">URHEBERRECHT<\/span><br \/>\n<span style=\"color: #888888;\"> DIE DURCH DIE SEITENBETREIBER ERSTELLTEN INHALTE UND WERKE AUF DIESEN SEITEN UNTERLIEGEN DEM DEUTSCHEN URHEBERRECHT. BEITR\u00c4GE DRITTER SIND ALS SOLCHE GEKENNZEICHNET. DIE VERVIELF\u00c4LTIGUNG, BEARBEITUNG, VERBREITUNG UND JEDE ART DER VERWERTUNG AU\u00dfERHALB DER GRENZEN DES URHEBERRECHTS BED\u00dcRFEN DER SCHRIFTLICHEN ZUSTIMMUNG DES JEWEILIGEN AUTORS BZW. ERSTELLERS. DOWNLOADS UND KOPIEREN DIESER SEITE SIND NUR F\u00dcR DEN PRIVATEN, NICHT KOMMERZIELLEN GEBRAUCH GESTATTET.<\/span><\/p>\n<p style=\"text-align: center;\"><span style=\"color: #888888;\">DIE BETREIBER DER SEITEN SIND BEM\u00dcHT, STETS DIE URHEBERRECHTE ANDERER ZU BEACHTEN BZW. AUF SELBST ERSTELLTE SOWIE LIZENZFREIE WERKE ZUR\u00dcCKZUGREIFEN.<\/span><\/p>\n<p style=\"text-align: center;\"><span style=\"color: #888888;\">DATENSCHUTZ<\/span><br \/>\n<span style=\"color: #888888;\"> SOWEIT AUF UNSEREN SEITEN PERSONENBEZOGENE DATEN (BEISPIELSWEISE NAME, ANSCHRIFT ODER EMAIL-ADRESSEN) ERHOBEN WERDEN, ERFOLGT DIES SOWEIT M\u00d6GLICH STETS AUF FREIWILLIGER BASIS. DIE NUTZUNG DER ANGEBOTE UND DIENSTE IST, SOWEIT M\u00d6GLICH, STETS OHNE ANGABE PERSONENBEZOGENER DATEN M\u00d6GLICH.<\/span><\/p>\n<p style=\"text-align: center;\"><span style=\"color: #888888;\">WIR WEISEN DARAUF HIN, DASS DIE DATEN\u00dcBERTRAGUNG IM INTERNET (Z.B. BEI DER KOMMUNIKATION PER E-MAIL) SICHERHEITSL\u00dcCKEN AUFWEISEN KANN. EIN L\u00dcCKENLOSER SCHUTZ DER DATEN VOR DEM ZUGRIFF DURCH DRITTE IST NICHT M\u00d6GLICH.<\/span><\/p>\n<p style=\"text-align: center;\"><span style=\"color: #888888;\">DER NUTZUNG VON IM RAHMEN DER IMPRESSUMSPFLICHT VER\u00d6FFENTLICHTEN KONTAKTDATEN DURCH DRITTE ZUR \u00dcBERSENDUNG VON NICHT AUSDR\u00dcCKLICH ANGEFORDERTER WERBUNG UND INFORMATIONSMATERIALIEN WIRD HIERMIT AUSDR\u00dcCKLICH WIDERSPROCHEN. DIE BETREIBER DER SEITEN BEHALTEN SICH AUSDR\u00dcCKLICH RECHTLICHE SCHRITTE IM FALLE DER UNVERLANGTEN ZUSENDUNG VON WERBEINFORMATIONEN, ETWA DURCH SPAM-MAILS, VOR.<\/span><\/p>\n<p style=\"text-align: center;\">\n","protected":false},"excerpt":{"rendered":"<p>RESPONSIBLE FOR ALL CONTENT ON THIS WEBSITE JEREMY J.P. FEKETE FON: +49 (0) 179 \/ 200 71 72 MAIL: JEREMY.FEKETE@YAHOO.DE HAFTUNGSAUSSCHLUSS (DISCLAIMER) HAFTUNG F\u00dcR INHALTE DIE INHALTE UNSERER SEITEN WURDEN MIT GR\u00d6\u00dfTER SORGFALT ERSTELLT. F\u00dcR DIE RICHTIGKEIT, VOLLST\u00c4NDIGKEIT UND AKTUALIT\u00c4T DER INHALTE K\u00d6NNEN WIR JEDOCH KEINE GEW\u00c4HR \u00dcBERNEHMEN. ALS DIENSTANBIETER SIND WIR GEM\u00c4\u00df \u00a7 7 &hellip; <\/p>\n<p class=\"link-more\"><a href=\"https:\/\/jeremyfekete.com\/en\/site-notice\/\" class=\"more-link\">Read more<span class=\"screen-reader-text\"> &#8220;SITE NOTICE&#8221;<\/span><\/a><\/p>\n","protected":false},"author":1,"featured_media":0,"parent":0,"menu_order":0,"comment_status":"closed","ping_status":"closed","template":"","meta":{"footnotes":""},"class_list":["post-3185","page","type-page","status-publish","hentry"],"jetpack_sharing_enabled":true,"featured_media_urls":[],"_links":{"self":[{"href":"https:\/\/jeremyfekete.com\/en\/wp-json\/wp\/v2\/pages\/3185","targetHints":{"allow":["GET"]}}],"collection":[{"href":"https:\/\/jeremyfekete.com\/en\/wp-json\/wp\/v2\/pages"}],"about":[{"href":"https:\/\/jeremyfekete.com\/en\/wp-json\/wp\/v2\/types\/page"}],"author":[{"embeddable":true,"href":"https:\/\/jeremyfekete.com\/en\/wp-json\/wp\/v2\/users\/1"}],"replies":[{"embeddable":true,"href":"https:\/\/jeremyfekete.com\/en\/wp-json\/wp\/v2\/comments?post=3185"}],"version-history":[{"count":0,"href":"https:\/\/jeremyfekete.com\/en\/wp-json\/wp\/v2\/pages\/3185\/revisions"}],"wp:attachment":[{"href":"https:\/\/jeremyfekete.com\/en\/wp-json\/wp\/v2\/media?parent=3185"}],"curies":[{"name":"wp","href":"https:\/\/api.w.org\/{rel}","templated":true}]}}