{"id":3190,"date":"2014-04-01T21:09:29","date_gmt":"2014-04-01T19:09:29","guid":{"rendered":"http:\/\/jeremyfekete.com\/?page_id=3190"},"modified":"2022-03-08T08:21:03","modified_gmt":"2022-03-08T06:21:03","slug":"sender-produktionsfirmen","status":"publish","type":"page","link":"https:\/\/jeremyfekete.com\/en\/sender-produktionsfirmen\/","title":{"rendered":"REFERENCES"},"content":{"rendered":"\n\n\t<p>&nbsp;<\/p>\n<p>S E L E C T I O N<\/p>\n<p>&nbsp;<\/p>\n<p><strong>INTERNATIONAL BROADCASTER\u00a0\u00a0<\/strong> \u00a0 \u00a0 \u00a0 \u00a0 \u00a0 \u00a0 \u00a0 \u00a0 \u00a0 \u00a0 \u00a0 \u00a0 \u00a0 \u00a0 \u00a0 \u00a0 \u00a0 \u00a0 \u00a0 \u00a0 \u00a0 <strong>GERMANY, \u00a0FRANCE<\/strong><\/p>\n<p><a title=\"facebook\" href=\"https:\/\/www.facebook.com\/artetv?fref=ts\" target=\"_blank\" rel=\"noopener noreferrer\">ARTE<\/a>\u00a0 \u00a0 \u00a0 \u00a0 \u00a0 \u00a0 \u00a0 \u00a0 \u00a0 \u00a0 \u00a0 \u00a0 \u00a0 \u00a0 \u00a0 \u00a0 \u00a0 \u00a0 \u00a0 \u00a0 \u00a0 \u00a0 \u00a0 \u00a0 \u00a0 \u00a0 \u00a0 \u00a0 \u00a0 \u00a0 \u00a0 \u00a0 \u00a0 \u00a0 \u00a0 \u00a0 \u00a0 \u00a0 \u00a0 \u00a0 \u00a0 \u00a0 \u00a0 \u00a0 \u00a0 \u00a0 \u00a0 \u00a0 ASSOCIATION RELATIVE \u00c0 LA T\u00c9L\u00c9VISION EUROP\u00c9ENNE<\/p>\n<p><a title=\"facebook\" href=\"https:\/\/www.facebook.com\/ZDF?fref=ts\" target=\"_blank\" rel=\"noopener noreferrer\">ZDF<\/a>\u00a0 \u00a0 \u00a0 \u00a0 \u00a0 \u00a0 \u00a0 \u00a0 \u00a0 \u00a0 \u00a0 \u00a0 \u00a0 \u00a0 \u00a0 \u00a0 \u00a0 \u00a0 \u00a0 \u00a0 \u00a0 \u00a0 \u00a0 \u00a0 \u00a0 \u00a0 \u00a0 \u00a0 \u00a0 \u00a0 \u00a0 \u00a0 \u00a0 \u00a0 \u00a0 \u00a0 \u00a0 \u00a0 \u00a0 \u00a0 \u00a0 \u00a0 \u00a0 \u00a0 \u00a0 \u00a0 \u00a0 \u00a0 \u00a0 ZWEITES DEUTSCHES FERNSEHEN<\/p>\n<p><a title=\"facebook\" href=\"https:\/\/www.facebook.com\/ARD?fref=ts\" target=\"_blank\" rel=\"noopener noreferrer\">ARD<\/a>\u00a0 \u00a0 \u00a0 \u00a0 \u00a0 \u00a0 \u00a0 \u00a0 \u00a0 \u00a0 \u00a0 \u00a0 \u00a0 \u00a0 \u00a0 \u00a0 \u00a0 \u00a0 \u00a0 \u00a0 \u00a0 \u00a0 \u00a0 \u00a0 \u00a0 \u00a0 \u00a0 \u00a0 \u00a0 \u00a0 \u00a0 \u00a0 \u00a0 \u00a0 \u00a0 \u00a0 \u00a0 \u00a0 \u00a0 \u00a0 \u00a0 \u00a0 \u00a0 \u00a0 \u00a0 \u00a0 \u00a0 \u00a0 \u00a0 ARBEITSGEMEINSCHAFT\u00a0DER \u00d6FFENTLICH-RECHTLICHEN<\/p>\n<p>\u00a0 \u00a0 \u00a0 \u00a0 \u00a0 \u00a0 \u00a0 \u00a0 \u00a0 \u00a0 \u00a0 \u00a0 \u00a0 \u00a0 \u00a0 \u00a0 \u00a0 \u00a0 \u00a0 \u00a0 \u00a0 \u00a0 \u00a0 \u00a0 \u00a0 \u00a0 \u00a0 \u00a0 \u00a0 \u00a0 \u00a0 \u00a0 \u00a0 \u00a0 \u00a0 \u00a0 \u00a0 \u00a0 \u00a0 \u00a0 \u00a0 \u00a0 \u00a0 \u00a0 \u00a0 \u00a0 \u00a0 \u00a0 \u00a0 \u00a0 \u00a0 \u00a0 \u00a0 RUNDFUNKANSTALTEN\u00a0DER\u00a0BUNDESREPUBLIK\u00a0DEUTSCHLAND<\/p>\n<p><a href=\"https:\/\/www.ardmediathek.de\/swr\/live\/Y3JpZDovL3N3ci5kZS8xMzQ4MTA0Mg\">SWR<\/a>\u00a0 \u00a0 \u00a0 \u00a0 \u00a0 \u00a0 \u00a0 \u00a0 \u00a0 \u00a0 \u00a0 \u00a0 \u00a0 \u00a0 \u00a0 \u00a0 \u00a0 \u00a0 \u00a0 \u00a0 \u00a0 \u00a0 \u00a0 \u00a0 \u00a0 \u00a0 \u00a0 \u00a0 \u00a0 \u00a0 \u00a0 \u00a0 \u00a0 \u00a0 \u00a0 \u00a0 \u00a0 \u00a0 \u00a0 \u00a0 \u00a0 \u00a0 \u00a0 \u00a0 \u00a0 \u00a0 \u00a0 \u00a0 \u00a0ARBEITSGEMEINSCHAFT\u00a0DER \u00d6FFENTLICH-RECHTLICHEN<\/p>\n<p>\u00a0 \u00a0 \u00a0 \u00a0 \u00a0 \u00a0 \u00a0 \u00a0 \u00a0 \u00a0 \u00a0 \u00a0 \u00a0 \u00a0 \u00a0 \u00a0 \u00a0 \u00a0 \u00a0 \u00a0 \u00a0 \u00a0 \u00a0 \u00a0 \u00a0 \u00a0 \u00a0 \u00a0 \u00a0 \u00a0 \u00a0 \u00a0 \u00a0 \u00a0 \u00a0 \u00a0 \u00a0 \u00a0 \u00a0 \u00a0 \u00a0 \u00a0 \u00a0 \u00a0 \u00a0 \u00a0 \u00a0 \u00a0 \u00a0 \u00a0 \u00a0 \u00a0 \u00a0 RUNDFUNKANSTALTEN\u00a0DER\u00a0BUNDESREPUBLIK\u00a0DEUTSCHLAND<\/p>\n<p><a title=\"PHOENIX\" href=\"http:\/\/www.phoenix.de\/content\/phoenix\/start\" target=\"_blank\" rel=\"noopener noreferrer\">PHOENIX<\/a>\u00a0 \u00a0 \u00a0 \u00a0 \u00a0 \u00a0 \u00a0 \u00a0 \u00a0 \u00a0 \u00a0 \u00a0 \u00a0 \u00a0 \u00a0 \u00a0 \u00a0 \u00a0 \u00a0 \u00a0 \u00a0 \u00a0 \u00a0 \u00a0 \u00a0 \u00a0 \u00a0 \u00a0 \u00a0 \u00a0 \u00a0 \u00a0 \u00a0 \u00a0 \u00a0 \u00a0 \u00a0 \u00a0 \u00a0 \u00a0 \u00a0 \u00a0 \u00a0 \u00a0 \u00a0KOOPERATIONSSENDER VON ARD UND ZDF<\/p>\n<p><a title=\"3SAT\" href=\"http:\/\/www.3sat.de\/index.html\" target=\"_blank\" rel=\"noopener noreferrer\">3SAT<\/a>\u00a0 \u00a0 \u00a0 \u00a0 \u00a0 \u00a0 \u00a0 \u00a0 \u00a0 \u00a0 \u00a0 \u00a0 \u00a0 \u00a0 \u00a0 \u00a0 \u00a0 \u00a0 \u00a0 \u00a0 \u00a0 \u00a0 \u00a0 \u00a0 \u00a0 \u00a0 \u00a0 \u00a0 \u00a0 \u00a0 \u00a0 \u00a0 \u00a0 \u00a0 \u00a0 \u00a0 \u00a0 \u00a0 \u00a0 \u00a0 \u00a0 \u00a0 \u00a0 \u00a0 \u00a0 \u00a0 \u00a0 \u00a0 GEMEINSCHAFTSSENDER VON ARD, ZDF, ORF, SRG<\/p>\n<p><a href=\"https:\/\/www.ardmediathek.de\/tv\/Deutsche-Welle\/live?kanal=5876\">DW<\/a>\u00a0 \u00a0 \u00a0 \u00a0 \u00a0 \u00a0 \u00a0 \u00a0 \u00a0 \u00a0 \u00a0 \u00a0 \u00a0 \u00a0 \u00a0 \u00a0 \u00a0 \u00a0 \u00a0 \u00a0 \u00a0 \u00a0 \u00a0 \u00a0 \u00a0 \u00a0 \u00a0 \u00a0 \u00a0 \u00a0 \u00a0 \u00a0 \u00a0 \u00a0 \u00a0 \u00a0 \u00a0 \u00a0 \u00a0 \u00a0 \u00a0 \u00a0 \u00a0 \u00a0 \u00a0 \u00a0 \u00a0 \u00a0 \u00a0 \u00a0(STAATLICHER AUSLANDSRUNDFUNK) DER ARD<\/p>\n<p>&nbsp;<\/p>\n<p><strong>PURCHASES\/CO-PRODUCTIONS<\/strong> \u00a0 \u00a0 \u00a0 \u00a0 \u00a0 \u00a0 \u00a0 \u00a0 \u00a0 \u00a0 \u00a0 \u00a0 \u00a0 \u00a0 \u00a0 \u00a0 \u00a0 \u00a0 \u00a0 \u00a0 \u00a0 \u00a0<strong>ITALY, PORTUGAL, ENGLAND<\/strong><\/p>\n<p><strong>\u00a0 \u00a0 \u00a0 \u00a0 \u00a0 \u00a0 \u00a0 \u00a0 \u00a0 \u00a0 \u00a0 \u00a0 \u00a0 \u00a0 \u00a0 \u00a0 \u00a0 \u00a0 \u00a0 \u00a0 \u00a0 \u00a0 \u00a0 \u00a0 \u00a0 \u00a0 \u00a0 \u00a0 \u00a0 \u00a0 \u00a0 \u00a0 \u00a0 \u00a0 \u00a0 \u00a0 \u00a0 \u00a0 \u00a0 \u00a0 \u00a0 \u00a0 \u00a0 \u00a0 \u00a0 \u00a0 \u00a0 \u00a0 \u00a0 \u00a0 \u00a0 \u00a0 \u00a0 \u00a0 \u00a0 \u00a0 \u00a0 \u00a0FRANCE, SWITZERLAND, AUSTRIA, BELGIUM<\/strong><\/p>\n<p>&nbsp;<\/p>\n<p><a href=\"https:\/\/www2.netflix.com\/de\/title\/80150157\">NETFLIX<\/a>\u00a0 \u00a0 \u00a0 \u00a0 \u00a0 \u00a0 \u00a0 \u00a0 \u00a0 \u00a0 \u00a0 \u00a0 \u00a0 \u00a0 \u00a0 \u00a0 \u00a0 \u00a0 \u00a0 \u00a0 \u00a0 \u00a0 \u00a0 \u00a0 \u00a0 \u00a0 \u00a0 \u00a0 \u00a0 \u00a0 \u00a0 \u00a0 \u00a0 \u00a0 \u00a0 \u00a0 \u00a0 \u00a0 \u00a0 \u00a0 \u00a0 \u00a0 \u00a0 \u00a0 \u00a0STREAMING PORTAL \/ VIDEO-ON-DEMAND<\/p>\n<p><a href=\"https:\/\/www.servustv.com\/de\/Medien\/Europas-legendaere-Routen\">SERVUS TV \u00a0 <\/a>\u00a0 \u00a0 \u00a0 \u00a0 \u00a0 \u00a0 \u00a0 \u00a0 \u00a0 \u00a0 \u00a0 \u00a0 \u00a0 \u00a0 \u00a0 \u00a0 \u00a0 \u00a0 \u00a0 \u00a0 \u00a0 \u00a0 \u00a0 \u00a0 \u00a0 \u00a0 \u00a0 \u00a0 \u00a0 \u00a0 \u00a0 \u00a0 \u00a0 \u00a0 \u00a0 \u00a0 \u00a0 \u00a0 \u00a0 \u00a0 \u00a0PRIVATSENDER RED BULL \u00d6STERREICH<\/p>\n<p><a title=\"ORF\" href=\"http:\/\/orf.at\" target=\"_blank\" rel=\"noopener noreferrer\">ORF<\/a>\u00a0 \u00a0 \u00a0 \u00a0 \u00a0 \u00a0 \u00a0 \u00a0 \u00a0 \u00a0 \u00a0 \u00a0 \u00a0 \u00a0 \u00a0 \u00a0 \u00a0 \u00a0 \u00a0 \u00a0 \u00a0 \u00a0 \u00a0 \u00a0 \u00a0 \u00a0 \u00a0 \u00a0 \u00a0 \u00a0 \u00a0 \u00a0 \u00a0 \u00a0 \u00a0 \u00a0 \u00a0 \u00a0 \u00a0 \u00a0 \u00a0 \u00a0 \u00a0 \u00a0 \u00a0 \u00a0 \u00a0 \u00a0 \u00a0\u00d6STERREICHISCHER RUNDFUNK<\/p>\n<p><a title=\"Homepage\" href=\"http:\/\/www.rai.tv\" target=\"_blank\" rel=\"noopener noreferrer\">RAI<\/a>\u00a0 \u00a0 \u00a0 \u00a0 \u00a0 \u00a0 \u00a0 \u00a0 \u00a0 \u00a0 \u00a0 \u00a0 \u00a0 \u00a0 \u00a0 \u00a0 \u00a0 \u00a0 \u00a0 \u00a0 \u00a0 \u00a0 \u00a0 \u00a0 \u00a0 \u00a0 \u00a0 \u00a0 \u00a0 \u00a0 \u00a0 \u00a0 \u00a0 \u00a0 \u00a0 \u00a0 \u00a0 \u00a0 \u00a0 \u00a0 \u00a0 \u00a0 \u00a0 \u00a0 \u00a0 \u00a0 \u00a0 \u00a0 \u00a0 \u00a0RADIO TELEVISIONE ITALIANA<\/p>\n<p><a title=\"Homepage\" href=\"http:\/\/www.rtp.pt\/homepage\/\" target=\"_blank\" rel=\"noopener noreferrer\">RTP2<\/a>\u00a0 \u00a0 \u00a0 \u00a0 \u00a0 \u00a0 \u00a0 \u00a0 \u00a0 \u00a0 \u00a0 \u00a0 \u00a0 \u00a0 \u00a0 \u00a0 \u00a0 \u00a0 \u00a0 \u00a0 \u00a0 \u00a0 \u00a0 \u00a0 \u00a0 \u00a0 \u00a0 \u00a0 \u00a0 \u00a0 \u00a0 \u00a0 \u00a0 \u00a0 \u00a0 \u00a0 \u00a0 \u00a0 \u00a0 \u00a0 \u00a0 \u00a0 \u00a0 \u00a0 \u00a0 \u00a0 \u00a0 \u00a0R\u00c1DIO E TELEVISAO DE PORTUGAL<\/p>\n<p><a title=\"Homepage\" href=\"http:\/\/www.bbc.co.uk\" target=\"_blank\" rel=\"noopener noreferrer\">BBC<\/a>\u00a0 \u00a0 \u00a0 \u00a0 \u00a0 \u00a0 \u00a0 \u00a0 \u00a0 \u00a0 \u00a0 \u00a0 \u00a0 \u00a0 \u00a0 \u00a0 \u00a0 \u00a0 \u00a0 \u00a0 \u00a0 \u00a0 \u00a0 \u00a0 \u00a0 \u00a0 \u00a0 \u00a0 \u00a0 \u00a0 \u00a0 \u00a0 \u00a0 \u00a0 \u00a0 \u00a0 \u00a0 \u00a0 \u00a0 \u00a0 \u00a0 \u00a0 \u00a0 \u00a0 \u00a0 \u00a0 \u00a0 \u00a0 \u00a0BRITISH BROADCASTING CORPORATION<\/p>\n<p><a title=\"Homepage\" href=\"http:\/\/www.srgssr.ch\" target=\"_blank\" rel=\"noopener noreferrer\">SRG SSR<\/a>\u00a0 \u00a0 \u00a0 \u00a0 \u00a0 \u00a0 \u00a0 \u00a0 \u00a0 \u00a0 \u00a0 \u00a0 \u00a0 \u00a0 \u00a0 \u00a0 \u00a0 \u00a0 \u00a0 \u00a0 \u00a0 \u00a0 \u00a0 \u00a0 \u00a0 \u00a0 \u00a0 \u00a0 \u00a0 \u00a0 \u00a0 \u00a0 \u00a0 \u00a0 \u00a0 \u00a0 \u00a0 \u00a0 \u00a0 \u00a0 \u00a0 \u00a0 \u00a0 \u00a0 \u00a0SCHWEIZERISCHE RADIO- UND FERNSEHGESELLSCHAFT<\/p>\n<p><a title=\"Homepage\" href=\"http:\/\/www.france5.fr\" target=\"_blank\" rel=\"noopener noreferrer\">FRANCE 5<\/a>\u00a0 \u00a0 \u00a0 \u00a0 \u00a0 \u00a0 \u00a0 \u00a0 \u00a0 \u00a0 \u00a0 \u00a0 \u00a0 \u00a0 \u00a0 \u00a0 \u00a0 \u00a0 \u00a0 \u00a0 \u00a0 \u00a0 \u00a0 \u00a0 \u00a0 \u00a0 \u00a0 \u00a0 \u00a0 \u00a0 \u00a0 \u00a0 \u00a0 \u00a0 \u00a0 \u00a0 \u00a0 \u00a0 \u00a0 \u00a0 \u00a0 \u00a0 \u00a0 \u00a0FRANCE T\u00c9L\u00c9VISIONS<\/p>\n<p><a href=\"https:\/\/www.een.be\">\u00c9\u00c9N<\/a>\u00a0 \u00a0 \u00a0 \u00a0 \u00a0 \u00a0 \u00a0 \u00a0 \u00a0 \u00a0 \u00a0 \u00a0 \u00a0 \u00a0 \u00a0 \u00a0 \u00a0 \u00a0 \u00a0 \u00a0 \u00a0 \u00a0 \u00a0 \u00a0 \u00a0 \u00a0 \u00a0 \u00a0 \u00a0 \u00a0 \u00a0 \u00a0 \u00a0 \u00a0 \u00a0 \u00a0 \u00a0 \u00a0 \u00a0 \u00a0 \u00a0 \u00a0 \u00a0 \u00a0 \u00a0 \u00a0 \u00a0 \u00a0 \u00a0BELGIUM T\u00c9L\u00c9VISIONS<\/p>\n<p>&nbsp;<\/p>\n<p><strong>INTERNATIONAL PRODUCTION COMPANIES\u00a0<\/strong>\u00a0 \u00a0 \u00a0 \u00a0 \u00a0 \u00a0 \u00a0 \u00a0 \u00a0 \u00a0 \u00a0 <strong>BERLIN, BREMEN, LEIPZIG, MAINZ, HAMBURG<\/strong><\/p>\n<p><strong>\u00a0 \u00a0 \u00a0 \u00a0 \u00a0 \u00a0 \u00a0 \u00a0 \u00a0 \u00a0 \u00a0 \u00a0 \u00a0 \u00a0 \u00a0 \u00a0 \u00a0 \u00a0 \u00a0 \u00a0 \u00a0 \u00a0 \u00a0 \u00a0 \u00a0 \u00a0 \u00a0 \u00a0 \u00a0 \u00a0 \u00a0 \u00a0 \u00a0 \u00a0 \u00a0 \u00a0 \u00a0 \u00a0 \u00a0 \u00a0 \u00a0 \u00a0 \u00a0 \u00a0 \u00a0 \u00a0 \u00a0 \u00a0 \u00a0 \u00a0 \u00a0 \u00a0 \u00a0 \u00a0 \u00a0 \u00a0 \u00a0 TURIN, \u00a0PARIS, \u00a0LISSABON, BUDAPEST, ANTWERPEN, LONDON<\/strong><\/p>\n<p><strong>\u00a0<\/strong><\/p>\n<a href=\"http:\/\/www.adirector.eu\">ASSOCIATE DIRECTORS<\/a><br \/>\n<a title=\"Homepage\" href=\"http:\/\/www.bremedia-produktion.de\/\" target=\"_blank\" rel=\"noopener noreferrer\">BREMEDIA PRODUKTION<\/a><br \/>\n<a title=\"Homepage\" href=\"http:\/\/www.cine-plus.de\/\" target=\"_blank\" rel=\"noopener noreferrer\">CINE PLUS FILMPRODUKTION GMBH<\/a><br \/>\n<a title=\"Homepage\" href=\"http:\/\/www.crim-productions.com\/television\/castelos-e-pal%C3%A1cios-da-europa\/\" target=\"_blank\" rel=\"noopener noreferrer\">C.R.I.M. PRODUCTIONS<\/a><br \/>\n<a title=\"GEBR\u00dcDER BEETZ FILMPRODUKTION\" href=\"http:\/\/www.gebrueder-beetz.de\/produktionen\/tankstellen-des-gluecks\" target=\"_blank\" rel=\"noopener noreferrer\">GEBR\u00dcDER BEETZ FILMPRODUKTION<\/a><br \/>\n<a title=\"Homepage\" href=\"http:\/\/www.intersciencefilm.de\/archives\/category\/projekte\" target=\"_blank\" rel=\"noopener noreferrer\">INTERSCIENCE FILM<\/a><br \/>\n<a href=\"http:\/\/kinescopefilm.de\">KINESCOPE FILM<\/a><br \/>\n<a title=\"Homepage\" href=\"http:\/\/www.kobalt.de\/de\/#about-us\" target=\"_blank\" rel=\"noopener noreferrer\">KOBALT PRODUCTIONS<\/a><br \/>\n<a href=\"https:\/\/www.dokweb.net\/database\/organizations\/about\/2bef62b7-9f2f-4fec-a738-db1c19222a71\/laokoon-film-group-ltd\">LAOKOON FILMGROUP<\/a><br \/>\n<a title=\"Homepage\" href=\"http:\/\/www.looksfilm.tv\/\" target=\"_blank\" rel=\"noopener noreferrer\">LOOKS FILMPRODUKTIONEN GMBH<\/a><br \/>\n<a href=\"https:\/\/fr.wikipedia.org\/wiki\/Denis_Poncet\">MAHA PRODUCTIONS<\/a><br \/>\n<a href=\"http:\/\/www.rbb-media.de\">RBB MEDIA<\/a><br \/>\n<a title=\"Homepage\" href=\"http:\/\/www.stefilm.it\/interne\/major_filmography_eng\/dettaglio_major_filmography_eng.aspx?Id_MajorFilmography=124&amp;tit=CASTLES%20AND%20PALACES%20OF%20EUROPE\" target=\"_blank\" rel=\"noopener noreferrer\">STEFILM INTERNATIONAL SRL.<\/a><br \/>\n<a href=\"http:\/\/www.tigerlilyproductions.com\">TIGERLILY PRODUCTIONS<\/a><br \/>\n<a href=\"https:\/\/vincent-tv.com\">VINCENT PRODUCTIONS<\/a><br \/>\n<a title=\"Homepage\" href=\"http:\/\/www.warnermusic.de\/\" target=\"_blank\" rel=\"noopener noreferrer\">WARNER MUSIC GERMANY<\/a><br \/>\n<a title=\"YUZU PRODUCTIONS\" href=\"http:\/\/www.yuzu-productions.com\/page31\/index.html\" target=\"_blank\" rel=\"noopener noreferrer\">YUZU PRODUCTIONS<\/a>\n<p>\u00a0<\/p>\n\n","protected":false},"excerpt":{"rendered":"<p>&nbsp; S E L E C T I O N &nbsp; INTERNATIONAL BROADCASTER\u00a0\u00a0 \u00a0 \u00a0 \u00a0 \u00a0 \u00a0 \u00a0 \u00a0 \u00a0 \u00a0 \u00a0 \u00a0 \u00a0 \u00a0 \u00a0 \u00a0 \u00a0 \u00a0 \u00a0 \u00a0 \u00a0 \u00a0 GERMANY, \u00a0FRANCE ARTE\u00a0 \u00a0 \u00a0 \u00a0 \u00a0 \u00a0 \u00a0 \u00a0 \u00a0 \u00a0 \u00a0 \u00a0 \u00a0 \u00a0 \u00a0 \u00a0 \u00a0 \u00a0 \u00a0 &hellip; <\/p>\n<p class=\"link-more\"><a href=\"https:\/\/jeremyfekete.com\/en\/sender-produktionsfirmen\/\" class=\"more-link\">Read more<span class=\"screen-reader-text\"> &#8220;REFERENCES&#8221;<\/span><\/a><\/p>\n","protected":false},"author":1,"featured_media":3499,"parent":0,"menu_order":0,"comment_status":"closed","ping_status":"closed","template":"","meta":{"footnotes":""},"class_list":["post-3190","page","type-page","status-publish","has-post-thumbnail","hentry"],"jetpack_sharing_enabled":true,"featured_media_urls":{"thumbnail":["https:\/\/jeremyfekete.com\/wp-content\/uploads\/2014\/08\/image2-e1646586870853-150x150.jpg",150,150,true],"medium":["https:\/\/jeremyfekete.com\/wp-content\/uploads\/2014\/08\/image2-e1646586870853-300x74.jpg",300,74,true],"medium_large":["https:\/\/jeremyfekete.com\/wp-content\/uploads\/2014\/08\/image2-e1646586870853-768x190.jpg",768,190,true],"large":["https:\/\/jeremyfekete.com\/wp-content\/uploads\/2014\/08\/image2-e1646586870853-1024x253.jpg",950,235,true],"1536x1536":["https:\/\/jeremyfekete.com\/wp-content\/uploads\/2014\/08\/image2-e1646586870853-1536x380.jpg",1536,380,true],"2048x2048":["https:\/\/jeremyfekete.com\/wp-content\/uploads\/2014\/08\/image2-e1646586870853-2048x506.jpg",2048,506,true],"inspiro-featured-image":["https:\/\/jeremyfekete.com\/wp-content\/uploads\/2014\/08\/image2-e1646586870853-2000x495.jpg",2000,495,true],"inspiro-loop":["https:\/\/jeremyfekete.com\/wp-content\/uploads\/2014\/08\/image2-e1646586870853-950x320.jpg",950,320,true],"inspiro-loop@2x":["https:\/\/jeremyfekete.com\/wp-content\/uploads\/2014\/08\/image2-e1646586870853-1900x640.jpg",1900,640,true],"portfolio_item-thumbnail":["https:\/\/jeremyfekete.com\/wp-content\/uploads\/2014\/08\/image2-e1646586870853-600x400.jpg",600,400,true],"portfolio_item-thumbnail@2x":["https:\/\/jeremyfekete.com\/wp-content\/uploads\/2014\/08\/image2-e1646586870853-1200x641.jpg",1200,641,true],"portfolio_item-masonry":["https:\/\/jeremyfekete.com\/wp-content\/uploads\/2014\/08\/image2-e1646586870853-600x148.jpg",600,148,true],"portfolio_item-masonry@2x":["https:\/\/jeremyfekete.com\/wp-content\/uploads\/2014\/08\/image2-e1646586870853-1200x297.jpg",1200,297,true],"portfolio_item-thumbnail_cinema":["https:\/\/jeremyfekete.com\/wp-content\/uploads\/2014\/08\/image2-e1646586870853-800x335.jpg",800,335,true],"portfolio_item-thumbnail_portrait":["https:\/\/jeremyfekete.com\/wp-content\/uploads\/2014\/08\/image2-e1646586870853-600x641.jpg",600,641,true],"portfolio_item-thumbnail_portrait@2x":["https:\/\/jeremyfekete.com\/wp-content\/uploads\/2014\/08\/image2-e1646586870853-1200x641.jpg",1200,641,true],"portfolio_item-thumbnail_square":["https:\/\/jeremyfekete.com\/wp-content\/uploads\/2014\/08\/image2-e1646586870853-800x641.jpg",800,641,true]},"_links":{"self":[{"href":"https:\/\/jeremyfekete.com\/en\/wp-json\/wp\/v2\/pages\/3190","targetHints":{"allow":["GET"]}}],"collection":[{"href":"https:\/\/jeremyfekete.com\/en\/wp-json\/wp\/v2\/pages"}],"about":[{"href":"https:\/\/jeremyfekete.com\/en\/wp-json\/wp\/v2\/types\/page"}],"author":[{"embeddable":true,"href":"https:\/\/jeremyfekete.com\/en\/wp-json\/wp\/v2\/users\/1"}],"replies":[{"embeddable":true,"href":"https:\/\/jeremyfekete.com\/en\/wp-json\/wp\/v2\/comments?post=3190"}],"version-history":[{"count":0,"href":"https:\/\/jeremyfekete.com\/en\/wp-json\/wp\/v2\/pages\/3190\/revisions"}],"wp:featuredmedia":[{"embeddable":true,"href":"https:\/\/jeremyfekete.com\/en\/wp-json\/wp\/v2\/media\/3499"}],"wp:attachment":[{"href":"https:\/\/jeremyfekete.com\/en\/wp-json\/wp\/v2\/media?parent=3190"}],"curies":[{"name":"wp","href":"https:\/\/api.w.org\/{rel}","templated":true}]}}