{"id":6566,"date":"2016-02-20T08:43:16","date_gmt":"2016-02-20T06:43:16","guid":{"rendered":"http:\/\/jeremyfekete.com\/?page_id=6566"},"modified":"2018-10-14T19:14:01","modified_gmt":"2018-10-14T17:14:01","slug":"bratislava-2","status":"publish","type":"page","link":"https:\/\/jeremyfekete.com\/en\/bratislava-2\/","title":{"rendered":"MAT\u00da\u0160KOV\u00c1"},"content":{"rendered":"<p><a href=\"https:\/\/i0.wp.com\/jeremyfekete.com\/wp-content\/uploads\/2016\/02\/Tankstellen-des-Gl%C3%BCcks-Bratislava.jpg\" data-rel=\"lightbox-image-0\" data-rl_title=\"\" data-rl_caption=\"\" title=\"\"><img data-recalc-dims=\"1\" fetchpriority=\"high\" decoding=\"async\" class=\"aligncenter size-full wp-image-6476\" src=\"https:\/\/i0.wp.com\/jeremyfekete.com\/wp-content\/uploads\/2016\/02\/Tankstellen-des-Gl%C3%BCcks-Bratislava.jpg?resize=640%2C386\" alt=\"Tankstellen des Gl\u00fccks Bratislava\" width=\"640\" height=\"386\" data-id=\"6476\" srcset=\"https:\/\/i0.wp.com\/jeremyfekete.com\/wp-content\/uploads\/2016\/02\/Tankstellen-des-Gl%C3%BCcks-Bratislava.jpg?w=640&amp;ssl=1 640w, https:\/\/i0.wp.com\/jeremyfekete.com\/wp-content\/uploads\/2016\/02\/Tankstellen-des-Gl%C3%BCcks-Bratislava.jpg?resize=300%2C180&amp;ssl=1 300w, https:\/\/i0.wp.com\/jeremyfekete.com\/wp-content\/uploads\/2016\/02\/Tankstellen-des-Gl%C3%BCcks-Bratislava.jpg?resize=600%2C361&amp;ssl=1 600w\" sizes=\"(max-width: 640px) 100vw, 640px\" \/><\/a><\/p>\n<p>&nbsp;<\/p>\n<p><strong>Episode 9: Mat\u00fa\u0161kovo &amp; Linz<\/strong><\/p>\n<p>The most futuristic gas station is found in Slovakia, even Aliens have been sighted there. Or was that just a dream? Talking about the future of cars with futorologist Alexander Mankowsky.<\/p>\n<p>&nbsp;<\/p>\n","protected":false},"excerpt":{"rendered":"<p>&nbsp; Episode 9: Mat\u00fa\u0161kovo &amp; Linz The most futuristic gas station is found in Slovakia, even Aliens have been sighted there. Or was that just a dream? Talking about the future of cars with futorologist Alexander Mankowsky. &nbsp;<\/p>\n","protected":false},"author":1,"featured_media":6680,"parent":0,"menu_order":0,"comment_status":"closed","ping_status":"closed","template":"","meta":{"footnotes":""},"class_list":["post-6566","page","type-page","status-publish","has-post-thumbnail","hentry"],"jetpack_sharing_enabled":true,"featured_media_urls":{"thumbnail":["https:\/\/jeremyfekete.com\/wp-content\/uploads\/2016\/03\/timthumb.php_-150x150.jpg",150,150,true],"medium":["https:\/\/jeremyfekete.com\/wp-content\/uploads\/2016\/03\/timthumb.php_-300x169.jpg",300,169,true],"medium_large":["https:\/\/jeremyfekete.com\/wp-content\/uploads\/2016\/03\/timthumb.php_.jpg",563,318,false],"large":["https:\/\/jeremyfekete.com\/wp-content\/uploads\/2016\/03\/timthumb.php_.jpg",563,318,false],"1536x1536":["https:\/\/jeremyfekete.com\/wp-content\/uploads\/2016\/03\/timthumb.php_.jpg",563,318,false],"2048x2048":["https:\/\/jeremyfekete.com\/wp-content\/uploads\/2016\/03\/timthumb.php_.jpg",563,318,false],"inspiro-featured-image":["https:\/\/jeremyfekete.com\/wp-content\/uploads\/2016\/03\/timthumb.php_.jpg",563,318,false],"inspiro-loop":["https:\/\/jeremyfekete.com\/wp-content\/uploads\/2016\/03\/timthumb.php_.jpg",563,318,false],"inspiro-loop@2x":["https:\/\/jeremyfekete.com\/wp-content\/uploads\/2016\/03\/timthumb.php_.jpg",563,318,false],"portfolio_item-thumbnail":["https:\/\/jeremyfekete.com\/wp-content\/uploads\/2016\/03\/timthumb.php_.jpg",563,318,false],"portfolio_item-thumbnail@2x":["https:\/\/jeremyfekete.com\/wp-content\/uploads\/2016\/03\/timthumb.php_.jpg",563,318,false],"portfolio_item-masonry":["https:\/\/jeremyfekete.com\/wp-content\/uploads\/2016\/03\/timthumb.php_.jpg",563,318,false],"portfolio_item-masonry@2x":["https:\/\/jeremyfekete.com\/wp-content\/uploads\/2016\/03\/timthumb.php_.jpg",563,318,false],"portfolio_item-thumbnail_cinema":["https:\/\/jeremyfekete.com\/wp-content\/uploads\/2016\/03\/timthumb.php_.jpg",563,318,false],"portfolio_item-thumbnail_portrait":["https:\/\/jeremyfekete.com\/wp-content\/uploads\/2016\/03\/timthumb.php_.jpg",563,318,false],"portfolio_item-thumbnail_portrait@2x":["https:\/\/jeremyfekete.com\/wp-content\/uploads\/2016\/03\/timthumb.php_.jpg",563,318,false],"portfolio_item-thumbnail_square":["https:\/\/jeremyfekete.com\/wp-content\/uploads\/2016\/03\/timthumb.php_.jpg",563,318,false]},"_links":{"self":[{"href":"https:\/\/jeremyfekete.com\/en\/wp-json\/wp\/v2\/pages\/6566","targetHints":{"allow":["GET"]}}],"collection":[{"href":"https:\/\/jeremyfekete.com\/en\/wp-json\/wp\/v2\/pages"}],"about":[{"href":"https:\/\/jeremyfekete.com\/en\/wp-json\/wp\/v2\/types\/page"}],"author":[{"embeddable":true,"href":"https:\/\/jeremyfekete.com\/en\/wp-json\/wp\/v2\/users\/1"}],"replies":[{"embeddable":true,"href":"https:\/\/jeremyfekete.com\/en\/wp-json\/wp\/v2\/comments?post=6566"}],"version-history":[{"count":0,"href":"https:\/\/jeremyfekete.com\/en\/wp-json\/wp\/v2\/pages\/6566\/revisions"}],"wp:featuredmedia":[{"embeddable":true,"href":"https:\/\/jeremyfekete.com\/en\/wp-json\/wp\/v2\/media\/6680"}],"wp:attachment":[{"href":"https:\/\/jeremyfekete.com\/en\/wp-json\/wp\/v2\/media?parent=6566"}],"curies":[{"name":"wp","href":"https:\/\/api.w.org\/{rel}","templated":true}]}}