{"id":7373,"date":"2016-01-18T09:42:06","date_gmt":"2016-01-18T07:42:06","guid":{"rendered":"http:\/\/jeremyfekete.com\/?page_id=7373"},"modified":"2018-10-08T10:04:08","modified_gmt":"2018-10-08T08:04:08","slug":"nyugati-palyaudvar-budapest-2","status":"publish","type":"page","link":"https:\/\/jeremyfekete.com\/en\/nyugati-palyaudvar-budapest-2\/","title":{"rendered":"NYUGATI P\u00c1LYAUDVAR \u2013 BUDAPEST"},"content":{"rendered":"<p><a href=\"https:\/\/i0.wp.com\/jeremyfekete.com\/wp-content\/uploads\/2017\/10\/Herzen-der-Metropolen-Budapest_0667-Kopie.jpg\" data-rel=\"lightbox-image-0\" data-rl_title=\"\" data-rl_caption=\"\" title=\"\"><img data-recalc-dims=\"1\" fetchpriority=\"high\" decoding=\"async\" class=\"size-full wp-image-34577\" src=\"https:\/\/i0.wp.com\/jeremyfekete.com\/wp-content\/uploads\/2017\/10\/Herzen-der-Metropolen-Budapest_0667-Kopie.jpg?resize=950%2C633\" alt=\"\" width=\"950\" height=\"633\" srcset=\"https:\/\/i0.wp.com\/jeremyfekete.com\/wp-content\/uploads\/2017\/10\/Herzen-der-Metropolen-Budapest_0667-Kopie.jpg?w=4252&amp;ssl=1 4252w, https:\/\/i0.wp.com\/jeremyfekete.com\/wp-content\/uploads\/2017\/10\/Herzen-der-Metropolen-Budapest_0667-Kopie.jpg?resize=300%2C200&amp;ssl=1 300w, https:\/\/i0.wp.com\/jeremyfekete.com\/wp-content\/uploads\/2017\/10\/Herzen-der-Metropolen-Budapest_0667-Kopie.jpg?resize=768%2C512&amp;ssl=1 768w, https:\/\/i0.wp.com\/jeremyfekete.com\/wp-content\/uploads\/2017\/10\/Herzen-der-Metropolen-Budapest_0667-Kopie.jpg?resize=1024%2C683&amp;ssl=1 1024w, https:\/\/i0.wp.com\/jeremyfekete.com\/wp-content\/uploads\/2017\/10\/Herzen-der-Metropolen-Budapest_0667-Kopie.jpg?resize=600%2C400&amp;ssl=1 600w, https:\/\/i0.wp.com\/jeremyfekete.com\/wp-content\/uploads\/2017\/10\/Herzen-der-Metropolen-Budapest_0667-Kopie.jpg?resize=940%2C627&amp;ssl=1 940w, https:\/\/i0.wp.com\/jeremyfekete.com\/wp-content\/uploads\/2017\/10\/Herzen-der-Metropolen-Budapest_0667-Kopie.jpg?w=1900&amp;ssl=1 1900w, https:\/\/i0.wp.com\/jeremyfekete.com\/wp-content\/uploads\/2017\/10\/Herzen-der-Metropolen-Budapest_0667-Kopie.jpg?w=2850&amp;ssl=1 2850w\" sizes=\"(max-width: 950px) 100vw, 950px\" \/><\/a><\/p>\n<p>&nbsp;<\/p>\n<p>Gustav Eiffel was already impressed by Budapest \u2013 the Hungarian capital of the former Danube monarchy. Even more when his office won the competition for the concourse of glass of the Nyugati P\u00e1lyaudvar in 1874. With over 6000 square meters and 25 meters height it used to be the fifth biggest train station of the world, and for many years Europe\u2019s most modern one. Today the Austrian-Hungarian Train station cathedral is the only one that was barely modernized since her conception.<\/p>\n<p>Filmmaker Jeremy JP Fekete rummages in the almost forgotten corners of the old-worthy station: just like the majestic waiting room. Stuck in a deep slumber since around 100 years and awaiting rediscovery. Once a year its dusty rest is disturbed when the brilliant empress Sissi train departs Nyugati P\u00e1lyaudvar station on the old rails in direction G\u00f6d\u00f6ll\u00f6 \u2013 to the favorite castle of the empress. A station in Budapest that rivals Nyugati P\u00e1lyaudvar in age and beauty is the Keleti P\u00e1lyaudvar, built years after it. Stone on stone, permeated by Hungarian national pride \u2013 as a counterpart to the imperial Nyugati P\u00e1lyaudvar. From its platforms the MAV symphony orchestra would drive for decades throughout the entire country after the second World War Art to spread art and culture to the Magyars after World War 2. Today the orchestra plays in great concert venues of Europe. Completely in the hands of children there is the pioneer railway. A narrow-gauge railway that transports tourists and view-hungry inhabitants of Budapest to the top of the Szechenyi mountain since 1948. Engendered by a socialist education program for railway workers.<\/p>\n<p>&nbsp;<\/p>\n","protected":false},"excerpt":{"rendered":"<p>&nbsp; Gustav Eiffel was already impressed by Budapest \u2013 the Hungarian capital of the former Danube monarchy. Even more when his office won the competition for the concourse of glass of the Nyugati P\u00e1lyaudvar in 1874. With over 6000 square meters and 25 meters height it used to be the fifth biggest train station of &hellip; <\/p>\n<p class=\"link-more\"><a href=\"https:\/\/jeremyfekete.com\/en\/nyugati-palyaudvar-budapest-2\/\" class=\"more-link\">Read more<span class=\"screen-reader-text\"> &#8220;NYUGATI P\u00c1LYAUDVAR \u2013 BUDAPEST&#8221;<\/span><\/a><\/p>\n","protected":false},"author":1,"featured_media":40384,"parent":0,"menu_order":0,"comment_status":"closed","ping_status":"closed","template":"","meta":{"footnotes":""},"class_list":["post-7373","page","type-page","status-publish","has-post-thumbnail","hentry"],"jetpack_sharing_enabled":true,"featured_media_urls":{"thumbnail":["https:\/\/jeremyfekete.com\/wp-content\/uploads\/2022\/02\/Bahnhofskathedralen-Budapest_1337-Kopie-150x150.jpg",150,150,true],"medium":["https:\/\/jeremyfekete.com\/wp-content\/uploads\/2022\/02\/Bahnhofskathedralen-Budapest_1337-Kopie-300x200.jpg",300,200,true],"medium_large":["https:\/\/jeremyfekete.com\/wp-content\/uploads\/2022\/02\/Bahnhofskathedralen-Budapest_1337-Kopie-768x512.jpg",768,512,true],"large":["https:\/\/jeremyfekete.com\/wp-content\/uploads\/2022\/02\/Bahnhofskathedralen-Budapest_1337-Kopie-1024x683.jpg",950,634,true],"1536x1536":["https:\/\/jeremyfekete.com\/wp-content\/uploads\/2022\/02\/Bahnhofskathedralen-Budapest_1337-Kopie-1536x1024.jpg",1536,1024,true],"2048x2048":["https:\/\/jeremyfekete.com\/wp-content\/uploads\/2022\/02\/Bahnhofskathedralen-Budapest_1337-Kopie-2048x1365.jpg",2048,1365,true],"inspiro-featured-image":["https:\/\/jeremyfekete.com\/wp-content\/uploads\/2022\/02\/Bahnhofskathedralen-Budapest_1337-Kopie-2000x1333.jpg",2000,1333,true],"inspiro-loop":["https:\/\/jeremyfekete.com\/wp-content\/uploads\/2022\/02\/Bahnhofskathedralen-Budapest_1337-Kopie-950x320.jpg",950,320,true],"inspiro-loop@2x":["https:\/\/jeremyfekete.com\/wp-content\/uploads\/2022\/02\/Bahnhofskathedralen-Budapest_1337-Kopie-scaled-1900x640.jpg",1900,640,true],"portfolio_item-thumbnail":["https:\/\/jeremyfekete.com\/wp-content\/uploads\/2022\/02\/Bahnhofskathedralen-Budapest_1337-Kopie-scaled-600x400.jpg",600,400,true],"portfolio_item-thumbnail@2x":["https:\/\/jeremyfekete.com\/wp-content\/uploads\/2022\/02\/Bahnhofskathedralen-Budapest_1337-Kopie-scaled-1200x800.jpg",1200,800,true],"portfolio_item-masonry":["https:\/\/jeremyfekete.com\/wp-content\/uploads\/2022\/02\/Bahnhofskathedralen-Budapest_1337-Kopie-scaled-600x400.jpg",600,400,true],"portfolio_item-masonry@2x":["https:\/\/jeremyfekete.com\/wp-content\/uploads\/2022\/02\/Bahnhofskathedralen-Budapest_1337-Kopie-scaled-1200x800.jpg",1200,800,true],"portfolio_item-thumbnail_cinema":["https:\/\/jeremyfekete.com\/wp-content\/uploads\/2022\/02\/Bahnhofskathedralen-Budapest_1337-Kopie-scaled-800x335.jpg",800,335,true],"portfolio_item-thumbnail_portrait":["https:\/\/jeremyfekete.com\/wp-content\/uploads\/2022\/02\/Bahnhofskathedralen-Budapest_1337-Kopie-scaled-600x900.jpg",600,900,true],"portfolio_item-thumbnail_portrait@2x":["https:\/\/jeremyfekete.com\/wp-content\/uploads\/2022\/02\/Bahnhofskathedralen-Budapest_1337-Kopie-scaled-1200x1707.jpg",1200,1707,true],"portfolio_item-thumbnail_square":["https:\/\/jeremyfekete.com\/wp-content\/uploads\/2022\/02\/Bahnhofskathedralen-Budapest_1337-Kopie-scaled-800x800.jpg",800,800,true]},"_links":{"self":[{"href":"https:\/\/jeremyfekete.com\/en\/wp-json\/wp\/v2\/pages\/7373","targetHints":{"allow":["GET"]}}],"collection":[{"href":"https:\/\/jeremyfekete.com\/en\/wp-json\/wp\/v2\/pages"}],"about":[{"href":"https:\/\/jeremyfekete.com\/en\/wp-json\/wp\/v2\/types\/page"}],"author":[{"embeddable":true,"href":"https:\/\/jeremyfekete.com\/en\/wp-json\/wp\/v2\/users\/1"}],"replies":[{"embeddable":true,"href":"https:\/\/jeremyfekete.com\/en\/wp-json\/wp\/v2\/comments?post=7373"}],"version-history":[{"count":0,"href":"https:\/\/jeremyfekete.com\/en\/wp-json\/wp\/v2\/pages\/7373\/revisions"}],"wp:featuredmedia":[{"embeddable":true,"href":"https:\/\/jeremyfekete.com\/en\/wp-json\/wp\/v2\/media\/40384"}],"wp:attachment":[{"href":"https:\/\/jeremyfekete.com\/en\/wp-json\/wp\/v2\/media?parent=7373"}],"curies":[{"name":"wp","href":"https:\/\/api.w.org\/{rel}","templated":true}]}}