{"id":34547,"date":"2016-01-18T09:42:46","date_gmt":"2016-01-18T07:42:46","guid":{"rendered":"http:\/\/jeremyfekete.com\/gare-de-lyon-paris-4\/"},"modified":"2022-02-22T21:22:08","modified_gmt":"2022-02-22T19:22:08","slug":"gare-de-lyon-paris","status":"publish","type":"page","link":"https:\/\/jeremyfekete.com\/fr\/gare-de-lyon-paris\/","title":{"rendered":"GARE DE LYON IN PARIS"},"content":{"rendered":"\r\n<p><iframe title=\"Bahnhofskathedralen - Europas Reisepal&amp;auml;ste Gare du Lyon Paris \/ Ausschnitt deutsche Fassung\" src=\"https:\/\/player.vimeo.com\/video\/298745916?dnt=1&amp;app_id=122963&amp;h=f9f29cfc86\" width=\"950\" height=\"534\" frameborder=\"0\" allowfullscreen=\"allowfullscreen\"><\/iframe><\/p>\r\n<p>&nbsp;<\/p>\r\n<p>Er ist einer der bedeutendsten Bahnh\u00f6fe Europas und der j\u00fcngste der gro\u00dfen Pariser Bahnhaltestellen. Als sich Frankreichs Hauptstadt auf die Weltausstellung von 1900 vorbereitet wird gebaut. Die Eisenbahngesellschaft PLM ergreift die Gelegenheit und offeriert sich den Gare de Lyon &#8211; einen stolzen Prunkbau im Belle-Epoque-Stil. So entstand ein Monument der Eisenbahnarchitektur mit einer 100\u00a0Meter langen, von Allegorien gezierten Fassade und einem 64\u00a0Metern hohen Uhrenturm. Einer Kopie des Londoner Big Ben. Gleichzeitig zur Weltausstellung von 1900 entstanden das Grand Palais, das Petit Palais, die Br\u00fccke Alexandre III. sowie der Gare d&rsquo;Orsay.<\/p>\r\n<p>Im Bahnhofsinnern befindet sich noch heute das Restaurant \u201eLe Train Bleu\u00a0\u00bb.\u00a0Zwei Marmortreppen f\u00fchren in den prunkvollen Speisesaal in dem 41 Gem\u00e4lde von 30 K\u00fcnstlern &#8211; der malerischen Elite ihrer Zeit &#8211; h\u00e4ngen, auf denen die sch\u00f6nsten Landschaften Frankreichs zu sehen sind. Die PLM besa\u00df damals das gr\u00f6\u00dfte Eisenbahnnetz der Welt. Mit diesem Dekor feierte sie ihr eigenes Imperium und pflegte das luxuri\u00f6se Image.<\/p>\r\n<p>Unweit davon liegt der Gare du Nord. Auch eine der Haltestellen des ehemaligen Luxuszuges \u201eTrain Bleu\u00a0\u00bb auf dem Weg nach Cannes. Zweit\u00e4ltester und gr\u00f6\u00dfter Bahnhof von Paris. 23 Statuen ber\u00fchmter Bildhauer schm\u00fccken die 180\u00a0Meter lange Prunkfassade. Von Paris aus gelangt man mit dem Zug auch nach Nantes &#8211; der Heimatstadt Jules Vernes. Filmemacher Jeremy JP Fekete reist an die Stadt nahe des Atlantiks zu den gro\u00dfen Werfthallen auf der Loire-Insel \u201eIle de Nantes\u00a0\u00bb wo sich eine Gruppe fantastischer Baumeister ihr Atelier eingerichtet hat. Dort wo vor nicht allzu langer Zeit noch Schiffe gebaut wurden, entstehen heute erstaunlich lebendige, verbl\u00fcffend monumentale Maschinentiere.<\/p>\r\n","protected":false},"excerpt":{"rendered":"<p>&nbsp; Er ist einer der bedeutendsten Bahnh\u00f6fe Europas und der j\u00fcngste der gro\u00dfen Pariser Bahnhaltestellen. Als sich Frankreichs Hauptstadt auf die Weltausstellung von 1900 vorbereitet wird gebaut. Die Eisenbahngesellschaft PLM ergreift die Gelegenheit und offeriert sich den Gare de Lyon &#8211; einen stolzen Prunkbau im Belle-Epoque-Stil. So entstand ein Monument der Eisenbahnarchitektur mit einer 100\u00a0Meter &hellip; <\/p>\n<p class=\"link-more\"><a href=\"https:\/\/jeremyfekete.com\/fr\/gare-de-lyon-paris\/\" class=\"more-link\">Lire la suite de<span class=\"screen-reader-text\">\u00ab\u00a0GARE DE LYON IN PARIS\u00a0\u00bb<\/span><\/a><\/p>\n","protected":false},"author":1,"featured_media":7757,"parent":0,"menu_order":0,"comment_status":"closed","ping_status":"closed","template":"","meta":{"footnotes":""},"class_list":["post-34547","page","type-page","status-publish","has-post-thumbnail","hentry"],"jetpack_sharing_enabled":true,"featured_media_urls":{"thumbnail":["https:\/\/jeremyfekete.com\/wp-content\/uploads\/2016\/10\/Gares-en-Europe-Paris_0031-Kopie1-150x150.jpg",150,150,true],"medium":["https:\/\/jeremyfekete.com\/wp-content\/uploads\/2016\/10\/Gares-en-Europe-Paris_0031-Kopie1-300x200.jpg",300,200,true],"medium_large":["https:\/\/jeremyfekete.com\/wp-content\/uploads\/2016\/10\/Gares-en-Europe-Paris_0031-Kopie1.jpg",768,512,false],"large":["https:\/\/jeremyfekete.com\/wp-content\/uploads\/2016\/10\/Gares-en-Europe-Paris_0031-Kopie1-1024x682.jpg",950,633,true],"1536x1536":["https:\/\/jeremyfekete.com\/wp-content\/uploads\/2016\/10\/Gares-en-Europe-Paris_0031-Kopie1-1536x1024.jpg",1536,1024,true],"2048x2048":["https:\/\/jeremyfekete.com\/wp-content\/uploads\/2016\/10\/Gares-en-Europe-Paris_0031-Kopie1-2048x1365.jpg",2048,1365,true],"inspiro-featured-image":["https:\/\/jeremyfekete.com\/wp-content\/uploads\/2016\/10\/Gares-en-Europe-Paris_0031-Kopie1-2000x1333.jpg",2000,1333,true],"inspiro-loop":["https:\/\/jeremyfekete.com\/wp-content\/uploads\/2016\/10\/Gares-en-Europe-Paris_0031-Kopie1-950x320.jpg",950,320,true],"inspiro-loop@2x":["https:\/\/jeremyfekete.com\/wp-content\/uploads\/2016\/10\/Gares-en-Europe-Paris_0031-Kopie1-1900x640.jpg",1900,640,true],"portfolio_item-thumbnail":["https:\/\/jeremyfekete.com\/wp-content\/uploads\/2016\/10\/Gares-en-Europe-Paris_0031-Kopie1-600x400.jpg",600,400,true],"portfolio_item-thumbnail@2x":["https:\/\/jeremyfekete.com\/wp-content\/uploads\/2016\/10\/Gares-en-Europe-Paris_0031-Kopie1-1200x800.jpg",1200,800,true],"portfolio_item-masonry":["https:\/\/jeremyfekete.com\/wp-content\/uploads\/2016\/10\/Gares-en-Europe-Paris_0031-Kopie1-600x400.jpg",600,400,true],"portfolio_item-masonry@2x":["https:\/\/jeremyfekete.com\/wp-content\/uploads\/2016\/10\/Gares-en-Europe-Paris_0031-Kopie1-1200x800.jpg",1200,800,true],"portfolio_item-thumbnail_cinema":["https:\/\/jeremyfekete.com\/wp-content\/uploads\/2016\/10\/Gares-en-Europe-Paris_0031-Kopie1-800x335.jpg",800,335,true],"portfolio_item-thumbnail_portrait":["https:\/\/jeremyfekete.com\/wp-content\/uploads\/2016\/10\/Gares-en-Europe-Paris_0031-Kopie1-600x900.jpg",600,900,true],"portfolio_item-thumbnail_portrait@2x":["https:\/\/jeremyfekete.com\/wp-content\/uploads\/2016\/10\/Gares-en-Europe-Paris_0031-Kopie1-1200x1800.jpg",1200,1800,true],"portfolio_item-thumbnail_square":["https:\/\/jeremyfekete.com\/wp-content\/uploads\/2016\/10\/Gares-en-Europe-Paris_0031-Kopie1-800x800.jpg",800,800,true]},"_links":{"self":[{"href":"https:\/\/jeremyfekete.com\/fr\/wp-json\/wp\/v2\/pages\/34547","targetHints":{"allow":["GET"]}}],"collection":[{"href":"https:\/\/jeremyfekete.com\/fr\/wp-json\/wp\/v2\/pages"}],"about":[{"href":"https:\/\/jeremyfekete.com\/fr\/wp-json\/wp\/v2\/types\/page"}],"author":[{"embeddable":true,"href":"https:\/\/jeremyfekete.com\/fr\/wp-json\/wp\/v2\/users\/1"}],"replies":[{"embeddable":true,"href":"https:\/\/jeremyfekete.com\/fr\/wp-json\/wp\/v2\/comments?post=34547"}],"version-history":[{"count":0,"href":"https:\/\/jeremyfekete.com\/fr\/wp-json\/wp\/v2\/pages\/34547\/revisions"}],"wp:featuredmedia":[{"embeddable":true,"href":"https:\/\/jeremyfekete.com\/fr\/wp-json\/wp\/v2\/media\/7757"}],"wp:attachment":[{"href":"https:\/\/jeremyfekete.com\/fr\/wp-json\/wp\/v2\/media?parent=34547"}],"curies":[{"name":"wp","href":"https:\/\/api.w.org\/{rel}","templated":true}]}}