{"id":34550,"date":"2016-01-18T09:42:03","date_gmt":"2016-01-18T07:42:03","guid":{"rendered":"http:\/\/jeremyfekete.com\/st-pancras-london-4\/"},"modified":"2022-02-19T13:52:45","modified_gmt":"2022-02-19T11:52:45","slug":"st-pancras-london","status":"publish","type":"page","link":"https:\/\/jeremyfekete.com\/fr\/st-pancras-london\/","title":{"rendered":"ST. PANCRAS &#8211; LONDON"},"content":{"rendered":"<p><iframe src=\"https:\/\/player.vimeo.com\/video\/298748926?h=79e785f35e&amp;dnt=1&amp;app_id=122963\" width=\"950\" height=\"534\" frameborder=\"0\" allow=\"autoplay; fullscreen; picture-in-picture\" allowfullscreen><\/iframe><\/p>\n<p>Der Bahnhof St. Pancras: Sinnbild der letzten gro\u00dfen Eruption der \u201eRailway Mania\u201c des Industriezeitalters. Erbaut zur zweiten Londoner Weltausstellung 1862. Land dazu nahm sich die Railway rund um die Kirche von Saint Pancras sowie durch den Abriss des benachbarten Armenviertels. Die Toten auf dem Friedhof wurden einfach umgebettet. Entstanden ist eine etwas andere Kathedrale &#8211; aus Gusseisen und Glas. Allein die Bahnhofshalle mit ihrem einzigen 74 Meter breiten Bogen ist ein Meisterwerk der Baukunst. Der Kirchenarchitekt George Gilbert Scott, damals l\u00e4ngst eine Ber\u00fchmtheit, gewann den Wettbewerb aus Verwaltungsgeb\u00e4ude und Midland Hotel.\u00a0Die 38 Zimmer im Chambers\u2019 Club, die Lobby, die Restaurants, der alte Ladies\u2019 Smoking Room &#8211; damals der erste auf der ganzen Welt &#8211; und \u201eThe Grand Staircase\u201c mit seinen Teppichkaskaden lassen einen heute wieder eine fremde, gro\u00dfe Zeit betreten: die Zeit der Erster\u00f6ffnung 1873, die Zeit, da England Weltbeherrscher und Victoria auch Kaiserin von Indien war.<\/p>\n<p>Bahnh\u00f6fe wie St. Pancras in London sind f\u00fcr J\u00fcnger des Steampunk wahre Tempel ihrer Fantasien und Tr\u00e4ume. Ihre Elemente sind dampf- und zahnradgetriebene Mechanik, viktorianischer Kleidungsstil mit dem dazugeh\u00f6rigen Werte-Modell und Abenteuerromantik wie aus den Welten von H. G. Wells oder eines Jules Verne. Damit kreieren die Steampunker ihre Sicht auf eine Zukunft, wie sie in fr\u00fcheren Zeiten entstanden sein k\u00f6nnte. Autor und Regisseur Jeremy JP Fekete Wege zu einigen von ihnen f\u00fchren in eine der ehemaligen Wasserpumpstationen aus viktorianischer Zeit. Ein unvermuteter Kontrast bietet die Art und Weise wie St. Pancras taubenfrei gehalten wird: n\u00e4mlich durch Falken.<\/p>\n","protected":false},"excerpt":{"rendered":"<p>Der Bahnhof St. Pancras: Sinnbild der letzten gro\u00dfen Eruption der \u201eRailway Mania\u201c des Industriezeitalters. Erbaut zur zweiten Londoner Weltausstellung 1862. Land dazu nahm sich die Railway rund um die Kirche von Saint Pancras sowie durch den Abriss des benachbarten Armenviertels. Die Toten auf dem Friedhof wurden einfach umgebettet. Entstanden ist eine etwas andere Kathedrale &#8211; &hellip; <\/p>\n<p class=\"link-more\"><a href=\"https:\/\/jeremyfekete.com\/fr\/st-pancras-london\/\" class=\"more-link\">Lire la suite de<span class=\"screen-reader-text\">\u00ab\u00a0ST. PANCRAS &#8211; LONDON\u00a0\u00bb<\/span><\/a><\/p>\n","protected":false},"author":1,"featured_media":38400,"parent":0,"menu_order":0,"comment_status":"closed","ping_status":"closed","template":"","meta":{"footnotes":""},"class_list":["post-34550","page","type-page","status-publish","has-post-thumbnail","hentry"],"jetpack_sharing_enabled":true,"featured_media_urls":{"thumbnail":["https:\/\/jeremyfekete.com\/wp-content\/uploads\/2022\/02\/Bahnhofskathedralen-_London_0188-Kopie-150x150.jpg",150,150,true],"medium":["https:\/\/jeremyfekete.com\/wp-content\/uploads\/2022\/02\/Bahnhofskathedralen-_London_0188-Kopie-300x169.jpg",300,169,true],"medium_large":["https:\/\/jeremyfekete.com\/wp-content\/uploads\/2022\/02\/Bahnhofskathedralen-_London_0188-Kopie-768x432.jpg",768,432,true],"large":["https:\/\/jeremyfekete.com\/wp-content\/uploads\/2022\/02\/Bahnhofskathedralen-_London_0188-Kopie-1024x576.jpg",950,534,true],"1536x1536":["https:\/\/jeremyfekete.com\/wp-content\/uploads\/2022\/02\/Bahnhofskathedralen-_London_0188-Kopie-1536x864.jpg",1536,864,true],"2048x2048":["https:\/\/jeremyfekete.com\/wp-content\/uploads\/2022\/02\/Bahnhofskathedralen-_London_0188-Kopie-2048x1152.jpg",2048,1152,true],"inspiro-featured-image":["https:\/\/jeremyfekete.com\/wp-content\/uploads\/2022\/02\/Bahnhofskathedralen-_London_0188-Kopie-2000x1125.jpg",2000,1125,true],"inspiro-loop":["https:\/\/jeremyfekete.com\/wp-content\/uploads\/2022\/02\/Bahnhofskathedralen-_London_0188-Kopie-950x320.jpg",950,320,true],"inspiro-loop@2x":["https:\/\/jeremyfekete.com\/wp-content\/uploads\/2022\/02\/Bahnhofskathedralen-_London_0188-Kopie-scaled-1900x640.jpg",1900,640,true],"portfolio_item-thumbnail":["https:\/\/jeremyfekete.com\/wp-content\/uploads\/2022\/02\/Bahnhofskathedralen-_London_0188-Kopie-scaled-600x400.jpg",600,400,true],"portfolio_item-thumbnail@2x":["https:\/\/jeremyfekete.com\/wp-content\/uploads\/2022\/02\/Bahnhofskathedralen-_London_0188-Kopie-scaled-1200x800.jpg",1200,800,true],"portfolio_item-masonry":["https:\/\/jeremyfekete.com\/wp-content\/uploads\/2022\/02\/Bahnhofskathedralen-_London_0188-Kopie-scaled-600x338.jpg",600,338,true],"portfolio_item-masonry@2x":["https:\/\/jeremyfekete.com\/wp-content\/uploads\/2022\/02\/Bahnhofskathedralen-_London_0188-Kopie-scaled-1200x675.jpg",1200,675,true],"portfolio_item-thumbnail_cinema":["https:\/\/jeremyfekete.com\/wp-content\/uploads\/2022\/02\/Bahnhofskathedralen-_London_0188-Kopie-scaled-800x335.jpg",800,335,true],"portfolio_item-thumbnail_portrait":["https:\/\/jeremyfekete.com\/wp-content\/uploads\/2022\/02\/Bahnhofskathedralen-_London_0188-Kopie-scaled-600x900.jpg",600,900,true],"portfolio_item-thumbnail_portrait@2x":["https:\/\/jeremyfekete.com\/wp-content\/uploads\/2022\/02\/Bahnhofskathedralen-_London_0188-Kopie-scaled-1200x1440.jpg",1200,1440,true],"portfolio_item-thumbnail_square":["https:\/\/jeremyfekete.com\/wp-content\/uploads\/2022\/02\/Bahnhofskathedralen-_London_0188-Kopie-scaled-800x800.jpg",800,800,true]},"_links":{"self":[{"href":"https:\/\/jeremyfekete.com\/fr\/wp-json\/wp\/v2\/pages\/34550","targetHints":{"allow":["GET"]}}],"collection":[{"href":"https:\/\/jeremyfekete.com\/fr\/wp-json\/wp\/v2\/pages"}],"about":[{"href":"https:\/\/jeremyfekete.com\/fr\/wp-json\/wp\/v2\/types\/page"}],"author":[{"embeddable":true,"href":"https:\/\/jeremyfekete.com\/fr\/wp-json\/wp\/v2\/users\/1"}],"replies":[{"embeddable":true,"href":"https:\/\/jeremyfekete.com\/fr\/wp-json\/wp\/v2\/comments?post=34550"}],"version-history":[{"count":0,"href":"https:\/\/jeremyfekete.com\/fr\/wp-json\/wp\/v2\/pages\/34550\/revisions"}],"wp:featuredmedia":[{"embeddable":true,"href":"https:\/\/jeremyfekete.com\/fr\/wp-json\/wp\/v2\/media\/38400"}],"wp:attachment":[{"href":"https:\/\/jeremyfekete.com\/fr\/wp-json\/wp\/v2\/media?parent=34550"}],"curies":[{"name":"wp","href":"https:\/\/api.w.org\/{rel}","templated":true}]}}