{"id":34562,"date":"2016-01-18T09:42:06","date_gmt":"2016-01-18T07:42:06","guid":{"rendered":"http:\/\/jeremyfekete.com\/nyugati-palyaudvar-budapest-4\/"},"modified":"2022-02-19T13:32:27","modified_gmt":"2022-02-19T11:32:27","slug":"nyugati-palyaudvar-budapest","status":"publish","type":"page","link":"https:\/\/jeremyfekete.com\/fr\/nyugati-palyaudvar-budapest\/","title":{"rendered":"NYUGATI P\u00c1LYAUDVAR \u2013 BUDAPEST"},"content":{"rendered":"<p><iframe src=\"https:\/\/player.vimeo.com\/video\/298734156?h=4289268aa4&amp;dnt=1&amp;app_id=122963\" width=\"950\" height=\"534\" frameborder=\"0\" allow=\"autoplay; fullscreen; picture-in-picture\" allowfullscreen><\/iframe><\/p>\n<p>&nbsp;<\/p>\n<p>Bereits Gustav Eiffel war begeistert von Budapest &#8211; der ungarischen Hauptstadt der ehemaligen Donaumonarchie. Umso mehr als sein B\u00fcro 1874 den Wettbewerb f\u00fcr die gl\u00e4serne Bahnhofshalle des Nyugati Palyaudvar gewann. Mit \u00fcber 6000 Quadratmeter Fl\u00e4che und seinen 25 Metern H\u00f6he galt er als f\u00fcnftgr\u00f6\u00dfter Bahnhof der Welt &#8211; und f\u00fcr viele Jahre als Europas modernster. Heute ist die \u00d6sterreich-ungarische Eisenbahnkathedrale die Einzige die seit ihrer Entstehung kaum modernisiert wurde.<\/p>\n<p>Filmemacher Jeremy JP Fekete st\u00f6bert in fast vergessenen Winkeln des alterw\u00fcrdigen Bahnhofes: wie dem k\u00f6niglichen Wartesaal. Seit rund 100 Jahren ruht er im Dornr\u00f6sschenschlaf und harrt der Wiederentdeckung. Einmal im Jahr wird seine verstaubte Ruhe gest\u00f6rt wenn der glanzvolle kaiserliche Sissi-Zug vom Nyugati Bahnhof \u00fcber die alten Gleise Richtung G\u00f6d\u00f6ll\u00f6 rollt &#8211; zum ungarischen Lieblingsschloss der Kaiserin. Ein Budapester Bahnhof der es mit dem Nyuagti Palyaudvar an alter Sch\u00f6nheit aufnehmen kann ist der Jahre sp\u00e4ter erbaute Keleti Palyaudvar. Stein auf Stein durchdrungen vom ungarischen Nationalstolz &#8211; als Gegenst\u00fcck zum Kaiserlichen Nyugati Palyaudvar. Von seinen Perrons fuhr jahrzehntelang das MAV Symphonieorchester und reiste quer durchs Land um den Magyaren nach dem 2. Weltkrieg Kunst und Kultur zu \u00fcberbringen. Heute spielt das Orchester l\u00e4ngst in den gro\u00dfen Konzerthallen Europas. Ganz in Kinderhand hingegen befindet sich die Pioniereisenbahn. Eine Schmalspurbahn welche Touristen und aussichtshungrige Budapester seit 1948 auf den Szechenyi-Berg hinauff\u00e4hrt. Entstanden aus einem sozialistischen Erziehungsprogramm zum Eisenbahner.<\/p>\n","protected":false},"excerpt":{"rendered":"<p>&nbsp; Bereits Gustav Eiffel war begeistert von Budapest &#8211; der ungarischen Hauptstadt der ehemaligen Donaumonarchie. Umso mehr als sein B\u00fcro 1874 den Wettbewerb f\u00fcr die gl\u00e4serne Bahnhofshalle des Nyugati Palyaudvar gewann. Mit \u00fcber 6000 Quadratmeter Fl\u00e4che und seinen 25 Metern H\u00f6he galt er als f\u00fcnftgr\u00f6\u00dfter Bahnhof der Welt &#8211; und f\u00fcr viele Jahre als Europas &hellip; <\/p>\n<p class=\"link-more\"><a href=\"https:\/\/jeremyfekete.com\/fr\/nyugati-palyaudvar-budapest\/\" class=\"more-link\">Lire la suite de<span class=\"screen-reader-text\">\u00ab\u00a0NYUGATI P\u00c1LYAUDVAR \u2013 BUDAPEST\u00a0\u00bb<\/span><\/a><\/p>\n","protected":false},"author":1,"featured_media":38395,"parent":0,"menu_order":0,"comment_status":"closed","ping_status":"closed","template":"","meta":{"footnotes":""},"class_list":["post-34562","page","type-page","status-publish","has-post-thumbnail","hentry"],"jetpack_sharing_enabled":true,"featured_media_urls":{"thumbnail":["https:\/\/jeremyfekete.com\/wp-content\/uploads\/2022\/02\/Bahnhofskathedralen-Budapest_1337-Kopie-150x150.jpg",150,150,true],"medium":["https:\/\/jeremyfekete.com\/wp-content\/uploads\/2022\/02\/Bahnhofskathedralen-Budapest_1337-Kopie-300x200.jpg",300,200,true],"medium_large":["https:\/\/jeremyfekete.com\/wp-content\/uploads\/2022\/02\/Bahnhofskathedralen-Budapest_1337-Kopie-768x512.jpg",768,512,true],"large":["https:\/\/jeremyfekete.com\/wp-content\/uploads\/2022\/02\/Bahnhofskathedralen-Budapest_1337-Kopie-1024x683.jpg",950,634,true],"1536x1536":["https:\/\/jeremyfekete.com\/wp-content\/uploads\/2022\/02\/Bahnhofskathedralen-Budapest_1337-Kopie-1536x1024.jpg",1536,1024,true],"2048x2048":["https:\/\/jeremyfekete.com\/wp-content\/uploads\/2022\/02\/Bahnhofskathedralen-Budapest_1337-Kopie-2048x1365.jpg",2048,1365,true],"inspiro-featured-image":["https:\/\/jeremyfekete.com\/wp-content\/uploads\/2022\/02\/Bahnhofskathedralen-Budapest_1337-Kopie-2000x1333.jpg",2000,1333,true],"inspiro-loop":["https:\/\/jeremyfekete.com\/wp-content\/uploads\/2022\/02\/Bahnhofskathedralen-Budapest_1337-Kopie-950x320.jpg",950,320,true],"inspiro-loop@2x":["https:\/\/jeremyfekete.com\/wp-content\/uploads\/2022\/02\/Bahnhofskathedralen-Budapest_1337-Kopie-scaled-1900x640.jpg",1900,640,true],"portfolio_item-thumbnail":["https:\/\/jeremyfekete.com\/wp-content\/uploads\/2022\/02\/Bahnhofskathedralen-Budapest_1337-Kopie-scaled-600x400.jpg",600,400,true],"portfolio_item-thumbnail@2x":["https:\/\/jeremyfekete.com\/wp-content\/uploads\/2022\/02\/Bahnhofskathedralen-Budapest_1337-Kopie-scaled-1200x800.jpg",1200,800,true],"portfolio_item-masonry":["https:\/\/jeremyfekete.com\/wp-content\/uploads\/2022\/02\/Bahnhofskathedralen-Budapest_1337-Kopie-scaled-600x400.jpg",600,400,true],"portfolio_item-masonry@2x":["https:\/\/jeremyfekete.com\/wp-content\/uploads\/2022\/02\/Bahnhofskathedralen-Budapest_1337-Kopie-scaled-1200x800.jpg",1200,800,true],"portfolio_item-thumbnail_cinema":["https:\/\/jeremyfekete.com\/wp-content\/uploads\/2022\/02\/Bahnhofskathedralen-Budapest_1337-Kopie-scaled-800x335.jpg",800,335,true],"portfolio_item-thumbnail_portrait":["https:\/\/jeremyfekete.com\/wp-content\/uploads\/2022\/02\/Bahnhofskathedralen-Budapest_1337-Kopie-scaled-600x900.jpg",600,900,true],"portfolio_item-thumbnail_portrait@2x":["https:\/\/jeremyfekete.com\/wp-content\/uploads\/2022\/02\/Bahnhofskathedralen-Budapest_1337-Kopie-scaled-1200x1707.jpg",1200,1707,true],"portfolio_item-thumbnail_square":["https:\/\/jeremyfekete.com\/wp-content\/uploads\/2022\/02\/Bahnhofskathedralen-Budapest_1337-Kopie-scaled-800x800.jpg",800,800,true]},"_links":{"self":[{"href":"https:\/\/jeremyfekete.com\/fr\/wp-json\/wp\/v2\/pages\/34562","targetHints":{"allow":["GET"]}}],"collection":[{"href":"https:\/\/jeremyfekete.com\/fr\/wp-json\/wp\/v2\/pages"}],"about":[{"href":"https:\/\/jeremyfekete.com\/fr\/wp-json\/wp\/v2\/types\/page"}],"author":[{"embeddable":true,"href":"https:\/\/jeremyfekete.com\/fr\/wp-json\/wp\/v2\/users\/1"}],"replies":[{"embeddable":true,"href":"https:\/\/jeremyfekete.com\/fr\/wp-json\/wp\/v2\/comments?post=34562"}],"version-history":[{"count":0,"href":"https:\/\/jeremyfekete.com\/fr\/wp-json\/wp\/v2\/pages\/34562\/revisions"}],"wp:featuredmedia":[{"embeddable":true,"href":"https:\/\/jeremyfekete.com\/fr\/wp-json\/wp\/v2\/media\/38395"}],"wp:attachment":[{"href":"https:\/\/jeremyfekete.com\/fr\/wp-json\/wp\/v2\/media?parent=34562"}],"curies":[{"name":"wp","href":"https:\/\/api.w.org\/{rel}","templated":true}]}}