{"id":34565,"date":"2016-01-18T09:42:17","date_gmt":"2016-01-18T07:42:17","guid":{"rendered":"http:\/\/jeremyfekete.com\/antwerpen-centraal-antwerpen-3\/"},"modified":"2022-02-22T21:07:21","modified_gmt":"2022-02-22T19:07:21","slug":"antwerpen-centraal-antwerpen","status":"publish","type":"page","link":"https:\/\/jeremyfekete.com\/fr\/antwerpen-centraal-antwerpen\/","title":{"rendered":"ANTWERPEN CENTRAAL &#8211; ANTWERPEN"},"content":{"rendered":"\r\n<p>&nbsp;<\/p>\r\n<p>Er ist das Juwel in der Stadt der Diamanten. Antwerpen Centraal. Seine gigantische Kuppel erinnert an das Pantheon in Rom. Deswegen wird er im Volksmund auch Eisenbahnkathedrale genannt. Nicht von ungef\u00e4hr galt das palast\u00e4hnliche Bauwerk als steinerne Manifestation der damals aufstrebenden Kolonialmacht. Selbst K\u00f6nig Leopold II. lie\u00df sich bei seinem Anblick 1905 zu einem Ausruf des Erstaunens hinrei\u00dfen: C&rsquo;est une petite belle gare\u00a0\u00bb (\u201eEr ist ein sch\u00f6ner kleiner Bahnhof\u00a0\u00bb).<\/p>\r\n<p>Mauer an Mauer mit dem Bahnhof liegt Antwerpens gr\u00fcnes, klopfendes Herz &#8211;\u00a0der Zoologische Garten. Im Jahr 1843 gegr\u00fcndet, z\u00e4hlt er zu den \u00e4ltesten der Welt.\u00a0Hier zeugen noch Okapis vom k\u00f6niglichen Anspruch der damaligen Welt. Denn in seinen Gehegen konnte man europaweit als Erste eine Giraffenart aus dem Kongo bewundern. Eingef\u00fchrt \u00fcber den Antwerpener Hafen. Er ist das \u00e4ltere Gegenst\u00fcck zum Bahnhof. Hier ankerten die Dampfschiffe gro\u00dfer Reedereien wie Hapag Lloyd und Red Star Line. Insbesondere mit der Red Star Line schipperten um die Jahrhundertwende rund 2 Millionen Europ\u00e4er ins gelobte Land &#8211; Amerika.<\/p>\r\n<p>Der Antwerpener ist seit Anbeginn stolz auf seinen Bahnhof. Autor und Regisseur Jeremy JP Fekete ist auf der Suche nach dieser untrennbaren Verbindung zwischen Bahnhof und B\u00fcrger. Vom zaghaften Kuss ihrer ersten Liebe auf den Bahnhofsb\u00e4nken bis zum Verlust liebgewonnener Kuscheltiere im Gewusel dr\u00e4ngelnder Reisender. Andere wiederum gelangen \u00fcber den Bahnhof nach Antwerpen und blieben ein Leben lang in seiner N\u00e4he. So entstand hinter ihm das \u201eJerusalem des Nordens\u00a0\u00bb, wie man das Diamantenviertel auch nennt. Hier ist man aus Tradition steinreich. Und deshalb ist Antwerpen auch die \u201eStadt der funkelnden Steine\u00a0\u00bb und gr\u00f6\u00dfter Handelsplatz.<\/p>\r\n","protected":false},"excerpt":{"rendered":"<p>&nbsp; Er ist das Juwel in der Stadt der Diamanten. Antwerpen Centraal. Seine gigantische Kuppel erinnert an das Pantheon in Rom. Deswegen wird er im Volksmund auch Eisenbahnkathedrale genannt. Nicht von ungef\u00e4hr galt das palast\u00e4hnliche Bauwerk als steinerne Manifestation der damals aufstrebenden Kolonialmacht. Selbst K\u00f6nig Leopold II. lie\u00df sich bei seinem Anblick 1905 zu einem &hellip; <\/p>\n<p class=\"link-more\"><a href=\"https:\/\/jeremyfekete.com\/fr\/antwerpen-centraal-antwerpen\/\" class=\"more-link\">Lire la suite de<span class=\"screen-reader-text\">\u00ab\u00a0ANTWERPEN CENTRAAL &#8211; ANTWERPEN\u00a0\u00bb<\/span><\/a><\/p>\n","protected":false},"author":1,"featured_media":5993,"parent":0,"menu_order":0,"comment_status":"closed","ping_status":"closed","template":"","meta":{"footnotes":""},"class_list":["post-34565","page","type-page","status-publish","has-post-thumbnail","hentry"],"jetpack_sharing_enabled":true,"featured_media_urls":{"thumbnail":["https:\/\/jeremyfekete.com\/wp-content\/uploads\/2015\/11\/eisenbahn-kathedrale-antwerpen-df50fc41-6afe-4942-bc63-882f0adf3bcb-150x150.jpg",150,150,true],"medium":["https:\/\/jeremyfekete.com\/wp-content\/uploads\/2015\/11\/eisenbahn-kathedrale-antwerpen-df50fc41-6afe-4942-bc63-882f0adf3bcb-300x251.jpg",300,251,true],"medium_large":["https:\/\/jeremyfekete.com\/wp-content\/uploads\/2015\/11\/eisenbahn-kathedrale-antwerpen-df50fc41-6afe-4942-bc63-882f0adf3bcb.jpg",768,643,false],"large":["https:\/\/jeremyfekete.com\/wp-content\/uploads\/2015\/11\/eisenbahn-kathedrale-antwerpen-df50fc41-6afe-4942-bc63-882f0adf3bcb.jpg",899,753,false],"1536x1536":["https:\/\/jeremyfekete.com\/wp-content\/uploads\/2015\/11\/eisenbahn-kathedrale-antwerpen-df50fc41-6afe-4942-bc63-882f0adf3bcb.jpg",899,753,false],"2048x2048":["https:\/\/jeremyfekete.com\/wp-content\/uploads\/2015\/11\/eisenbahn-kathedrale-antwerpen-df50fc41-6afe-4942-bc63-882f0adf3bcb.jpg",899,753,false],"inspiro-featured-image":["https:\/\/jeremyfekete.com\/wp-content\/uploads\/2015\/11\/eisenbahn-kathedrale-antwerpen-df50fc41-6afe-4942-bc63-882f0adf3bcb.jpg",899,753,false],"inspiro-loop":["https:\/\/jeremyfekete.com\/wp-content\/uploads\/2015\/11\/eisenbahn-kathedrale-antwerpen-df50fc41-6afe-4942-bc63-882f0adf3bcb-899x320.jpg",899,320,true],"inspiro-loop@2x":["https:\/\/jeremyfekete.com\/wp-content\/uploads\/2015\/11\/eisenbahn-kathedrale-antwerpen-df50fc41-6afe-4942-bc63-882f0adf3bcb-899x640.jpg",899,640,true],"portfolio_item-thumbnail":["https:\/\/jeremyfekete.com\/wp-content\/uploads\/2015\/11\/eisenbahn-kathedrale-antwerpen-df50fc41-6afe-4942-bc63-882f0adf3bcb-600x400.jpg",600,400,true],"portfolio_item-thumbnail@2x":["https:\/\/jeremyfekete.com\/wp-content\/uploads\/2015\/11\/eisenbahn-kathedrale-antwerpen-df50fc41-6afe-4942-bc63-882f0adf3bcb.jpg",899,753,false],"portfolio_item-masonry":["https:\/\/jeremyfekete.com\/wp-content\/uploads\/2015\/11\/eisenbahn-kathedrale-antwerpen-df50fc41-6afe-4942-bc63-882f0adf3bcb-600x503.jpg",600,503,true],"portfolio_item-masonry@2x":["https:\/\/jeremyfekete.com\/wp-content\/uploads\/2015\/11\/eisenbahn-kathedrale-antwerpen-df50fc41-6afe-4942-bc63-882f0adf3bcb.jpg",899,753,false],"portfolio_item-thumbnail_cinema":["https:\/\/jeremyfekete.com\/wp-content\/uploads\/2015\/11\/eisenbahn-kathedrale-antwerpen-df50fc41-6afe-4942-bc63-882f0adf3bcb-800x335.jpg",800,335,true],"portfolio_item-thumbnail_portrait":["https:\/\/jeremyfekete.com\/wp-content\/uploads\/2015\/11\/eisenbahn-kathedrale-antwerpen-df50fc41-6afe-4942-bc63-882f0adf3bcb-600x753.jpg",600,753,true],"portfolio_item-thumbnail_portrait@2x":["https:\/\/jeremyfekete.com\/wp-content\/uploads\/2015\/11\/eisenbahn-kathedrale-antwerpen-df50fc41-6afe-4942-bc63-882f0adf3bcb.jpg",899,753,false],"portfolio_item-thumbnail_square":["https:\/\/jeremyfekete.com\/wp-content\/uploads\/2015\/11\/eisenbahn-kathedrale-antwerpen-df50fc41-6afe-4942-bc63-882f0adf3bcb-800x753.jpg",800,753,true]},"_links":{"self":[{"href":"https:\/\/jeremyfekete.com\/fr\/wp-json\/wp\/v2\/pages\/34565","targetHints":{"allow":["GET"]}}],"collection":[{"href":"https:\/\/jeremyfekete.com\/fr\/wp-json\/wp\/v2\/pages"}],"about":[{"href":"https:\/\/jeremyfekete.com\/fr\/wp-json\/wp\/v2\/types\/page"}],"author":[{"embeddable":true,"href":"https:\/\/jeremyfekete.com\/fr\/wp-json\/wp\/v2\/users\/1"}],"replies":[{"embeddable":true,"href":"https:\/\/jeremyfekete.com\/fr\/wp-json\/wp\/v2\/comments?post=34565"}],"version-history":[{"count":0,"href":"https:\/\/jeremyfekete.com\/fr\/wp-json\/wp\/v2\/pages\/34565\/revisions"}],"wp:featuredmedia":[{"embeddable":true,"href":"https:\/\/jeremyfekete.com\/fr\/wp-json\/wp\/v2\/media\/5993"}],"wp:attachment":[{"href":"https:\/\/jeremyfekete.com\/fr\/wp-json\/wp\/v2\/media?parent=34565"}],"curies":[{"name":"wp","href":"https:\/\/api.w.org\/{rel}","templated":true}]}}