{"id":34568,"date":"2016-01-18T09:40:28","date_gmt":"2016-01-18T07:40:28","guid":{"rendered":"http:\/\/jeremyfekete.com\/stazione-centrale-milano-3\/"},"modified":"2021-09-17T18:51:45","modified_gmt":"2021-09-17T16:51:45","slug":"stazione-centrale-milano","status":"publish","type":"page","link":"https:\/\/jeremyfekete.com\/fr\/stazione-centrale-milano\/","title":{"rendered":"STAZIONE CENTRALE \u2013 MILANO"},"content":{"rendered":"\r\n<p>&nbsp;<\/p>\r\n<p>Einem Steingebirge gleich erhebt sich inmitten der Stadt Milano Centrale &#8211; Mailands Hauptbahnhof. Seine Entstehung dauerte 25 Jahre. Am Ende erschuf sich Mailand eine Bahnhofskathedrale. Ein Monumentalbau gepr\u00e4gt von zwei Epochen: der Monarchie und dem Faschismus.<\/p>\r\n<p>Spuren dieser politischen Systeme finden sich heute noch am Kopfende von Gleis 21. Wie den \u201esala reale\u00a0\u00bb &#8211; den k\u00f6niglichen Wartesaal des Savoyer K\u00f6nigs. Und wer genau hinschaut erkennt noch die Zeichen der nachfolgenden Herrschaft Benito Mussolinis. Ein Hakenkreuz eingelassen in das h\u00f6lzerne Parkett des Wartesaals. Lange Zeit lag es unter einem riesigen Teppichs versteckt.<\/p>\r\n<p>Man erschuf ihn zu einer Zeit als der italienische \u201eStile Liberty\u00a0\u00bb in Mode kam. Er pr\u00e4gte die Kunst, Architektur und Mailand. So auch das Kasino von San Pellegrino Terme. Ein Spiel- und Lusttempel der Mail\u00e4nder Bourgeoisie. Hierhin reiste man mit der Bahn und verbrachte seine Zeit beim Kuren und verbotenen Spielen.<\/p>\r\n<p>Zur Zeit der Industrialisierung erbl\u00fchte in Italien die Gestaltung moderner Nekropolen. Autor &amp; Regisseur Jeremy JP Fekete entdeckt nahe den Rangiergleisen des Mail\u00e4nder Bahnhofes den 1866 er\u00f6ffneten Cimitero Monumentale. Mit allegorischen Todesengeln und trauernden Marien verband man die Vorstellung einer \u201eStadt der Toten\u00a0\u00bb inmitten der \u201eStadt der Lebenden\u00a0\u00bb. Erschaffen als eine Nekropole f\u00fcr die Mail\u00e4nder Bourgeoisie.<\/p>\r\n<p>In der Squadra Rialzo, der alten Mechanikerwerkst\u00e4tte des Mail\u00e4nder Bahnhofes findet man sie noch:\u00a0 Sch\u00e4tze aus der Eisenbahnzeit. Unter anderem Lokomotiven die heute noch die Bahnstrecken des Umlands\u00a0 befahren und das Herz jedes alten und jungen Lokf\u00fchrers h\u00f6her schlagen lassen. Denn eine zu Lokomotive fahren ist f\u00fcr einige gar eine Lebensphilosophie.<\/p>\r\n","protected":false},"excerpt":{"rendered":"<p>&nbsp; Einem Steingebirge gleich erhebt sich inmitten der Stadt Milano Centrale &#8211; Mailands Hauptbahnhof. Seine Entstehung dauerte 25 Jahre. Am Ende erschuf sich Mailand eine Bahnhofskathedrale. Ein Monumentalbau gepr\u00e4gt von zwei Epochen: der Monarchie und dem Faschismus. Spuren dieser politischen Systeme finden sich heute noch am Kopfende von Gleis 21. Wie den \u201esala reale\u00a0\u00bb &#8211; &hellip; <\/p>\n<p class=\"link-more\"><a href=\"https:\/\/jeremyfekete.com\/fr\/stazione-centrale-milano\/\" class=\"more-link\">Lire la suite de<span class=\"screen-reader-text\">\u00ab\u00a0STAZIONE CENTRALE \u2013 MILANO\u00a0\u00bb<\/span><\/a><\/p>\n","protected":false},"author":1,"featured_media":33747,"parent":0,"menu_order":0,"comment_status":"closed","ping_status":"closed","template":"","meta":{"footnotes":""},"class_list":["post-34568","page","type-page","status-publish","has-post-thumbnail","hentry"],"jetpack_sharing_enabled":true,"featured_media_urls":{"thumbnail":["https:\/\/jeremyfekete.com\/wp-content\/uploads\/2017\/03\/Gares-en-Europe-Milan_0080-3-150x150.jpg",150,150,true],"medium":["https:\/\/jeremyfekete.com\/wp-content\/uploads\/2017\/03\/Gares-en-Europe-Milan_0080-3-300x200.jpg",300,200,true],"medium_large":["https:\/\/jeremyfekete.com\/wp-content\/uploads\/2017\/03\/Gares-en-Europe-Milan_0080-3-768x512.jpg",768,512,true],"large":["https:\/\/jeremyfekete.com\/wp-content\/uploads\/2017\/03\/Gares-en-Europe-Milan_0080-3-1024x683.jpg",950,634,true],"1536x1536":["https:\/\/jeremyfekete.com\/wp-content\/uploads\/2017\/03\/Gares-en-Europe-Milan_0080-3-1536x1024.jpg",1536,1024,true],"2048x2048":["https:\/\/jeremyfekete.com\/wp-content\/uploads\/2017\/03\/Gares-en-Europe-Milan_0080-3-2048x1365.jpg",2048,1365,true],"inspiro-featured-image":["https:\/\/jeremyfekete.com\/wp-content\/uploads\/2017\/03\/Gares-en-Europe-Milan_0080-3-2000x1333.jpg",2000,1333,true],"inspiro-loop":["https:\/\/jeremyfekete.com\/wp-content\/uploads\/2017\/03\/Gares-en-Europe-Milan_0080-3-950x320.jpg",950,320,true],"inspiro-loop@2x":["https:\/\/jeremyfekete.com\/wp-content\/uploads\/2017\/03\/Gares-en-Europe-Milan_0080-3-1900x640.jpg",1900,640,true],"portfolio_item-thumbnail":["https:\/\/jeremyfekete.com\/wp-content\/uploads\/2017\/03\/Gares-en-Europe-Milan_0080-3-600x400.jpg",600,400,true],"portfolio_item-thumbnail@2x":["https:\/\/jeremyfekete.com\/wp-content\/uploads\/2017\/03\/Gares-en-Europe-Milan_0080-3-1200x800.jpg",1200,800,true],"portfolio_item-masonry":["https:\/\/jeremyfekete.com\/wp-content\/uploads\/2017\/03\/Gares-en-Europe-Milan_0080-3-600x400.jpg",600,400,true],"portfolio_item-masonry@2x":["https:\/\/jeremyfekete.com\/wp-content\/uploads\/2017\/03\/Gares-en-Europe-Milan_0080-3-1200x800.jpg",1200,800,true],"portfolio_item-thumbnail_cinema":["https:\/\/jeremyfekete.com\/wp-content\/uploads\/2017\/03\/Gares-en-Europe-Milan_0080-3-800x335.jpg",800,335,true],"portfolio_item-thumbnail_portrait":["https:\/\/jeremyfekete.com\/wp-content\/uploads\/2017\/03\/Gares-en-Europe-Milan_0080-3-600x900.jpg",600,900,true],"portfolio_item-thumbnail_portrait@2x":["https:\/\/jeremyfekete.com\/wp-content\/uploads\/2017\/03\/Gares-en-Europe-Milan_0080-3-1200x1800.jpg",1200,1800,true],"portfolio_item-thumbnail_square":["https:\/\/jeremyfekete.com\/wp-content\/uploads\/2017\/03\/Gares-en-Europe-Milan_0080-3-800x800.jpg",800,800,true]},"_links":{"self":[{"href":"https:\/\/jeremyfekete.com\/fr\/wp-json\/wp\/v2\/pages\/34568","targetHints":{"allow":["GET"]}}],"collection":[{"href":"https:\/\/jeremyfekete.com\/fr\/wp-json\/wp\/v2\/pages"}],"about":[{"href":"https:\/\/jeremyfekete.com\/fr\/wp-json\/wp\/v2\/types\/page"}],"author":[{"embeddable":true,"href":"https:\/\/jeremyfekete.com\/fr\/wp-json\/wp\/v2\/users\/1"}],"replies":[{"embeddable":true,"href":"https:\/\/jeremyfekete.com\/fr\/wp-json\/wp\/v2\/comments?post=34568"}],"version-history":[{"count":0,"href":"https:\/\/jeremyfekete.com\/fr\/wp-json\/wp\/v2\/pages\/34568\/revisions"}],"wp:featuredmedia":[{"embeddable":true,"href":"https:\/\/jeremyfekete.com\/fr\/wp-json\/wp\/v2\/media\/33747"}],"wp:attachment":[{"href":"https:\/\/jeremyfekete.com\/fr\/wp-json\/wp\/v2\/media?parent=34568"}],"curies":[{"name":"wp","href":"https:\/\/api.w.org\/{rel}","templated":true}]}}