{"id":3880,"date":"2014-04-02T07:26:23","date_gmt":"2014-04-02T05:26:23","guid":{"rendered":"http:\/\/jeremyfekete.com\/?page_id=3880"},"modified":"2022-03-04T12:25:32","modified_gmt":"2022-03-04T10:25:32","slug":"filmographie-3","status":"publish","type":"page","link":"https:\/\/jeremyfekete.com\/fr\/filmographie-3\/","title":{"rendered":"FILMOGRAPHIE"},"content":{"rendered":"\n\n\t<p>&nbsp;<\/p>\n<h4><strong><a title=\"Filmografie als PDF\" href=\"http:\/\/jeremyfekete.com\/wp-content\/uploads\/2014\/10\/JEREMY-FEKETE-FILMOGRAPHIE-2014-zum-Erg\u00e4nzen.pdf\" target=\"_blank\" rel=\"noopener noreferrer\">FILMOGRAPHIE \u00a0en \u00a0PDF<\/a><\/strong><\/h4>\n<p>&nbsp;<\/p>\n<p>S \u00c9 L E C T I O N<\/p>\n<p>&nbsp;<\/p>\n<p>2021\/22<\/p>\n<p>&nbsp;<\/p>\n<p>LA BEAUT\u00c9 SAUVAGE DES BALKANS<\/p>\n<p>RAUE WELTEN &#8211; WILDE SCH\u00d6NHEITEN<\/p>\n<p>BOSNIE ET HERZ\u00c9GOVINE<\/p>\n<p>CROATIE<\/p>\n<p>MONT\u00c9N\u00c9GRO<\/p>\n<p>ALBANIE<\/p>\n<p>BULGARIE<\/p>\n<p>GR\u00c8CE<\/p>\n<p>DOKU-MEHRTEILER \/ 6 FOLGEN \/ ZDF \/ ARTE \/\u00a052&prime; INTERNATIONAL \/\u00a043&prime; ARTE<\/p>\n<p>&nbsp;<\/p>\n<p>2019\/20<\/p>\n<p>LIBERACE &#8211; LE ROI FLAMBOYANT<\/p>\n<p>FILM DOCUMENTAIRES AVEC UNE SORTIE EN SALLE<\/p>\n<p>RB\/ARTE \/\u00a090&prime; INTERNATIONAL \/\u00a090&prime; RB\/ARTE<\/p>\n<p>&nbsp;<\/p>\n<p>2016\/17<\/p>\n<p>GARES D&rsquo;EUROPE- LES TEMPLES DU VOYAGE<\/p>\n<p>CATHEDRALS OF STEAM- EUROPE&rsquo;S FIRST RAILWAY STATIONS<\/p>\n<p>STAZIONE CENTRALE &#8211; MILANO<\/p>\n<p>NYUGATI P\u00c1LYAUDVAR &#8211; BUDAPEST<\/p>\n<p>ST. PANCRAS &#8211; LONDON<\/p>\n<p>ANTWERPEN CENTRAAL &#8211; ANTWERPEN<\/p>\n<p>GARE DE LYON &#8211; PARIS<\/p>\n<p>DOKU-MEHRTEILER \/\u00a05 FOLGEN \/ ARTE G.E.I.E. \/\u00a052&prime; INTERNATIONAL \/\u00a043&prime; ARTE<\/p>\n<p>&nbsp;<\/p>\n<p>&nbsp;<\/p>\n<p>2015\/16<\/p>\n<p>STATIONS-SERVICE \u00a0SUPERSTARS<\/p>\n<p>GASOLINE DELUXE<\/p>\n<p>BERLIN \/ ALLEMAGNE<\/p>\n<p>COPENHAGUE \/ DANEMARK<\/p>\n<p>BAD GASTEIN \/ AUTRICHE<\/p>\n<p>PARIS \/ FRANCE<\/p>\n<p>LUXEMBURG<\/p>\n<p>WIEN \/ AUTRICHE<\/p>\n<p>WIEN \/ AUTRICHE<\/p>\n<p>MAILAND \/ ITALY<\/p>\n<p>MAT\u00da\u0160KOVO \/ SLOWAKEI<\/p>\n<p>BERLIN \/ ALLEMAGNE<\/p>\n<p>DOKU-MEHRTEILER \/ 10\u00a0FOLGEN \/ ZDF \/ ARTE \/\u00a030&prime; INTERNATIONAL \/\u00a030&prime; ZDF\/ARTE<\/p>\n<p>&nbsp;<\/p>\n<p>&nbsp;<\/p>\n<p>2015\/16<\/p>\n<p>STATIONS-SERVICE \u00a0SUPERSTARS &#8211; LE FILM<\/p>\n<p>GASOLINE DELUXE<\/p>\n<p>DOKUMENTARFILM \/\u00a0ZDF\/ARTE \/\u00a0ORF2 \/\u00a090&prime; INTERNATIONAL \/\u00a090&prime; ZDF \/ ARTE \/\u00a070&prime; ORF2<\/p>\n<p>&nbsp;<\/p>\n<p>&nbsp;<\/p>\n<p>2013\/2014<\/p>\n<p>LES ROUTES MYTHIQUES DE L&rsquo;EUROPE-SUR LES TRACES DES ROMAINES<\/p>\n<p>BACKROADS EUROPE &#8211; ON ROMAN ROUTES<\/p>\n<p>VIA JULIA \/ DEUTSCHLAND<\/p>\n<p>VIA CASSIA \/ ITALIEN<\/p>\n<p>VIA PUBLICAE \/ PORTUGAL<\/p>\n<p>VIA AQUITANIA \/ FRANKREICH<\/p>\n<p>VIA ROMANA \/ SCHWEIZ<\/p>\n<p>DOKU-MEHRTEILER \/ 5 FOLGEN \/ ARTE G.E.I.E. \/\u00a052&prime; INTERNATIONAL \/\u00a043&prime; ARTE<\/p>\n<p>&nbsp;<\/p>\n<p>&nbsp;<\/p>\n<p>2011\/12 <\/p>\n<p>L&rsquo;EUROPE EN CH\u00c2TEAUX &#8211; SUR LES TRACES DE LA NOBLESSE<\/p>\n<p>CASTLES AND PALACES OF EUROPE\u00a0&#8211; ON THE FOOTSTEPS OF NOBILITY\u00a0<\/p>\n<p>BADE-WURTTEMBERG \/ ALLEMAGNE<\/p>\n<p>PI\u00c9MONT \/ ITALY<\/p>\n<p>ESTR\u00c9MADURA \/ LE PORTUGAL<\/p>\n<p>DOKU-MEHRTEILER \/ 3\u00a0FOLGEN \/ ZDF \/ ARTE \/\u00a052&prime; INTERNATIONAL \/\u00a043&prime; ARTE<\/p>\n<p>&nbsp;<\/p>\n<p>2012<\/p>\n<p>MOI JE&#8230; le com\u00e9dien UDO KIER<\/p>\n<p>ME &#8211; UDO &#8230; STARRING UDO KIER<\/p>\n<p>&nbsp;<\/p>\n<p>A WESTERN ROAD SHORT-DOCUMENTARY<\/p>\n<p>FILM DOCUMENTAIRES \/\u00a0RB \/ ARTE \/\u00a043&prime; INTERNATIONAL \/\u00a043&prime; ARTE<\/p>\n<p>&nbsp;<\/p>\n<p>2011<\/p>\n<p>UNIVERS RECOMPOS\u00c9S &#8211;\u00a0LE PHOTOGRAPHE THOMAS DEMAND<\/p>\n<p>MEMORIES ON DEMAND &#8211;\u00a0THE IMAGERY OF THOMAS DEMAND<\/p>\n<p>&nbsp;<\/p>\n<p>ART ET CULTURE \/\u00a0RB \/ ARTE \/\u00a027&prime; INTERNATIONAL \/\u00a027&prime; ARTE<\/p>\n<p>&nbsp;<\/p>\n<p>2007<\/p>\n<p>INSTANTAN\u00c9S DE STARS &#8211;\u00a0LE PHOTOGRAPH ROBERT LEBECK<\/p>\n<p>MOMENTS &#8211;\u00a0THE FOTOGRAPHER ROBERT LEBECK<\/p>\n<p>ART ET CULTURE \/\u00a0RBB \/ ARTE \/\u00a027&prime; INTERNATIONAL \/\u00a027&prime; ARTE<\/p>\n<p>&nbsp;<\/p>\n<p>2006<\/p>\n<p>LA RENAISSENCE DES PIERRES &#8211;\u00a0I.M. PEI ET L&rsquo;ARSENAL DU ROI<\/p>\n<p>BUILDING ON THE PAST &#8211;\u00a0I.M.PEI AND THE ROYAL ARSENAL<\/p>\n<p>ART ET CULTURE \/\u00a0RBB \/ ARTE \/\u00a027&prime; INTERNATIONAL \/\u00a027&prime; ARTE<\/p>\n<p>&nbsp;<\/p>\n<p>&nbsp;<\/p>\n<p>2005<\/p>\n<p>BAHNHOF ZOO &#8211; GATEWAY \u00c1 L&rsquo;OUEST<\/p>\n<p>BAHNHOF ZOO \u00a0&#8211; GATE TO THE WEST<\/p>\n<p>FILM DOCUMENTAIRE \/ GESELLSCHAFT \/\u00a0RBB \/\u00a043&prime; RBB<\/p>\n<p>&nbsp;<\/p>\n<p>2004<\/p>\n<p>IDOLES &#8211; ROMY SCHNEIDER &#8211;\u00a0LEUR VIE DERRI\u00c8RE LES TITRES<\/p>\n<p>IDOLS &#8211; ROMY SCHNEIDER &#8211;\u00a0HER LIVE BEHIND THE HEADLINES<\/p>\n<p>FILM DOCUMENTAIRE \/\u00a0ZDF \/ 43&prime; INTERNATIONAL \/\u00a043&prime; ZDF<\/p>\n<p>&nbsp;<\/p>\n<p>2003<\/p>\n<p>LES MIS\u00c9RABLES &#8211; UNE MUSICAL POUR BERLIN- LE TH\u00c9\u00c2TRE DE L&rsquo;OUEST AU NOUVEAU RYTHME<\/p>\n<p>LES MIS\u00c9RABLES &#8211; A MUSICAL FOR BERLIN &#8211;\u00a0THE WESTSIDE THEATRE IN HIS NEW RHYTHM<\/p>\n<p>FILM DOCUMENTAIRE \/ GESELLSCHAFT \/ KULTUR \/\u00a0RBB \/ 52&prime;<\/p>\n<p>&nbsp;<\/p>\n<p>1999<\/p>\n<p>UNE VILLE HISSE LES FANIONS\u00a0&#8211;\u00a0LE TH\u00c9\u00c2TRE DU MONDE \u00c1 BERLIN<\/p>\n<p>A CITY MAKES A STAND &#8211; THE WORLD THEATER IN BERLIN<\/p>\n<p>ARTE-THEME SOIR\u00c9E<\/p>\n<p>FILM DOCUMENTAIRE \/ KUNST \/ KULTUR \/\u00a0ARTE \/\u00a072&prime; INTERNATIONAL \/\u00a072&prime; ARTE<\/p>\n<p>&nbsp;<\/p>\n<p>&nbsp;<\/p>\n<p>&nbsp;<\/p>\n\n","protected":false},"excerpt":{"rendered":"<p>&nbsp; FILMOGRAPHIE \u00a0en \u00a0PDF &nbsp; S \u00c9 L E C T I O N &nbsp; 2021\/22 &nbsp; LA BEAUT\u00c9 SAUVAGE DES BALKANS RAUE WELTEN &#8211; WILDE SCH\u00d6NHEITEN BOSNIE ET HERZ\u00c9GOVINE CROATIE MONT\u00c9N\u00c9GRO ALBANIE BULGARIE GR\u00c8CE DOKU-MEHRTEILER \/ 6 FOLGEN \/ ZDF \/ ARTE \/\u00a052&prime; INTERNATIONAL \/\u00a043&prime; ARTE &nbsp; 2019\/20 LIBERACE &#8211; LE ROI FLAMBOYANT FILM &hellip; <\/p>\n<p class=\"link-more\"><a href=\"https:\/\/jeremyfekete.com\/fr\/filmographie-3\/\" class=\"more-link\">Lire la suite de<span class=\"screen-reader-text\">\u00ab\u00a0FILMOGRAPHIE\u00a0\u00bb<\/span><\/a><\/p>\n","protected":false},"author":1,"featured_media":37899,"parent":0,"menu_order":0,"comment_status":"closed","ping_status":"closed","template":"","meta":{"footnotes":""},"class_list":["post-3880","page","type-page","status-publish","has-post-thumbnail","hentry"],"jetpack_sharing_enabled":true,"featured_media_urls":{"thumbnail":["https:\/\/jeremyfekete.com\/wp-content\/uploads\/2021\/08\/IMG_3445-2-4-150x150.jpg",150,150,true],"medium":["https:\/\/jeremyfekete.com\/wp-content\/uploads\/2021\/08\/IMG_3445-2-4-300x107.jpg",300,107,true],"medium_large":["https:\/\/jeremyfekete.com\/wp-content\/uploads\/2021\/08\/IMG_3445-2-4-768x274.jpg",768,274,true],"large":["https:\/\/jeremyfekete.com\/wp-content\/uploads\/2021\/08\/IMG_3445-2-4-1024x365.jpg",950,339,true],"1536x1536":["https:\/\/jeremyfekete.com\/wp-content\/uploads\/2021\/08\/IMG_3445-2-4-1536x547.jpg",1536,547,true],"2048x2048":["https:\/\/jeremyfekete.com\/wp-content\/uploads\/2021\/08\/IMG_3445-2-4-2048x730.jpg",2048,730,true],"inspiro-featured-image":["https:\/\/jeremyfekete.com\/wp-content\/uploads\/2021\/08\/IMG_3445-2-4-2000x712.jpg",2000,712,true],"inspiro-loop":["https:\/\/jeremyfekete.com\/wp-content\/uploads\/2021\/08\/IMG_3445-2-4-950x320.jpg",950,320,true],"inspiro-loop@2x":["https:\/\/jeremyfekete.com\/wp-content\/uploads\/2021\/08\/IMG_3445-2-4-scaled-1900x640.jpg",1900,640,true],"portfolio_item-thumbnail":["https:\/\/jeremyfekete.com\/wp-content\/uploads\/2021\/08\/IMG_3445-2-4-scaled-600x400.jpg",600,400,true],"portfolio_item-thumbnail@2x":["https:\/\/jeremyfekete.com\/wp-content\/uploads\/2021\/08\/IMG_3445-2-4-scaled-1200x800.jpg",1200,800,true],"portfolio_item-masonry":["https:\/\/jeremyfekete.com\/wp-content\/uploads\/2021\/08\/IMG_3445-2-4-scaled-600x214.jpg",600,214,true],"portfolio_item-masonry@2x":["https:\/\/jeremyfekete.com\/wp-content\/uploads\/2021\/08\/IMG_3445-2-4-scaled-1200x428.jpg",1200,428,true],"portfolio_item-thumbnail_cinema":["https:\/\/jeremyfekete.com\/wp-content\/uploads\/2021\/08\/IMG_3445-2-4-scaled-800x335.jpg",800,335,true],"portfolio_item-thumbnail_portrait":["https:\/\/jeremyfekete.com\/wp-content\/uploads\/2021\/08\/IMG_3445-2-4-scaled-600x900.jpg",600,900,true],"portfolio_item-thumbnail_portrait@2x":["https:\/\/jeremyfekete.com\/wp-content\/uploads\/2021\/08\/IMG_3445-2-4-scaled-1200x912.jpg",1200,912,true],"portfolio_item-thumbnail_square":["https:\/\/jeremyfekete.com\/wp-content\/uploads\/2021\/08\/IMG_3445-2-4-scaled-800x800.jpg",800,800,true]},"_links":{"self":[{"href":"https:\/\/jeremyfekete.com\/fr\/wp-json\/wp\/v2\/pages\/3880","targetHints":{"allow":["GET"]}}],"collection":[{"href":"https:\/\/jeremyfekete.com\/fr\/wp-json\/wp\/v2\/pages"}],"about":[{"href":"https:\/\/jeremyfekete.com\/fr\/wp-json\/wp\/v2\/types\/page"}],"author":[{"embeddable":true,"href":"https:\/\/jeremyfekete.com\/fr\/wp-json\/wp\/v2\/users\/1"}],"replies":[{"embeddable":true,"href":"https:\/\/jeremyfekete.com\/fr\/wp-json\/wp\/v2\/comments?post=3880"}],"version-history":[{"count":0,"href":"https:\/\/jeremyfekete.com\/fr\/wp-json\/wp\/v2\/pages\/3880\/revisions"}],"wp:featuredmedia":[{"embeddable":true,"href":"https:\/\/jeremyfekete.com\/fr\/wp-json\/wp\/v2\/media\/37899"}],"wp:attachment":[{"href":"https:\/\/jeremyfekete.com\/fr\/wp-json\/wp\/v2\/media?parent=3880"}],"curies":[{"name":"wp","href":"https:\/\/api.w.org\/{rel}","templated":true}]}}