{"id":3887,"date":"2014-04-01T21:09:29","date_gmt":"2014-04-01T19:09:29","guid":{"rendered":"http:\/\/jeremyfekete.com\/?page_id=3887"},"modified":"2022-03-08T08:50:48","modified_gmt":"2022-03-08T06:50:48","slug":"client-television-societe-de-production","status":"publish","type":"page","link":"https:\/\/jeremyfekete.com\/fr\/client-television-societe-de-production\/","title":{"rendered":"R\u00c9F\u00c9RENCES"},"content":{"rendered":"\n\n\t<p>&nbsp;<\/p>\n<p>&nbsp;<\/p>\n<p>S \u00c9 L E C T I O N<\/p>\n<p>&nbsp;<\/p>\n<p><strong>T\u00c9L\u00c9VISION\u00a0<\/strong><strong>INTERNATIONAL<\/strong>\u00a0 \u00a0 \u00a0 \u00a0 \u00a0 \u00a0 \u00a0 \u00a0 \u00a0 \u00a0 \u00a0 \u00a0 \u00a0 \u00a0 \u00a0 \u00a0 \u00a0 \u00a0 \u00a0 \u00a0 \u00a0 \u00a0 \u00a0 \u00a0 \u00a0 \u00a0<strong>ALLEMAGNE<\/strong><strong>, FRANCE<\/strong><\/p>\n<p>&nbsp;<\/p>\n<p><a title=\"facebook\" href=\"https:\/\/www.facebook.com\/artetv?fref=ts\" target=\"_blank\" rel=\"noopener noreferrer\">ARTE<\/a>\u00a0 \u00a0 \u00a0 \u00a0 \u00a0 \u00a0 \u00a0 \u00a0 \u00a0 \u00a0 \u00a0 \u00a0 \u00a0 \u00a0 \u00a0 \u00a0 \u00a0 \u00a0 \u00a0 \u00a0 \u00a0 \u00a0 \u00a0 \u00a0 \u00a0 \u00a0 \u00a0 \u00a0 \u00a0 \u00a0 \u00a0 \u00a0 \u00a0 \u00a0 \u00a0 \u00a0 \u00a0 \u00a0 \u00a0 \u00a0 \u00a0 \u00a0 \u00a0 \u00a0 \u00a0 \u00a0 \u00a0 \u00a0 ASSOCIATION RELATIVE \u00c0 LA T\u00c9L\u00c9VISION EUROP\u00c9ENNE<\/p>\n<p><a title=\"facebook\" href=\"https:\/\/www.facebook.com\/ZDF?fref=ts\" target=\"_blank\" rel=\"noopener noreferrer\">ZDF<\/a>\u00a0 \u00a0 \u00a0 \u00a0 \u00a0 \u00a0 \u00a0 \u00a0 \u00a0 \u00a0 \u00a0 \u00a0 \u00a0 \u00a0 \u00a0 \u00a0 \u00a0 \u00a0 \u00a0 \u00a0 \u00a0 \u00a0 \u00a0 \u00a0 \u00a0 \u00a0 \u00a0 \u00a0 \u00a0 \u00a0 \u00a0 \u00a0 \u00a0 \u00a0 \u00a0 \u00a0 \u00a0 \u00a0 \u00a0 \u00a0 \u00a0 \u00a0 \u00a0 \u00a0 \u00a0 \u00a0 \u00a0 \u00a0 \u00a0 ZWEITES DEUTSCHES FERNSEHEN<\/p>\n<p><a title=\"facebook\" href=\"https:\/\/www.facebook.com\/ARD?fref=ts\" target=\"_blank\" rel=\"noopener noreferrer\">ARD<\/a>\u00a0 \u00a0 \u00a0 \u00a0 \u00a0 \u00a0 \u00a0 \u00a0 \u00a0 \u00a0 \u00a0 \u00a0 \u00a0 \u00a0 \u00a0 \u00a0 \u00a0 \u00a0 \u00a0 \u00a0 \u00a0 \u00a0 \u00a0 \u00a0 \u00a0 \u00a0 \u00a0 \u00a0 \u00a0 \u00a0 \u00a0 \u00a0 \u00a0 \u00a0 \u00a0 \u00a0 \u00a0 \u00a0 \u00a0 \u00a0 \u00a0 \u00a0 \u00a0 \u00a0 \u00a0 \u00a0 \u00a0 \u00a0 \u00a0 ARBEITSGEMEINSCHAFT\u00a0DER \u00d6FFENTLICH-RECHTLICHEN<\/p>\n<p>\u00a0 \u00a0 \u00a0 \u00a0 \u00a0 \u00a0 \u00a0 \u00a0 \u00a0 \u00a0 \u00a0 \u00a0 \u00a0 \u00a0 \u00a0 \u00a0 \u00a0 \u00a0 \u00a0 \u00a0 \u00a0 \u00a0 \u00a0 \u00a0 \u00a0 \u00a0 \u00a0 \u00a0 \u00a0 \u00a0 \u00a0 \u00a0 \u00a0 \u00a0 \u00a0 \u00a0 \u00a0 \u00a0 \u00a0 \u00a0 \u00a0 \u00a0 \u00a0 \u00a0 \u00a0 \u00a0 \u00a0 \u00a0 \u00a0 \u00a0 \u00a0 \u00a0 \u00a0 RUNDFUNKANSTALTEN\u00a0DER\u00a0BUNDESREPUBLIK\u00a0DEUTSCHLAND<\/p>\n<p><a href=\"https:\/\/www.ardmediathek.de\/swr\/live\/Y3JpZDovL3N3ci5kZS8xMzQ4MTA0Mg\">SWR<\/a>\u00a0 \u00a0 \u00a0 \u00a0 \u00a0 \u00a0 \u00a0 \u00a0 \u00a0 \u00a0 \u00a0 \u00a0 \u00a0 \u00a0 \u00a0 \u00a0 \u00a0 \u00a0 \u00a0 \u00a0 \u00a0 \u00a0 \u00a0 \u00a0 \u00a0 \u00a0 \u00a0 \u00a0 \u00a0 \u00a0 \u00a0 \u00a0 \u00a0 \u00a0 \u00a0 \u00a0 \u00a0 \u00a0 \u00a0 \u00a0 \u00a0 \u00a0 \u00a0 \u00a0 \u00a0 \u00a0 \u00a0 \u00a0 \u00a0ARBEITSGEMEINSCHAFT\u00a0DER \u00d6FFENTLICH-RECHTLICHEN<\/p>\n<p>\u00a0 \u00a0 \u00a0 \u00a0 \u00a0 \u00a0 \u00a0 \u00a0 \u00a0 \u00a0 \u00a0 \u00a0 \u00a0 \u00a0 \u00a0 \u00a0 \u00a0 \u00a0 \u00a0 \u00a0 \u00a0 \u00a0 \u00a0 \u00a0 \u00a0 \u00a0 \u00a0 \u00a0 \u00a0 \u00a0 \u00a0 \u00a0 \u00a0 \u00a0 \u00a0 \u00a0 \u00a0 \u00a0 \u00a0 \u00a0 \u00a0 \u00a0 \u00a0 \u00a0 \u00a0 \u00a0 \u00a0 \u00a0 \u00a0 \u00a0 \u00a0 \u00a0 \u00a0 RUNDFUNKANSTALTEN\u00a0DER\u00a0BUNDESREPUBLIK\u00a0DEUTSCHLAND<\/p>\n<p><a title=\"PHOENIX\" href=\"http:\/\/www.phoenix.de\/content\/phoenix\/start\" target=\"_blank\" rel=\"noopener noreferrer\">PHOENIX<\/a>\u00a0 \u00a0 \u00a0 \u00a0 \u00a0 \u00a0 \u00a0 \u00a0 \u00a0 \u00a0 \u00a0 \u00a0 \u00a0 \u00a0 \u00a0 \u00a0 \u00a0 \u00a0 \u00a0 \u00a0 \u00a0 \u00a0 \u00a0 \u00a0 \u00a0 \u00a0 \u00a0 \u00a0 \u00a0 \u00a0 \u00a0 \u00a0 \u00a0 \u00a0 \u00a0 \u00a0 \u00a0 \u00a0 \u00a0 \u00a0 \u00a0 \u00a0 \u00a0 \u00a0 \u00a0KOOPERATIONSSENDER VON ARD UND ZDF<\/p>\n<p><a title=\"3SAT\" href=\"http:\/\/www.3sat.de\/index.html\" target=\"_blank\" rel=\"noopener noreferrer\">3SAT<\/a>\u00a0 \u00a0 \u00a0 \u00a0 \u00a0 \u00a0 \u00a0 \u00a0 \u00a0 \u00a0 \u00a0 \u00a0 \u00a0 \u00a0 \u00a0 \u00a0 \u00a0 \u00a0 \u00a0 \u00a0 \u00a0 \u00a0 \u00a0 \u00a0 \u00a0 \u00a0 \u00a0 \u00a0 \u00a0 \u00a0 \u00a0 \u00a0 \u00a0 \u00a0 \u00a0 \u00a0 \u00a0 \u00a0 \u00a0 \u00a0 \u00a0 \u00a0 \u00a0 \u00a0 \u00a0 \u00a0 \u00a0 \u00a0 GEMEINSCHAFTSSENDER VON ARD, ZDF, ORF, SRG<\/p>\n<p><a href=\"https:\/\/www.ardmediathek.de\/tv\/Deutsche-Welle\/live?kanal=5876\">DW<\/a>\u00a0 \u00a0 \u00a0 \u00a0 \u00a0 \u00a0 \u00a0 \u00a0 \u00a0 \u00a0 \u00a0 \u00a0 \u00a0 \u00a0 \u00a0 \u00a0 \u00a0 \u00a0 \u00a0 \u00a0 \u00a0 \u00a0 \u00a0 \u00a0 \u00a0 \u00a0 \u00a0 \u00a0 \u00a0 \u00a0 \u00a0 \u00a0 \u00a0 \u00a0 \u00a0 \u00a0 \u00a0 \u00a0 \u00a0 \u00a0 \u00a0 \u00a0 \u00a0 \u00a0 \u00a0 \u00a0 \u00a0 \u00a0 \u00a0 \u00a0(STAATLICHER AUSLANDSRUNDFUNK) DER ARD<\/p>\n<p>&nbsp;<\/p>\n<p><strong>CO-PRODUCTION<\/strong>\u00a0 \u00a0 \u00a0 \u00a0 \u00a0 \u00a0 \u00a0 \u00a0 \u00a0 \u00a0 \u00a0 \u00a0 \u00a0 \u00a0 \u00a0 \u00a0 \u00a0 \u00a0 \u00a0 \u00a0 \u00a0 \u00a0 \u00a0 \u00a0 \u00a0 \u00a0 \u00a0 \u00a0 \u00a0 \u00a0 \u00a0 \u00a0 \u00a0 \u00a0 \u00a0 \u00a0\u00a0<strong>ITALIE, PORTUGAL, ANGLETERRE<\/strong><\/p>\n<p><strong>\u00a0 \u00a0 \u00a0 \u00a0 \u00a0 \u00a0 \u00a0 \u00a0 \u00a0 \u00a0 \u00a0 \u00a0 \u00a0 \u00a0 \u00a0 \u00a0 \u00a0 \u00a0 \u00a0 \u00a0 \u00a0 \u00a0 \u00a0 \u00a0 \u00a0 \u00a0 \u00a0 \u00a0 \u00a0 \u00a0 \u00a0 \u00a0 \u00a0 \u00a0 \u00a0 \u00a0 \u00a0 \u00a0 \u00a0 \u00a0 \u00a0 \u00a0 \u00a0 \u00a0 \u00a0 \u00a0 \u00a0 \u00a0 \u00a0 \u00a0 \u00a0 \u00a0 \u00a0 \u00a0 \u00a0 \u00a0 \u00a0 \u00a0 FRANCE, SUISSE, AUTRICHE<\/strong><\/p>\n<p>&nbsp;<\/p>\n<p><a href=\"https:\/\/www2.netflix.com\/de\/title\/80150157\">NETFLIX<\/a>\u00a0 \u00a0 \u00a0 \u00a0 \u00a0 \u00a0 \u00a0 \u00a0 \u00a0 \u00a0 \u00a0 \u00a0 \u00a0 \u00a0 \u00a0 \u00a0 \u00a0 \u00a0 \u00a0 \u00a0 \u00a0 \u00a0 \u00a0 \u00a0 \u00a0 \u00a0 \u00a0 \u00a0 \u00a0 \u00a0 \u00a0 \u00a0 \u00a0 \u00a0 \u00a0 \u00a0 \u00a0 \u00a0 \u00a0 \u00a0 \u00a0 \u00a0 \u00a0 \u00a0 \u00a0STREAMING PORTAL \/ VIDEO-ON-DEMAND<\/p>\n<p><a href=\"https:\/\/www.servustv.com\/de\/Medien\/Europas-legendaere-Routen\">SERVUS TV \u00a0 <\/a>\u00a0 \u00a0 \u00a0 \u00a0 \u00a0 \u00a0 \u00a0 \u00a0 \u00a0 \u00a0 \u00a0 \u00a0 \u00a0 \u00a0 \u00a0 \u00a0 \u00a0 \u00a0 \u00a0 \u00a0 \u00a0 \u00a0 \u00a0 \u00a0 \u00a0 \u00a0 \u00a0 \u00a0 \u00a0 \u00a0 \u00a0 \u00a0 \u00a0 \u00a0 \u00a0 \u00a0 \u00a0 \u00a0 \u00a0 \u00a0 \u00a0PRIVATSENDER RED BULL \u00d6STERREICH<\/p>\n<p><a title=\"ORF\" href=\"http:\/\/orf.at\" target=\"_blank\" rel=\"noopener noreferrer\">ORF<\/a>\u00a0 \u00a0 \u00a0 \u00a0 \u00a0 \u00a0 \u00a0 \u00a0 \u00a0 \u00a0 \u00a0 \u00a0 \u00a0 \u00a0 \u00a0 \u00a0 \u00a0 \u00a0 \u00a0 \u00a0 \u00a0 \u00a0 \u00a0 \u00a0 \u00a0 \u00a0 \u00a0 \u00a0 \u00a0 \u00a0 \u00a0 \u00a0 \u00a0 \u00a0 \u00a0 \u00a0 \u00a0 \u00a0 \u00a0 \u00a0 \u00a0 \u00a0 \u00a0 \u00a0 \u00a0 \u00a0 \u00a0 \u00a0 \u00a0\u00d6STERREICHISCHER RUNDFUNK<\/p>\n<p><a title=\"Homepage\" href=\"http:\/\/www.rai.tv\" target=\"_blank\" rel=\"noopener noreferrer\">RAI<\/a>\u00a0 \u00a0 \u00a0 \u00a0 \u00a0 \u00a0 \u00a0 \u00a0 \u00a0 \u00a0 \u00a0 \u00a0 \u00a0 \u00a0 \u00a0 \u00a0 \u00a0 \u00a0 \u00a0 \u00a0 \u00a0 \u00a0 \u00a0 \u00a0 \u00a0 \u00a0 \u00a0 \u00a0 \u00a0 \u00a0 \u00a0 \u00a0 \u00a0 \u00a0 \u00a0 \u00a0 \u00a0 \u00a0 \u00a0 \u00a0 \u00a0 \u00a0 \u00a0 \u00a0 \u00a0 \u00a0 \u00a0 \u00a0 \u00a0 \u00a0RADIO TELEVISIONE ITALIANA<\/p>\n<p><a title=\"Homepage\" href=\"http:\/\/www.rtp.pt\/homepage\/\" target=\"_blank\" rel=\"noopener noreferrer\">RTP2<\/a>\u00a0 \u00a0 \u00a0 \u00a0 \u00a0 \u00a0 \u00a0 \u00a0 \u00a0 \u00a0 \u00a0 \u00a0 \u00a0 \u00a0 \u00a0 \u00a0 \u00a0 \u00a0 \u00a0 \u00a0 \u00a0 \u00a0 \u00a0 \u00a0 \u00a0 \u00a0 \u00a0 \u00a0 \u00a0 \u00a0 \u00a0 \u00a0 \u00a0 \u00a0 \u00a0 \u00a0 \u00a0 \u00a0 \u00a0 \u00a0 \u00a0 \u00a0 \u00a0 \u00a0 \u00a0 \u00a0 \u00a0 \u00a0R\u00c1DIO E TELEVISAO DE PORTUGAL<\/p>\n<p><a title=\"Homepage\" href=\"http:\/\/www.bbc.co.uk\" target=\"_blank\" rel=\"noopener noreferrer\">BBC<\/a>\u00a0 \u00a0 \u00a0 \u00a0 \u00a0 \u00a0 \u00a0 \u00a0 \u00a0 \u00a0 \u00a0 \u00a0 \u00a0 \u00a0 \u00a0 \u00a0 \u00a0 \u00a0 \u00a0 \u00a0 \u00a0 \u00a0 \u00a0 \u00a0 \u00a0 \u00a0 \u00a0 \u00a0 \u00a0 \u00a0 \u00a0 \u00a0 \u00a0 \u00a0 \u00a0 \u00a0 \u00a0 \u00a0 \u00a0 \u00a0 \u00a0 \u00a0 \u00a0 \u00a0 \u00a0 \u00a0 \u00a0 \u00a0 \u00a0BRITISH BROADCASTING CORPORATION<\/p>\n<p><a title=\"Homepage\" href=\"http:\/\/www.srgssr.ch\" target=\"_blank\" rel=\"noopener noreferrer\">SRG SSR<\/a>\u00a0 \u00a0 \u00a0 \u00a0 \u00a0 \u00a0 \u00a0 \u00a0 \u00a0 \u00a0 \u00a0 \u00a0 \u00a0 \u00a0 \u00a0 \u00a0 \u00a0 \u00a0 \u00a0 \u00a0 \u00a0 \u00a0 \u00a0 \u00a0 \u00a0 \u00a0 \u00a0 \u00a0 \u00a0 \u00a0 \u00a0 \u00a0 \u00a0 \u00a0 \u00a0 \u00a0 \u00a0 \u00a0 \u00a0 \u00a0 \u00a0 \u00a0 \u00a0 \u00a0 \u00a0SCHWEIZERISCHE RADIO- UND FERNSEHGESELLSCHAFT<\/p>\n<p><a title=\"Homepage\" href=\"http:\/\/www.france5.fr\" target=\"_blank\" rel=\"noopener noreferrer\">FRANCE 5<\/a>\u00a0 \u00a0 \u00a0 \u00a0 \u00a0 \u00a0 \u00a0 \u00a0 \u00a0 \u00a0 \u00a0 \u00a0 \u00a0 \u00a0 \u00a0 \u00a0 \u00a0 \u00a0 \u00a0 \u00a0 \u00a0 \u00a0 \u00a0 \u00a0 \u00a0 \u00a0 \u00a0 \u00a0 \u00a0 \u00a0 \u00a0 \u00a0 \u00a0 \u00a0 \u00a0 \u00a0 \u00a0 \u00a0 \u00a0 \u00a0 \u00a0 \u00a0 \u00a0 \u00a0FRANCE T\u00c9L\u00c9VISIONS<\/p>\n<p><a href=\"https:\/\/www.een.be\">\u00c9\u00c9N<\/a>\u00a0 \u00a0 \u00a0 \u00a0 \u00a0 \u00a0 \u00a0 \u00a0 \u00a0 \u00a0 \u00a0 \u00a0 \u00a0 \u00a0 \u00a0 \u00a0 \u00a0 \u00a0 \u00a0 \u00a0 \u00a0 \u00a0 \u00a0 \u00a0 \u00a0 \u00a0 \u00a0 \u00a0 \u00a0 \u00a0 \u00a0 \u00a0 \u00a0 \u00a0 \u00a0 \u00a0 \u00a0 \u00a0 \u00a0 \u00a0 \u00a0 \u00a0 \u00a0 \u00a0 \u00a0 \u00a0 \u00a0 \u00a0 \u00a0 BELGIUM T\u00c9L\u00c9VISIONS<\/p>\n<p>&nbsp;<\/p>\n<p><strong>SOCI\u00c9T\u00c9 DE PRODUCTION INTERNATIONAL<\/strong>\u00a0 \u00a0 \u00a0 \u00a0 \u00a0 \u00a0 \u00a0 \u00a0 \u00a0 \u00a0 \u00a0 \u00a0<strong>BERLIN, BR\u00caME, LEIPZIG, MAYENCE, HAMBOURG<\/strong><\/p>\n<p><strong>\u00a0 \u00a0 \u00a0 \u00a0 \u00a0 \u00a0 \u00a0 \u00a0 \u00a0 \u00a0 \u00a0 \u00a0 \u00a0 \u00a0 \u00a0 \u00a0 \u00a0 \u00a0 \u00a0 \u00a0 \u00a0 \u00a0 \u00a0 \u00a0 \u00a0 \u00a0 \u00a0 \u00a0 \u00a0 \u00a0 \u00a0 \u00a0 \u00a0 \u00a0 \u00a0 \u00a0 \u00a0 \u00a0 \u00a0 \u00a0 \u00a0 \u00a0 \u00a0 \u00a0 \u00a0 \u00a0 \u00a0 \u00a0 \u00a0 \u00a0 \u00a0 \u00a0 \u00a0 \u00a0 \u00a0 \u00a0 \u00a0 TURIN, \u00a0PARIS, \u00a0LISBONNE, BUDAPEST, ANVERS, LONDRES<\/strong><\/p>\n<p><strong>\u00a0<\/strong><\/p>\n<p><a href=\"http:\/\/www.adirector.eu\"><strong>ASSOCIATE DIRECTORS<\/strong><\/a><\/p>\n<p><strong><a title=\"Homepage\" href=\"http:\/\/www.bremedia-produktion.de\/\" target=\"_blank\" rel=\"noopener noreferrer\">BREMEDIA PRODUKTION<\/a><\/strong><\/p>\n<p><strong><a title=\"Homepage\" href=\"http:\/\/www.cine-plus.de\/\" target=\"_blank\" rel=\"noopener noreferrer\">CINE PLUS FILMPRODUKTION GMBH<\/a><\/strong><\/p>\n<p><strong><a title=\"Homepage\" href=\"http:\/\/www.crim-productions.com\/television\/castelos-e-pal%C3%A1cios-da-europa\/\" target=\"_blank\" rel=\"noopener noreferrer\">CRIM PRODUCTIONS<\/a><\/strong><\/p>\n<p><strong><a title=\"GEBR\u00dcDER BEETZ FILMPRODUKTION\" href=\"http:\/\/www.gebrueder-beetz.de\/produktionen\/tankstellen-des-gluecks\" target=\"_blank\" rel=\"noopener noreferrer\">GEBR\u00dcDER BEETZ FILMPRODUKTION<\/a><\/strong><\/p>\n<p><strong><a title=\"Homepage\" href=\"http:\/\/www.intersciencefilm.de\/archives\/category\/projekte\" target=\"_blank\" rel=\"noopener noreferrer\">INTERSCIENCE FILM<\/a><\/strong><\/p>\n<p><strong><a href=\"http:\/\/kinescopefilm.de\">KINESCOPE FILM<\/a><\/strong><\/p>\n<p><strong><a title=\"Homepage\" href=\"http:\/\/www.kobalt.de\/de\/#about-us\" target=\"_blank\" rel=\"noopener noreferrer\">KOBALT PRODUCTIONS<\/a><\/strong><\/p>\n<p><a href=\"https:\/\/www.dokweb.net\/database\/organizations\/about\/2bef62b7-9f2f-4fec-a738-db1c19222a71\/laokoon-film-group-ltd\"><strong>LAOKOON FILMGROUP<\/strong><\/a><\/p>\n<p><strong><a title=\"Homepage\" href=\"http:\/\/www.looksfilm.tv\/\" target=\"_blank\" rel=\"noopener noreferrer\">LOOKS FILMPRODUKTIONEN GMBH<\/a><\/strong><\/p>\n<p><a href=\"https:\/\/fr.wikipedia.org\/wiki\/Denis_Poncet\"><strong>MAHA PRODUCTIONS<\/strong><\/a><\/p>\n<p><strong><a href=\"http:\/\/www.rbb-media.de\">RBB MEDIA<\/a><\/strong><\/p>\n<p><strong><a title=\"Homepage\" href=\"http:\/\/www.stefilm.it\/interne\/major_filmography_eng\/dettaglio_major_filmography_eng.aspx?Id_MajorFilmography=124&amp;tit=CASTLES%20AND%20PALACES%20OF%20EUROPE\" target=\"_blank\" rel=\"noopener noreferrer\">STEFILM INTERNATIONAL SRL.<\/a><\/strong><\/p>\n<p><a href=\"http:\/\/www.tigerlilyproductions.com\"><strong>TIGERLILY PRODUCTIONS<\/strong><\/a><\/p>\n<p><a href=\"https:\/\/vincent-tv.com\"><strong>VINCENT PRODUCTIONS<\/strong><\/a><\/p>\n<p><strong><a title=\"Homepage\" href=\"http:\/\/www.warnermusic.de\/\" target=\"_blank\" rel=\"noopener noreferrer\">WARNER MUSIC GERMANY<\/a><\/strong><\/p>\n<p><strong><a title=\"YUZU PRODUCTIONS\" href=\"http:\/\/www.yuzu-productions.com\" target=\"_blank\" rel=\"noopener noreferrer\">YUZU PRODUCTIONS<\/a><\/strong><\/p>\n<p><strong>\u00a0<\/strong><\/p>\n\n","protected":false},"excerpt":{"rendered":"<p>&nbsp; &nbsp; S \u00c9 L E C T I O N &nbsp; T\u00c9L\u00c9VISION\u00a0INTERNATIONAL\u00a0 \u00a0 \u00a0 \u00a0 \u00a0 \u00a0 \u00a0 \u00a0 \u00a0 \u00a0 \u00a0 \u00a0 \u00a0 \u00a0 \u00a0 \u00a0 \u00a0 \u00a0 \u00a0 \u00a0 \u00a0 \u00a0 \u00a0 \u00a0 \u00a0 \u00a0ALLEMAGNE, FRANCE &nbsp; ARTE\u00a0 \u00a0 \u00a0 \u00a0 \u00a0 \u00a0 \u00a0 \u00a0 \u00a0 \u00a0 \u00a0 \u00a0 \u00a0 \u00a0 \u00a0 &hellip; <\/p>\n<p class=\"link-more\"><a href=\"https:\/\/jeremyfekete.com\/fr\/client-television-societe-de-production\/\" class=\"more-link\">Lire la suite de<span class=\"screen-reader-text\">\u00ab\u00a0R\u00c9F\u00c9RENCES\u00a0\u00bb<\/span><\/a><\/p>\n","protected":false},"author":1,"featured_media":39064,"parent":0,"menu_order":0,"comment_status":"closed","ping_status":"closed","template":"","meta":{"footnotes":""},"class_list":["post-3887","page","type-page","status-publish","has-post-thumbnail","hentry"],"jetpack_sharing_enabled":true,"featured_media_urls":{"thumbnail":["https:\/\/jeremyfekete.com\/wp-content\/uploads\/2022\/03\/IMG_6567-1-scaled-e1646722157330-150x150.jpg",150,150,true],"medium":["https:\/\/jeremyfekete.com\/wp-content\/uploads\/2022\/03\/IMG_6567-1-scaled-e1646722157330-300x79.jpg",300,79,true],"medium_large":["https:\/\/jeremyfekete.com\/wp-content\/uploads\/2022\/03\/IMG_6567-1-scaled-e1646722157330-768x203.jpg",768,203,true],"large":["https:\/\/jeremyfekete.com\/wp-content\/uploads\/2022\/03\/IMG_6567-1-scaled-e1646722157330-1024x271.jpg",950,251,true],"1536x1536":["https:\/\/jeremyfekete.com\/wp-content\/uploads\/2022\/03\/IMG_6567-1-scaled-e1646722157330-1536x407.jpg",1536,407,true],"2048x2048":["https:\/\/jeremyfekete.com\/wp-content\/uploads\/2022\/03\/IMG_6567-1-scaled-e1646722157330-2048x542.jpg",2048,542,true],"inspiro-featured-image":["https:\/\/jeremyfekete.com\/wp-content\/uploads\/2022\/03\/IMG_6567-1-scaled-e1646722157330-2000x530.jpg",2000,530,true],"inspiro-loop":["https:\/\/jeremyfekete.com\/wp-content\/uploads\/2022\/03\/IMG_6567-1-scaled-e1646722157330-950x320.jpg",950,320,true],"inspiro-loop@2x":["https:\/\/jeremyfekete.com\/wp-content\/uploads\/2022\/03\/IMG_6567-1-scaled-e1646722157330-1900x640.jpg",1900,640,true],"portfolio_item-thumbnail":["https:\/\/jeremyfekete.com\/wp-content\/uploads\/2022\/03\/IMG_6567-1-scaled-e1646722157330-600x400.jpg",600,400,true],"portfolio_item-thumbnail@2x":["https:\/\/jeremyfekete.com\/wp-content\/uploads\/2022\/03\/IMG_6567-1-scaled-e1646722157330-1200x678.jpg",1200,678,true],"portfolio_item-masonry":["https:\/\/jeremyfekete.com\/wp-content\/uploads\/2022\/03\/IMG_6567-1-scaled-e1646722157330-600x159.jpg",600,159,true],"portfolio_item-masonry@2x":["https:\/\/jeremyfekete.com\/wp-content\/uploads\/2022\/03\/IMG_6567-1-scaled-e1646722157330-1200x318.jpg",1200,318,true],"portfolio_item-thumbnail_cinema":["https:\/\/jeremyfekete.com\/wp-content\/uploads\/2022\/03\/IMG_6567-1-scaled-e1646722157330-800x335.jpg",800,335,true],"portfolio_item-thumbnail_portrait":["https:\/\/jeremyfekete.com\/wp-content\/uploads\/2022\/03\/IMG_6567-1-scaled-e1646722157330-600x678.jpg",600,678,true],"portfolio_item-thumbnail_portrait@2x":["https:\/\/jeremyfekete.com\/wp-content\/uploads\/2022\/03\/IMG_6567-1-scaled-e1646722157330-1200x678.jpg",1200,678,true],"portfolio_item-thumbnail_square":["https:\/\/jeremyfekete.com\/wp-content\/uploads\/2022\/03\/IMG_6567-1-scaled-e1646722157330-800x678.jpg",800,678,true]},"_links":{"self":[{"href":"https:\/\/jeremyfekete.com\/fr\/wp-json\/wp\/v2\/pages\/3887","targetHints":{"allow":["GET"]}}],"collection":[{"href":"https:\/\/jeremyfekete.com\/fr\/wp-json\/wp\/v2\/pages"}],"about":[{"href":"https:\/\/jeremyfekete.com\/fr\/wp-json\/wp\/v2\/types\/page"}],"author":[{"embeddable":true,"href":"https:\/\/jeremyfekete.com\/fr\/wp-json\/wp\/v2\/users\/1"}],"replies":[{"embeddable":true,"href":"https:\/\/jeremyfekete.com\/fr\/wp-json\/wp\/v2\/comments?post=3887"}],"version-history":[{"count":0,"href":"https:\/\/jeremyfekete.com\/fr\/wp-json\/wp\/v2\/pages\/3887\/revisions"}],"wp:featuredmedia":[{"embeddable":true,"href":"https:\/\/jeremyfekete.com\/fr\/wp-json\/wp\/v2\/media\/39064"}],"wp:attachment":[{"href":"https:\/\/jeremyfekete.com\/fr\/wp-json\/wp\/v2\/media?parent=3887"}],"curies":[{"name":"wp","href":"https:\/\/api.w.org\/{rel}","templated":true}]}}