{"id":4140,"date":"2014-05-03T06:05:54","date_gmt":"2014-05-03T04:05:54","guid":{"rendered":"http:\/\/jeremyfekete.com\/?page_id=4140"},"modified":"2016-04-27T23:14:26","modified_gmt":"2016-04-27T21:14:26","slug":"la-via-aquitania-en-france","status":"publish","type":"page","link":"https:\/\/jeremyfekete.com\/fr\/la-via-aquitania-en-france\/","title":{"rendered":"La Via Aquitania en France"},"content":{"rendered":"<p><iframe src=\"http:\/\/player.vimeo.com\/video\/127468887?title=0&amp;byline=0&amp;portrait=0&amp;color=dd9933\" height=\"534\" width=\"950\" allowfullscreen=\"\" frameborder=\"0\"><\/iframe><\/p>\n<p>&nbsp;<\/p>\n<p style=\"text-align: justify;\"><b><a href=\"https:\/\/i0.wp.com\/jeremyfekete.com\/wp-content\/uploads\/2016\/04\/REMI-AWARD.jpg\" data-rel=\"lightbox-image-0\" data-rl_title=\"\" data-rl_caption=\"\" title=\"\"><img data-recalc-dims=\"1\" decoding=\"async\" class=\" wp-image-7002 alignleft\" alt=\"REMI-AWARD\" src=\"https:\/\/i0.wp.com\/jeremyfekete.com\/wp-content\/uploads\/2016\/04\/REMI-AWARD.jpg?resize=216%2C122\" width=\"216\" height=\"122\" data-id=\"7002\" srcset=\"https:\/\/i0.wp.com\/jeremyfekete.com\/wp-content\/uploads\/2016\/04\/REMI-AWARD.jpg?w=1280&amp;ssl=1 1280w, https:\/\/i0.wp.com\/jeremyfekete.com\/wp-content\/uploads\/2016\/04\/REMI-AWARD.jpg?resize=300%2C168&amp;ssl=1 300w, https:\/\/i0.wp.com\/jeremyfekete.com\/wp-content\/uploads\/2016\/04\/REMI-AWARD.jpg?resize=1024%2C576&amp;ssl=1 1024w, https:\/\/i0.wp.com\/jeremyfekete.com\/wp-content\/uploads\/2016\/04\/REMI-AWARD.jpg?resize=600%2C337&amp;ssl=1 600w, https:\/\/i0.wp.com\/jeremyfekete.com\/wp-content\/uploads\/2016\/04\/REMI-AWARD.jpg?resize=940%2C528&amp;ssl=1 940w\" sizes=\"(max-width: 216px) 100vw, 216px\" \/><\/a>\u00c9tape dans le sud de la France, des Pyr\u00e9n\u00e9es \u00e0 l&rsquo;Aquitaine, \u00e0 la d\u00e9couverte des principales voies romaines de l&rsquo;Europe.<\/b><\/p>\n<p style=\"text-align: justify;\">En 56 avant J.-C., les Romains envahissent la Gaule et y importent leur civilisation. Le port de Narbonne est alors, apr\u00e8s celui d&rsquo;Ostie, le second de l\u2019Empire. Il rivalise avec Arles, Marseille, et permet le n\u00e9goce des m\u00e9taux, des c\u00e9r\u00e9ales, des amphores d\u2019huile et de vin et des esclaves venus notamment d\u2019Espagne et de Bretagne. Les Romains d\u00e9veloppent la culture de la vigne, qui avait \u00e9t\u00e9 implant\u00e9e dans la r\u00e9gion des Corbi\u00e8res d\u00e8s 125 avant J.-C. par les Grecs. L&#8217;empereur Auguste d\u00e9cide de construire un axe reliant la M\u00e9diterran\u00e9e \u00e0 l&rsquo;oc\u00e9an : la Via Aquitania. Elle traversera le Languedoc, la r\u00e9gion des Pyr\u00e9n\u00e9es et l\u2019Aquitaine pour relier Narbo Martius (Narbonne) \u00e0 Burdigala (Bordeaux) via Tolosa (Toulouse). Cette route serpente encore aujourd\u2019hui dans les vignobles tr\u00e8s anciens de Ch\u00e2teau Coulon et Ch\u00e2teau Veredus.<\/p>\n<p style=\"text-align: justify;\">\n","protected":false},"excerpt":{"rendered":"<p>&nbsp; \u00c9tape dans le sud de la France, des Pyr\u00e9n\u00e9es \u00e0 l&rsquo;Aquitaine, \u00e0 la d\u00e9couverte des principales voies romaines de l&rsquo;Europe. En 56 avant J.-C., les Romains envahissent la Gaule et y importent leur civilisation. Le port de Narbonne est alors, apr\u00e8s celui d&rsquo;Ostie, le second de l\u2019Empire. Il rivalise avec Arles, Marseille, et permet &hellip; <\/p>\n<p class=\"link-more\"><a href=\"https:\/\/jeremyfekete.com\/fr\/la-via-aquitania-en-france\/\" class=\"more-link\">Lire la suite de<span class=\"screen-reader-text\">\u00ab\u00a0La Via Aquitania en France\u00a0\u00bb<\/span><\/a><\/p>\n","protected":false},"author":1,"featured_media":4910,"parent":0,"menu_order":0,"comment_status":"closed","ping_status":"closed","template":"","meta":{"footnotes":""},"class_list":["post-4140","page","type-page","status-publish","has-post-thumbnail","hentry"],"jetpack_sharing_enabled":true,"featured_media_urls":{"thumbnail":["https:\/\/jeremyfekete.com\/wp-content\/uploads\/2015\/04\/Backroads_Europe_France_0270-150x150.jpg",150,150,true],"medium":["https:\/\/jeremyfekete.com\/wp-content\/uploads\/2015\/04\/Backroads_Europe_France_0270-300x199.jpg",300,199,true],"medium_large":["https:\/\/jeremyfekete.com\/wp-content\/uploads\/2015\/04\/Backroads_Europe_France_0270.jpg",768,512,false],"large":["https:\/\/jeremyfekete.com\/wp-content\/uploads\/2015\/04\/Backroads_Europe_France_0270-1024x682.jpg",950,633,true],"1536x1536":["https:\/\/jeremyfekete.com\/wp-content\/uploads\/2015\/04\/Backroads_Europe_France_0270-1536x1024.jpg",1536,1024,true],"2048x2048":["https:\/\/jeremyfekete.com\/wp-content\/uploads\/2015\/04\/Backroads_Europe_France_0270-2048x1365.jpg",2048,1365,true],"inspiro-featured-image":["https:\/\/jeremyfekete.com\/wp-content\/uploads\/2015\/04\/Backroads_Europe_France_0270-2000x1333.jpg",2000,1333,true],"inspiro-loop":["https:\/\/jeremyfekete.com\/wp-content\/uploads\/2015\/04\/Backroads_Europe_France_0270-950x320.jpg",950,320,true],"inspiro-loop@2x":["https:\/\/jeremyfekete.com\/wp-content\/uploads\/2015\/04\/Backroads_Europe_France_0270-1900x640.jpg",1900,640,true],"portfolio_item-thumbnail":["https:\/\/jeremyfekete.com\/wp-content\/uploads\/2015\/04\/Backroads_Europe_France_0270-600x400.jpg",600,400,true],"portfolio_item-thumbnail@2x":["https:\/\/jeremyfekete.com\/wp-content\/uploads\/2015\/04\/Backroads_Europe_France_0270-1200x800.jpg",1200,800,true],"portfolio_item-masonry":["https:\/\/jeremyfekete.com\/wp-content\/uploads\/2015\/04\/Backroads_Europe_France_0270-600x400.jpg",600,400,true],"portfolio_item-masonry@2x":["https:\/\/jeremyfekete.com\/wp-content\/uploads\/2015\/04\/Backroads_Europe_France_0270-1200x800.jpg",1200,800,true],"portfolio_item-thumbnail_cinema":["https:\/\/jeremyfekete.com\/wp-content\/uploads\/2015\/04\/Backroads_Europe_France_0270-800x335.jpg",800,335,true],"portfolio_item-thumbnail_portrait":["https:\/\/jeremyfekete.com\/wp-content\/uploads\/2015\/04\/Backroads_Europe_France_0270-600x900.jpg",600,900,true],"portfolio_item-thumbnail_portrait@2x":["https:\/\/jeremyfekete.com\/wp-content\/uploads\/2015\/04\/Backroads_Europe_France_0270-1200x1800.jpg",1200,1800,true],"portfolio_item-thumbnail_square":["https:\/\/jeremyfekete.com\/wp-content\/uploads\/2015\/04\/Backroads_Europe_France_0270-800x800.jpg",800,800,true]},"_links":{"self":[{"href":"https:\/\/jeremyfekete.com\/fr\/wp-json\/wp\/v2\/pages\/4140","targetHints":{"allow":["GET"]}}],"collection":[{"href":"https:\/\/jeremyfekete.com\/fr\/wp-json\/wp\/v2\/pages"}],"about":[{"href":"https:\/\/jeremyfekete.com\/fr\/wp-json\/wp\/v2\/types\/page"}],"author":[{"embeddable":true,"href":"https:\/\/jeremyfekete.com\/fr\/wp-json\/wp\/v2\/users\/1"}],"replies":[{"embeddable":true,"href":"https:\/\/jeremyfekete.com\/fr\/wp-json\/wp\/v2\/comments?post=4140"}],"version-history":[{"count":0,"href":"https:\/\/jeremyfekete.com\/fr\/wp-json\/wp\/v2\/pages\/4140\/revisions"}],"wp:featuredmedia":[{"embeddable":true,"href":"https:\/\/jeremyfekete.com\/fr\/wp-json\/wp\/v2\/media\/4910"}],"wp:attachment":[{"href":"https:\/\/jeremyfekete.com\/fr\/wp-json\/wp\/v2\/media?parent=4140"}],"curies":[{"name":"wp","href":"https:\/\/api.w.org\/{rel}","templated":true}]}}