{"id":4143,"date":"2014-05-03T06:11:57","date_gmt":"2014-05-03T04:11:57","guid":{"rendered":"http:\/\/jeremyfekete.com\/?page_id=4143"},"modified":"2016-04-27T18:58:52","modified_gmt":"2016-04-27T16:58:52","slug":"la-via-cassia-en-italie","status":"publish","type":"page","link":"https:\/\/jeremyfekete.com\/fr\/la-via-cassia-en-italie\/","title":{"rendered":"La Via Cassia en Italie"},"content":{"rendered":"<p><iframe src=\"http:\/\/player.vimeo.com\/video\/127458663?title=0&amp;byline=0&amp;portrait=0&amp;color=dd9933\" height=\"534\" width=\"950\" allowfullscreen=\"\" frameborder=\"0\"><\/iframe><\/p>\n<p>&nbsp;<\/p>\n<p style=\"text-align: justify;\"><b><a href=\"https:\/\/i0.wp.com\/jeremyfekete.com\/wp-content\/uploads\/2016\/04\/REMI-AWARD.jpg\" data-rel=\"lightbox-image-0\" data-rl_title=\"\" data-rl_caption=\"\" title=\"\"><img data-recalc-dims=\"1\" decoding=\"async\" class=\" wp-image-7002 alignleft\" alt=\"REMI-AWARD\" src=\"https:\/\/i0.wp.com\/jeremyfekete.com\/wp-content\/uploads\/2016\/04\/REMI-AWARD.jpg?resize=216%2C122\" width=\"216\" height=\"122\" data-id=\"7002\" srcset=\"https:\/\/i0.wp.com\/jeremyfekete.com\/wp-content\/uploads\/2016\/04\/REMI-AWARD.jpg?w=1280&amp;ssl=1 1280w, https:\/\/i0.wp.com\/jeremyfekete.com\/wp-content\/uploads\/2016\/04\/REMI-AWARD.jpg?resize=300%2C168&amp;ssl=1 300w, https:\/\/i0.wp.com\/jeremyfekete.com\/wp-content\/uploads\/2016\/04\/REMI-AWARD.jpg?resize=1024%2C576&amp;ssl=1 1024w, https:\/\/i0.wp.com\/jeremyfekete.com\/wp-content\/uploads\/2016\/04\/REMI-AWARD.jpg?resize=600%2C337&amp;ssl=1 600w, https:\/\/i0.wp.com\/jeremyfekete.com\/wp-content\/uploads\/2016\/04\/REMI-AWARD.jpg?resize=940%2C528&amp;ssl=1 940w\" sizes=\"(max-width: 216px) 100vw, 216px\" \/><\/a>\u00c0 la d\u00e9couverte des principales voies romaines de l&rsquo;Europe, cap sur l&rsquo;Italie, entre Rome et Florence.<\/b><\/p>\n<p style=\"text-align: justify;\">Les \u00c9trusques commenc\u00e8rent \u00e0 paver des routes d\u00e8s l&rsquo;an &#8211; 400, avant d&rsquo;\u00eatre imit\u00e9s par les Romains, qui perfectionn\u00e8rent leurs techniques. Le r\u00e9alisateur parcourt l&rsquo;Italie \u00e0 travers son ancien et important axe imp\u00e9rial, la Via Cassia. L&rsquo;occasion de d\u00e9couvrir quelques splendeurs de la Botte : \u00e0 Rome, le Largo Argentina bord\u00e9 de colonnes antiques ; la cit\u00e9 de Blera, au nord de la capitale ; Montegabbione, o\u00f9 Saint Fran\u00e7ois d\u2019Assise se serait fait une modeste hutte en roseaux, avant d&rsquo;y fonder un monast\u00e8re en 1218 ; et enfin, Florence, cr\u00e9\u00e9e par C\u00e9sar pour que ses soldats aient un lieu de repos apr\u00e8s les guerres. Il faudra attendre le d\u00e9clin de Rome pour que la ville des bords de l\u2019Arno commence \u00e0 prosp\u00e9rer. Jeremy JP Fekete part aussi \u00e0 la rencontre des <i>butteri<\/i>, ces cow-boys \u00e0 l\u2019italienne qui veillent sur les troupeaux de \u00ab\u00a0maremmane\u00a0\u00bb, une race bovine traditionnelle.<\/p>\n","protected":false},"excerpt":{"rendered":"<p>&nbsp; \u00c0 la d\u00e9couverte des principales voies romaines de l&rsquo;Europe, cap sur l&rsquo;Italie, entre Rome et Florence. Les \u00c9trusques commenc\u00e8rent \u00e0 paver des routes d\u00e8s l&rsquo;an &#8211; 400, avant d&rsquo;\u00eatre imit\u00e9s par les Romains, qui perfectionn\u00e8rent leurs techniques. Le r\u00e9alisateur parcourt l&rsquo;Italie \u00e0 travers son ancien et important axe imp\u00e9rial, la Via Cassia. L&rsquo;occasion de &hellip; <\/p>\n<p class=\"link-more\"><a href=\"https:\/\/jeremyfekete.com\/fr\/la-via-cassia-en-italie\/\" class=\"more-link\">Lire la suite de<span class=\"screen-reader-text\">\u00ab\u00a0La Via Cassia en Italie\u00a0\u00bb<\/span><\/a><\/p>\n","protected":false},"author":1,"featured_media":4956,"parent":0,"menu_order":0,"comment_status":"closed","ping_status":"closed","template":"","meta":{"footnotes":""},"class_list":["post-4143","page","type-page","status-publish","has-post-thumbnail","hentry"],"jetpack_sharing_enabled":true,"featured_media_urls":{"thumbnail":["https:\/\/jeremyfekete.com\/wp-content\/uploads\/2015\/04\/Backroads_Europe_Italy_0372-150x150.jpg",150,150,true],"medium":["https:\/\/jeremyfekete.com\/wp-content\/uploads\/2015\/04\/Backroads_Europe_Italy_0372-300x200.jpg",300,200,true],"medium_large":["https:\/\/jeremyfekete.com\/wp-content\/uploads\/2015\/04\/Backroads_Europe_Italy_0372.jpg",768,512,false],"large":["https:\/\/jeremyfekete.com\/wp-content\/uploads\/2015\/04\/Backroads_Europe_Italy_0372-1024x682.jpg",950,633,true],"1536x1536":["https:\/\/jeremyfekete.com\/wp-content\/uploads\/2015\/04\/Backroads_Europe_Italy_0372-1536x1024.jpg",1536,1024,true],"2048x2048":["https:\/\/jeremyfekete.com\/wp-content\/uploads\/2015\/04\/Backroads_Europe_Italy_0372-2048x1365.jpg",2048,1365,true],"inspiro-featured-image":["https:\/\/jeremyfekete.com\/wp-content\/uploads\/2015\/04\/Backroads_Europe_Italy_0372-2000x1333.jpg",2000,1333,true],"inspiro-loop":["https:\/\/jeremyfekete.com\/wp-content\/uploads\/2015\/04\/Backroads_Europe_Italy_0372-950x320.jpg",950,320,true],"inspiro-loop@2x":["https:\/\/jeremyfekete.com\/wp-content\/uploads\/2015\/04\/Backroads_Europe_Italy_0372-1900x640.jpg",1900,640,true],"portfolio_item-thumbnail":["https:\/\/jeremyfekete.com\/wp-content\/uploads\/2015\/04\/Backroads_Europe_Italy_0372-600x400.jpg",600,400,true],"portfolio_item-thumbnail@2x":["https:\/\/jeremyfekete.com\/wp-content\/uploads\/2015\/04\/Backroads_Europe_Italy_0372-1200x800.jpg",1200,800,true],"portfolio_item-masonry":["https:\/\/jeremyfekete.com\/wp-content\/uploads\/2015\/04\/Backroads_Europe_Italy_0372-600x400.jpg",600,400,true],"portfolio_item-masonry@2x":["https:\/\/jeremyfekete.com\/wp-content\/uploads\/2015\/04\/Backroads_Europe_Italy_0372-1200x800.jpg",1200,800,true],"portfolio_item-thumbnail_cinema":["https:\/\/jeremyfekete.com\/wp-content\/uploads\/2015\/04\/Backroads_Europe_Italy_0372-800x335.jpg",800,335,true],"portfolio_item-thumbnail_portrait":["https:\/\/jeremyfekete.com\/wp-content\/uploads\/2015\/04\/Backroads_Europe_Italy_0372-600x900.jpg",600,900,true],"portfolio_item-thumbnail_portrait@2x":["https:\/\/jeremyfekete.com\/wp-content\/uploads\/2015\/04\/Backroads_Europe_Italy_0372-1200x1800.jpg",1200,1800,true],"portfolio_item-thumbnail_square":["https:\/\/jeremyfekete.com\/wp-content\/uploads\/2015\/04\/Backroads_Europe_Italy_0372-800x800.jpg",800,800,true]},"_links":{"self":[{"href":"https:\/\/jeremyfekete.com\/fr\/wp-json\/wp\/v2\/pages\/4143","targetHints":{"allow":["GET"]}}],"collection":[{"href":"https:\/\/jeremyfekete.com\/fr\/wp-json\/wp\/v2\/pages"}],"about":[{"href":"https:\/\/jeremyfekete.com\/fr\/wp-json\/wp\/v2\/types\/page"}],"author":[{"embeddable":true,"href":"https:\/\/jeremyfekete.com\/fr\/wp-json\/wp\/v2\/users\/1"}],"replies":[{"embeddable":true,"href":"https:\/\/jeremyfekete.com\/fr\/wp-json\/wp\/v2\/comments?post=4143"}],"version-history":[{"count":0,"href":"https:\/\/jeremyfekete.com\/fr\/wp-json\/wp\/v2\/pages\/4143\/revisions"}],"wp:featuredmedia":[{"embeddable":true,"href":"https:\/\/jeremyfekete.com\/fr\/wp-json\/wp\/v2\/media\/4956"}],"wp:attachment":[{"href":"https:\/\/jeremyfekete.com\/fr\/wp-json\/wp\/v2\/media?parent=4143"}],"curies":[{"name":"wp","href":"https:\/\/api.w.org\/{rel}","templated":true}]}}