{"id":4148,"date":"2014-05-03T06:15:38","date_gmt":"2014-05-03T04:15:38","guid":{"rendered":"http:\/\/jeremyfekete.com\/?page_id=4148"},"modified":"2016-04-27T23:16:35","modified_gmt":"2016-04-27T21:16:35","slug":"la-via-julia-en-allemagne","status":"publish","type":"page","link":"https:\/\/jeremyfekete.com\/fr\/la-via-julia-en-allemagne\/","title":{"rendered":"La Via Julia en Allemagne"},"content":{"rendered":"<p>&nbsp;<\/p>\n<p><iframe src=\"http:\/\/player.vimeo.com\/video\/127468888?title=0&amp;byline=0&amp;portrait=0&amp;color=dd9933\" height=\"534\" width=\"950\" allowfullscreen=\"\" frameborder=\"0\"><\/iframe><\/p>\n<p>&nbsp;<\/p>\n<p style=\"text-align: justify;\"><b><a href=\"https:\/\/i0.wp.com\/jeremyfekete.com\/wp-content\/uploads\/2016\/04\/REMI-AWARD.jpg\" data-rel=\"lightbox-image-0\" data-rl_title=\"\" data-rl_caption=\"\" title=\"\"><img data-recalc-dims=\"1\" decoding=\"async\" class=\" wp-image-7002 alignleft\" alt=\"REMI-AWARD\" src=\"https:\/\/i0.wp.com\/jeremyfekete.com\/wp-content\/uploads\/2016\/04\/REMI-AWARD.jpg?resize=216%2C122\" width=\"216\" height=\"122\" data-id=\"7002\" srcset=\"https:\/\/i0.wp.com\/jeremyfekete.com\/wp-content\/uploads\/2016\/04\/REMI-AWARD.jpg?w=1280&amp;ssl=1 1280w, https:\/\/i0.wp.com\/jeremyfekete.com\/wp-content\/uploads\/2016\/04\/REMI-AWARD.jpg?resize=300%2C168&amp;ssl=1 300w, https:\/\/i0.wp.com\/jeremyfekete.com\/wp-content\/uploads\/2016\/04\/REMI-AWARD.jpg?resize=1024%2C576&amp;ssl=1 1024w, https:\/\/i0.wp.com\/jeremyfekete.com\/wp-content\/uploads\/2016\/04\/REMI-AWARD.jpg?resize=600%2C337&amp;ssl=1 600w, https:\/\/i0.wp.com\/jeremyfekete.com\/wp-content\/uploads\/2016\/04\/REMI-AWARD.jpg?resize=940%2C528&amp;ssl=1 940w\" sizes=\"(max-width: 216px) 100vw, 216px\" \/><\/a>Une quatri\u00e8me \u00e9tape allemande \u00e0 la d\u00e9couverte des principales voies romaines de l&rsquo;Europe<\/b>.<\/p>\n<p style=\"text-align: justify;\">La Via Julia \u2013 qui ne porte ce nom que depuis le XIX<sup>e<\/sup> si\u00e8cle \u2013 \u00e9tait l\u2019un des tron\u00e7ons de l\u2019axe Lut\u00e8ce\/Constantinople. Elle traversait les provinces romaines de Rh\u00e9tie (Bavi\u00e8re, est de l\u2019Autriche et nord de la Lombardie actuelles) et de Norique (de l\u2019ouest de la Bavi\u00e8re \u00e0 la Slov\u00e9nie). Le r\u00e9alisateur nous emm\u00e8ne dans la cit\u00e9 bavaroise de G\u00fcnzburg (autrefois Guntia), o\u00f9 se trouve un important site fun\u00e9raire de 1\u00a0840 tombes romaines. Non loin de l\u00e0, Auguste aurait fond\u00e9 Augusta Vindelicum (aujourd\u2019hui Augsbourg) \u2013 le souvenir de l\u2019empereur \u00e9tant perp\u00e9tu\u00e9 par une statue en bronze au c\u0153ur de la ville. Des coutumes d\u2019origine germanique et celtique sont rest\u00e9es vivantes dans la r\u00e9gion, notamment avec les <i>Perchten<\/i>, figures pa\u00efennes rituelles c\u00e9l\u00e9brant avec leurs masques en bois le solstice d\u2019hiver. En Bavi\u00e8re, on voit encore \u00e9galement le long des routes de nombreuses bornes milliaires, qui t\u00e9moignent de la pr\u00e9sence des Romains. Plus au sud, Salzbourg \u00e9tait c\u00e9l\u00e8bre pour le travail de ses orf\u00e8vres et de ses joaillers.<\/p>\n","protected":false},"excerpt":{"rendered":"<p>&nbsp; &nbsp; Une quatri\u00e8me \u00e9tape allemande \u00e0 la d\u00e9couverte des principales voies romaines de l&rsquo;Europe. La Via Julia \u2013 qui ne porte ce nom que depuis le XIXe si\u00e8cle \u2013 \u00e9tait l\u2019un des tron\u00e7ons de l\u2019axe Lut\u00e8ce\/Constantinople. Elle traversait les provinces romaines de Rh\u00e9tie (Bavi\u00e8re, est de l\u2019Autriche et nord de la Lombardie actuelles) et &hellip; <\/p>\n<p class=\"link-more\"><a href=\"https:\/\/jeremyfekete.com\/fr\/la-via-julia-en-allemagne\/\" class=\"more-link\">Lire la suite de<span class=\"screen-reader-text\">\u00ab\u00a0La Via Julia en Allemagne\u00a0\u00bb<\/span><\/a><\/p>\n","protected":false},"author":1,"featured_media":5048,"parent":0,"menu_order":0,"comment_status":"closed","ping_status":"closed","template":"","meta":{"footnotes":""},"class_list":["post-4148","page","type-page","status-publish","has-post-thumbnail","hentry"],"jetpack_sharing_enabled":true,"featured_media_urls":{"thumbnail":["https:\/\/jeremyfekete.com\/wp-content\/uploads\/2015\/04\/Europas_Routen_Deutschland_0341-150x150.jpg",150,150,true],"medium":["https:\/\/jeremyfekete.com\/wp-content\/uploads\/2015\/04\/Europas_Routen_Deutschland_0341-300x200.jpg",300,200,true],"medium_large":["https:\/\/jeremyfekete.com\/wp-content\/uploads\/2015\/04\/Europas_Routen_Deutschland_0341.jpg",768,512,false],"large":["https:\/\/jeremyfekete.com\/wp-content\/uploads\/2015\/04\/Europas_Routen_Deutschland_0341-1024x682.jpg",950,633,true],"1536x1536":["https:\/\/jeremyfekete.com\/wp-content\/uploads\/2015\/04\/Europas_Routen_Deutschland_0341-1536x1024.jpg",1536,1024,true],"2048x2048":["https:\/\/jeremyfekete.com\/wp-content\/uploads\/2015\/04\/Europas_Routen_Deutschland_0341.jpg",1920,1280,false],"inspiro-featured-image":["https:\/\/jeremyfekete.com\/wp-content\/uploads\/2015\/04\/Europas_Routen_Deutschland_0341.jpg",1920,1280,false],"inspiro-loop":["https:\/\/jeremyfekete.com\/wp-content\/uploads\/2015\/04\/Europas_Routen_Deutschland_0341-950x320.jpg",950,320,true],"inspiro-loop@2x":["https:\/\/jeremyfekete.com\/wp-content\/uploads\/2015\/04\/Europas_Routen_Deutschland_0341-1900x640.jpg",1900,640,true],"portfolio_item-thumbnail":["https:\/\/jeremyfekete.com\/wp-content\/uploads\/2015\/04\/Europas_Routen_Deutschland_0341-600x400.jpg",600,400,true],"portfolio_item-thumbnail@2x":["https:\/\/jeremyfekete.com\/wp-content\/uploads\/2015\/04\/Europas_Routen_Deutschland_0341-1200x800.jpg",1200,800,true],"portfolio_item-masonry":["https:\/\/jeremyfekete.com\/wp-content\/uploads\/2015\/04\/Europas_Routen_Deutschland_0341-600x400.jpg",600,400,true],"portfolio_item-masonry@2x":["https:\/\/jeremyfekete.com\/wp-content\/uploads\/2015\/04\/Europas_Routen_Deutschland_0341-1200x800.jpg",1200,800,true],"portfolio_item-thumbnail_cinema":["https:\/\/jeremyfekete.com\/wp-content\/uploads\/2015\/04\/Europas_Routen_Deutschland_0341-800x335.jpg",800,335,true],"portfolio_item-thumbnail_portrait":["https:\/\/jeremyfekete.com\/wp-content\/uploads\/2015\/04\/Europas_Routen_Deutschland_0341-600x900.jpg",600,900,true],"portfolio_item-thumbnail_portrait@2x":["https:\/\/jeremyfekete.com\/wp-content\/uploads\/2015\/04\/Europas_Routen_Deutschland_0341-1200x1280.jpg",1200,1280,true],"portfolio_item-thumbnail_square":["https:\/\/jeremyfekete.com\/wp-content\/uploads\/2015\/04\/Europas_Routen_Deutschland_0341-800x800.jpg",800,800,true]},"_links":{"self":[{"href":"https:\/\/jeremyfekete.com\/fr\/wp-json\/wp\/v2\/pages\/4148","targetHints":{"allow":["GET"]}}],"collection":[{"href":"https:\/\/jeremyfekete.com\/fr\/wp-json\/wp\/v2\/pages"}],"about":[{"href":"https:\/\/jeremyfekete.com\/fr\/wp-json\/wp\/v2\/types\/page"}],"author":[{"embeddable":true,"href":"https:\/\/jeremyfekete.com\/fr\/wp-json\/wp\/v2\/users\/1"}],"replies":[{"embeddable":true,"href":"https:\/\/jeremyfekete.com\/fr\/wp-json\/wp\/v2\/comments?post=4148"}],"version-history":[{"count":0,"href":"https:\/\/jeremyfekete.com\/fr\/wp-json\/wp\/v2\/pages\/4148\/revisions"}],"wp:featuredmedia":[{"embeddable":true,"href":"https:\/\/jeremyfekete.com\/fr\/wp-json\/wp\/v2\/media\/5048"}],"wp:attachment":[{"href":"https:\/\/jeremyfekete.com\/fr\/wp-json\/wp\/v2\/media?parent=4148"}],"curies":[{"name":"wp","href":"https:\/\/api.w.org\/{rel}","templated":true}]}}