{"id":4152,"date":"2014-05-03T06:17:25","date_gmt":"2014-05-03T04:17:25","guid":{"rendered":"http:\/\/jeremyfekete.com\/?page_id=4152"},"modified":"2016-04-27T23:18:36","modified_gmt":"2016-04-27T21:18:36","slug":"la-via-romana-en-suisse","status":"publish","type":"page","link":"https:\/\/jeremyfekete.com\/fr\/la-via-romana-en-suisse\/","title":{"rendered":"La Via Romana en Suisse"},"content":{"rendered":"<p>&nbsp;<\/p>\n<p><iframe src=\"http:\/\/player.vimeo.com\/video\/127425791?title=0&amp;byline=0&amp;portrait=0&amp;color=dd9933\" height=\"534\" width=\"950\" allowfullscreen=\"\" frameborder=\"0\"><\/iframe><\/p>\n<p>&nbsp;<\/p>\n<p style=\"text-align: justify;\"><b><a href=\"https:\/\/i0.wp.com\/jeremyfekete.com\/wp-content\/uploads\/2016\/04\/REMI-AWARD.jpg\" data-rel=\"lightbox-image-0\" data-rl_title=\"\" data-rl_caption=\"\" title=\"\"><img data-recalc-dims=\"1\" decoding=\"async\" class=\" wp-image-7002 alignleft\" alt=\"REMI-AWARD\" src=\"https:\/\/i0.wp.com\/jeremyfekete.com\/wp-content\/uploads\/2016\/04\/REMI-AWARD.jpg?resize=216%2C122\" width=\"216\" height=\"122\" data-id=\"7002\" srcset=\"https:\/\/i0.wp.com\/jeremyfekete.com\/wp-content\/uploads\/2016\/04\/REMI-AWARD.jpg?w=1280&amp;ssl=1 1280w, https:\/\/i0.wp.com\/jeremyfekete.com\/wp-content\/uploads\/2016\/04\/REMI-AWARD.jpg?resize=300%2C168&amp;ssl=1 300w, https:\/\/i0.wp.com\/jeremyfekete.com\/wp-content\/uploads\/2016\/04\/REMI-AWARD.jpg?resize=1024%2C576&amp;ssl=1 1024w, https:\/\/i0.wp.com\/jeremyfekete.com\/wp-content\/uploads\/2016\/04\/REMI-AWARD.jpg?resize=600%2C337&amp;ssl=1 600w, https:\/\/i0.wp.com\/jeremyfekete.com\/wp-content\/uploads\/2016\/04\/REMI-AWARD.jpg?resize=940%2C528&amp;ssl=1 940w\" sizes=\"(max-width: 216px) 100vw, 216px\" \/><\/a>\u00c0 la d\u00e9couverte des principales voies romaines de l&rsquo;Europe. Cinqui\u00e8me et derni\u00e8re \u00e9tape en Suisse<\/b><\/p>\n<p style=\"text-align: justify;\">La Via Romana avait un int\u00e9r\u00eat hautement strat\u00e9gique car elle reliait Gen\u00e8ve (Genava) \u00e0 Augst (Augusta Raurica). C\u00e9sar en fit am\u00e9liorer la qualit\u00e9 durant la guerre des Gaules. \u00c0 Bi\u00e8re, pr\u00e8s de Gen\u00e8ve, se trouvait une forteresse romaine. Plus loin sur les bords du Lac L\u00e9man, la Via Francigena passait par Vidy, o\u00f9 a \u00e9t\u00e9 mis au jour le site arch\u00e9ologique de Vicus Lousonna (devenu Lausanne). La campagne de C\u00e9sar le mena jusque dans le Jura et le village de Sainte-Croix. Depuis 1995, Boveresse y distille l\u2019absinthe, qui vient du nom latin de la plante <i>artemisia absinthium<\/i>. Le r\u00e9alisateur a poursuivi son p\u00e9riple dans le canton d\u2019Argovie, o\u00f9 il a rencontr\u00e9, pr\u00e8s de l\u2019ancien camp romain de Vindonissa, le groupe de la Vex Leg XI CPF. Celui-ci reprend tr\u00e8s s\u00e9rieusement les formes d\u2019entra\u00eenement militaire et le mode de vie de l\u2019ancienne XI<sup>e<\/sup> l\u00e9gion romaine. Pour finir, cap sur Augusta Raurica, pr\u00e8s de B\u00e2le, qui fut une tr\u00e8s importante cit\u00e9 romaine habit\u00e9e par 15\u00a0000 personnes.<b><\/b><\/p>\n<p style=\"text-align: justify;\"><b>\u00a0<\/b><\/p>\n","protected":false},"excerpt":{"rendered":"<p>&nbsp; &nbsp; \u00c0 la d\u00e9couverte des principales voies romaines de l&rsquo;Europe. Cinqui\u00e8me et derni\u00e8re \u00e9tape en Suisse La Via Romana avait un int\u00e9r\u00eat hautement strat\u00e9gique car elle reliait Gen\u00e8ve (Genava) \u00e0 Augst (Augusta Raurica). C\u00e9sar en fit am\u00e9liorer la qualit\u00e9 durant la guerre des Gaules. \u00c0 Bi\u00e8re, pr\u00e8s de Gen\u00e8ve, se trouvait une forteresse romaine. &hellip; <\/p>\n<p class=\"link-more\"><a href=\"https:\/\/jeremyfekete.com\/fr\/la-via-romana-en-suisse\/\" class=\"more-link\">Lire la suite de<span class=\"screen-reader-text\">\u00ab\u00a0La Via Romana en Suisse\u00a0\u00bb<\/span><\/a><\/p>\n","protected":false},"author":1,"featured_media":4272,"parent":0,"menu_order":0,"comment_status":"closed","ping_status":"closed","template":"","meta":{"footnotes":""},"class_list":["post-4152","page","type-page","status-publish","has-post-thumbnail","hentry"],"jetpack_sharing_enabled":true,"featured_media_urls":{"thumbnail":["https:\/\/jeremyfekete.com\/wp-content\/uploads\/2015\/02\/Europas_Routen_Schweiz_0589-150x150.jpg",150,150,true],"medium":["https:\/\/jeremyfekete.com\/wp-content\/uploads\/2015\/02\/Europas_Routen_Schweiz_0589-300x200.jpg",300,200,true],"medium_large":["https:\/\/jeremyfekete.com\/wp-content\/uploads\/2015\/02\/Europas_Routen_Schweiz_0589.jpg",768,512,false],"large":["https:\/\/jeremyfekete.com\/wp-content\/uploads\/2015\/02\/Europas_Routen_Schweiz_0589-1024x682.jpg",950,633,true],"1536x1536":["https:\/\/jeremyfekete.com\/wp-content\/uploads\/2015\/02\/Europas_Routen_Schweiz_0589-1536x1024.jpg",1536,1024,true],"2048x2048":["https:\/\/jeremyfekete.com\/wp-content\/uploads\/2015\/02\/Europas_Routen_Schweiz_0589.jpg",1920,1280,false],"inspiro-featured-image":["https:\/\/jeremyfekete.com\/wp-content\/uploads\/2015\/02\/Europas_Routen_Schweiz_0589.jpg",1920,1280,false],"inspiro-loop":["https:\/\/jeremyfekete.com\/wp-content\/uploads\/2015\/02\/Europas_Routen_Schweiz_0589-950x320.jpg",950,320,true],"inspiro-loop@2x":["https:\/\/jeremyfekete.com\/wp-content\/uploads\/2015\/02\/Europas_Routen_Schweiz_0589-1900x640.jpg",1900,640,true],"portfolio_item-thumbnail":["https:\/\/jeremyfekete.com\/wp-content\/uploads\/2015\/02\/Europas_Routen_Schweiz_0589-600x400.jpg",600,400,true],"portfolio_item-thumbnail@2x":["https:\/\/jeremyfekete.com\/wp-content\/uploads\/2015\/02\/Europas_Routen_Schweiz_0589-1200x800.jpg",1200,800,true],"portfolio_item-masonry":["https:\/\/jeremyfekete.com\/wp-content\/uploads\/2015\/02\/Europas_Routen_Schweiz_0589-600x400.jpg",600,400,true],"portfolio_item-masonry@2x":["https:\/\/jeremyfekete.com\/wp-content\/uploads\/2015\/02\/Europas_Routen_Schweiz_0589-1200x800.jpg",1200,800,true],"portfolio_item-thumbnail_cinema":["https:\/\/jeremyfekete.com\/wp-content\/uploads\/2015\/02\/Europas_Routen_Schweiz_0589-800x335.jpg",800,335,true],"portfolio_item-thumbnail_portrait":["https:\/\/jeremyfekete.com\/wp-content\/uploads\/2015\/02\/Europas_Routen_Schweiz_0589-600x900.jpg",600,900,true],"portfolio_item-thumbnail_portrait@2x":["https:\/\/jeremyfekete.com\/wp-content\/uploads\/2015\/02\/Europas_Routen_Schweiz_0589-1200x1280.jpg",1200,1280,true],"portfolio_item-thumbnail_square":["https:\/\/jeremyfekete.com\/wp-content\/uploads\/2015\/02\/Europas_Routen_Schweiz_0589-800x800.jpg",800,800,true]},"_links":{"self":[{"href":"https:\/\/jeremyfekete.com\/fr\/wp-json\/wp\/v2\/pages\/4152","targetHints":{"allow":["GET"]}}],"collection":[{"href":"https:\/\/jeremyfekete.com\/fr\/wp-json\/wp\/v2\/pages"}],"about":[{"href":"https:\/\/jeremyfekete.com\/fr\/wp-json\/wp\/v2\/types\/page"}],"author":[{"embeddable":true,"href":"https:\/\/jeremyfekete.com\/fr\/wp-json\/wp\/v2\/users\/1"}],"replies":[{"embeddable":true,"href":"https:\/\/jeremyfekete.com\/fr\/wp-json\/wp\/v2\/comments?post=4152"}],"version-history":[{"count":0,"href":"https:\/\/jeremyfekete.com\/fr\/wp-json\/wp\/v2\/pages\/4152\/revisions"}],"wp:featuredmedia":[{"embeddable":true,"href":"https:\/\/jeremyfekete.com\/fr\/wp-json\/wp\/v2\/media\/4272"}],"wp:attachment":[{"href":"https:\/\/jeremyfekete.com\/fr\/wp-json\/wp\/v2\/media?parent=4152"}],"curies":[{"name":"wp","href":"https:\/\/api.w.org\/{rel}","templated":true}]}}