{"id":4155,"date":"2014-05-03T06:18:51","date_gmt":"2014-05-03T04:18:51","guid":{"rendered":"http:\/\/jeremyfekete.com\/?page_id=4155"},"modified":"2016-04-27T18:57:05","modified_gmt":"2016-04-27T16:57:05","slug":"la-via-publicae-en-portugal","status":"publish","type":"page","link":"https:\/\/jeremyfekete.com\/fr\/la-via-publicae-en-portugal\/","title":{"rendered":"La Via Publicae en Portugal"},"content":{"rendered":"<p><iframe src=\"http:\/\/player.vimeo.com\/video\/127414500?title=0&amp;byline=0&amp;portrait=0&amp;color=dd9933\" height=\"534\" width=\"950\" allowfullscreen=\"\" frameborder=\"0\"><\/iframe><\/p>\n<p>&nbsp;<\/p>\n<p style=\"text-align: justify;\"><b><a href=\"https:\/\/i0.wp.com\/jeremyfekete.com\/wp-content\/uploads\/2016\/04\/REMI-AWARD.jpg\" data-rel=\"lightbox-image-0\" data-rl_title=\"\" data-rl_caption=\"\" title=\"\"><img data-recalc-dims=\"1\" decoding=\"async\" class=\" wp-image-7002 alignleft\" alt=\"REMI-AWARD\" src=\"https:\/\/i0.wp.com\/jeremyfekete.com\/wp-content\/uploads\/2016\/04\/REMI-AWARD.jpg?resize=216%2C122\" width=\"216\" height=\"122\" data-id=\"7002\" srcset=\"https:\/\/i0.wp.com\/jeremyfekete.com\/wp-content\/uploads\/2016\/04\/REMI-AWARD.jpg?w=1280&amp;ssl=1 1280w, https:\/\/i0.wp.com\/jeremyfekete.com\/wp-content\/uploads\/2016\/04\/REMI-AWARD.jpg?resize=300%2C168&amp;ssl=1 300w, https:\/\/i0.wp.com\/jeremyfekete.com\/wp-content\/uploads\/2016\/04\/REMI-AWARD.jpg?resize=1024%2C576&amp;ssl=1 1024w, https:\/\/i0.wp.com\/jeremyfekete.com\/wp-content\/uploads\/2016\/04\/REMI-AWARD.jpg?resize=600%2C337&amp;ssl=1 600w, https:\/\/i0.wp.com\/jeremyfekete.com\/wp-content\/uploads\/2016\/04\/REMI-AWARD.jpg?resize=940%2C528&amp;ssl=1 940w\" sizes=\"(max-width: 216px) 100vw, 216px\" \/><\/a>Une premi\u00e8re \u00e9tape portugaise, de Braga \u00e0 Lisbonne, \u00e0 la d\u00e9couverte des principales voies romaines de l&rsquo;Europe.<\/b><\/p>\n<p style=\"text-align: justify;\">Les grandes voies romaines pav\u00e9es formaient un r\u00e9seau tr\u00e8s dense de 85\u00a0000 kilom\u00e8tres et sillonnaient l\u2019Europe de l\u2019Atlantique \u00e0 l\u2019Asie mineure. Au Portugal, la Via Publicae, principal axe nord-sud du pays \u00e0 l\u2019\u00e9poque des Romains, reliait Braga \u00e0 Lisbonne et permit au commerce de prosp\u00e9rer. Les Romains d\u00e9velopp\u00e8rent l\u2019exploitation de carri\u00e8res, le travail du fer, la fabrication de c\u00e9ramiques, la p\u00eache et la salaison des poissons. Plusieurs ports, dont Porto, furent aussi cr\u00e9\u00e9s. Des bords du Douro \u00e0 Coimbra en passant par la capitale et par le site arch\u00e9ologique de Conimbriga, un voyage sur les traces de la Lusitanie romaine. <b><\/b><\/p>\n<p style=\"text-align: justify;\">Pr\u00e8s de Porto, on rencontre le dernier constructeur artisanal des <i>rabelos<\/i>, ces bateaux traditionnels affect\u00e9s au transport du porto. Plus au sud, la plage d\u2019Aveiro maintient la <i>x\u00e1vega,<\/i> une m\u00e9thode de p\u00eache vieille de 3\u00a0000 ans, dans laquelle des attelages de b\u0153ufs remontent les filets. Et c\u2019est \u00e0 Lisbonne que les Romains pos\u00e8rent pour la premi\u00e8re fois des <i>calceteiros<\/i>, des assemblages de carreaux et de pav\u00e9s fort harmonieux que l\u2019on retrouvera ensuite en Chine et au Br\u00e9sil.<b><\/b><\/p>\n","protected":false},"excerpt":{"rendered":"<p>&nbsp; Une premi\u00e8re \u00e9tape portugaise, de Braga \u00e0 Lisbonne, \u00e0 la d\u00e9couverte des principales voies romaines de l&rsquo;Europe. Les grandes voies romaines pav\u00e9es formaient un r\u00e9seau tr\u00e8s dense de 85\u00a0000 kilom\u00e8tres et sillonnaient l\u2019Europe de l\u2019Atlantique \u00e0 l\u2019Asie mineure. Au Portugal, la Via Publicae, principal axe nord-sud du pays \u00e0 l\u2019\u00e9poque des Romains, reliait Braga &hellip; <\/p>\n<p class=\"link-more\"><a href=\"https:\/\/jeremyfekete.com\/fr\/la-via-publicae-en-portugal\/\" class=\"more-link\">Lire la suite de<span class=\"screen-reader-text\">\u00ab\u00a0La Via Publicae en Portugal\u00a0\u00bb<\/span><\/a><\/p>\n","protected":false},"author":1,"featured_media":4597,"parent":0,"menu_order":0,"comment_status":"closed","ping_status":"closed","template":"","meta":{"footnotes":""},"class_list":["post-4155","page","type-page","status-publish","has-post-thumbnail","hentry"],"jetpack_sharing_enabled":true,"featured_media_urls":{"thumbnail":["https:\/\/jeremyfekete.com\/wp-content\/uploads\/2015\/02\/Europas-legend\u00e4re-Strassen-Via-Publicae-in-Portugal_1-150x150.jpg",150,150,true],"medium":["https:\/\/jeremyfekete.com\/wp-content\/uploads\/2015\/02\/Europas-legend\u00e4re-Strassen-Via-Publicae-in-Portugal_1-300x166.jpg",300,166,true],"medium_large":["https:\/\/jeremyfekete.com\/wp-content\/uploads\/2015\/02\/Europas-legend\u00e4re-Strassen-Via-Publicae-in-Portugal_1.jpg",768,427,false],"large":["https:\/\/jeremyfekete.com\/wp-content\/uploads\/2015\/02\/Europas-legend\u00e4re-Strassen-Via-Publicae-in-Portugal_1-1024x569.jpg",950,528,true],"1536x1536":["https:\/\/jeremyfekete.com\/wp-content\/uploads\/2015\/02\/Europas-legend\u00e4re-Strassen-Via-Publicae-in-Portugal_1-1536x854.jpg",1536,854,true],"2048x2048":["https:\/\/jeremyfekete.com\/wp-content\/uploads\/2015\/02\/Europas-legend\u00e4re-Strassen-Via-Publicae-in-Portugal_1-2048x1138.jpg",2048,1138,true],"inspiro-featured-image":["https:\/\/jeremyfekete.com\/wp-content\/uploads\/2015\/02\/Europas-legend\u00e4re-Strassen-Via-Publicae-in-Portugal_1-2000x1111.jpg",2000,1111,true],"inspiro-loop":["https:\/\/jeremyfekete.com\/wp-content\/uploads\/2015\/02\/Europas-legend\u00e4re-Strassen-Via-Publicae-in-Portugal_1-950x320.jpg",950,320,true],"inspiro-loop@2x":["https:\/\/jeremyfekete.com\/wp-content\/uploads\/2015\/02\/Europas-legend\u00e4re-Strassen-Via-Publicae-in-Portugal_1-1900x640.jpg",1900,640,true],"portfolio_item-thumbnail":["https:\/\/jeremyfekete.com\/wp-content\/uploads\/2015\/02\/Europas-legend\u00e4re-Strassen-Via-Publicae-in-Portugal_1-600x400.jpg",600,400,true],"portfolio_item-thumbnail@2x":["https:\/\/jeremyfekete.com\/wp-content\/uploads\/2015\/02\/Europas-legend\u00e4re-Strassen-Via-Publicae-in-Portugal_1-1200x800.jpg",1200,800,true],"portfolio_item-masonry":["https:\/\/jeremyfekete.com\/wp-content\/uploads\/2015\/02\/Europas-legend\u00e4re-Strassen-Via-Publicae-in-Portugal_1-600x333.jpg",600,333,true],"portfolio_item-masonry@2x":["https:\/\/jeremyfekete.com\/wp-content\/uploads\/2015\/02\/Europas-legend\u00e4re-Strassen-Via-Publicae-in-Portugal_1-1200x667.jpg",1200,667,true],"portfolio_item-thumbnail_cinema":["https:\/\/jeremyfekete.com\/wp-content\/uploads\/2015\/02\/Europas-legend\u00e4re-Strassen-Via-Publicae-in-Portugal_1-800x335.jpg",800,335,true],"portfolio_item-thumbnail_portrait":["https:\/\/jeremyfekete.com\/wp-content\/uploads\/2015\/02\/Europas-legend\u00e4re-Strassen-Via-Publicae-in-Portugal_1-600x900.jpg",600,900,true],"portfolio_item-thumbnail_portrait@2x":["https:\/\/jeremyfekete.com\/wp-content\/uploads\/2015\/02\/Europas-legend\u00e4re-Strassen-Via-Publicae-in-Portugal_1-1200x1800.jpg",1200,1800,true],"portfolio_item-thumbnail_square":["https:\/\/jeremyfekete.com\/wp-content\/uploads\/2015\/02\/Europas-legend\u00e4re-Strassen-Via-Publicae-in-Portugal_1-800x800.jpg",800,800,true]},"_links":{"self":[{"href":"https:\/\/jeremyfekete.com\/fr\/wp-json\/wp\/v2\/pages\/4155","targetHints":{"allow":["GET"]}}],"collection":[{"href":"https:\/\/jeremyfekete.com\/fr\/wp-json\/wp\/v2\/pages"}],"about":[{"href":"https:\/\/jeremyfekete.com\/fr\/wp-json\/wp\/v2\/types\/page"}],"author":[{"embeddable":true,"href":"https:\/\/jeremyfekete.com\/fr\/wp-json\/wp\/v2\/users\/1"}],"replies":[{"embeddable":true,"href":"https:\/\/jeremyfekete.com\/fr\/wp-json\/wp\/v2\/comments?post=4155"}],"version-history":[{"count":0,"href":"https:\/\/jeremyfekete.com\/fr\/wp-json\/wp\/v2\/pages\/4155\/revisions"}],"wp:featuredmedia":[{"embeddable":true,"href":"https:\/\/jeremyfekete.com\/fr\/wp-json\/wp\/v2\/media\/4597"}],"wp:attachment":[{"href":"https:\/\/jeremyfekete.com\/fr\/wp-json\/wp\/v2\/media?parent=4155"}],"curies":[{"name":"wp","href":"https:\/\/api.w.org\/{rel}","templated":true}]}}