{"id":4394,"date":"2014-05-02T17:59:40","date_gmt":"2014-05-02T15:59:40","guid":{"rendered":"http:\/\/jeremyfekete.com\/?page_id=4394"},"modified":"2015-07-26T09:28:03","modified_gmt":"2015-07-26T07:28:03","slug":"2-dans-le-baden-wurtemberg-en-allemagne","status":"publish","type":"page","link":"https:\/\/jeremyfekete.com\/fr\/2-dans-le-baden-wurtemberg-en-allemagne\/","title":{"rendered":"2) DANS LE BADEN-WURTEMBERG EN ALLEMAGNE"},"content":{"rendered":"<p><iframe src=\"http:\/\/player.vimeo.com\/video\/134526994?title=0&amp;byline=0&amp;portrait=0&amp;color=dd9933\" height=\"534\" width=\"950\" allowfullscreen=\"\" frameborder=\"0\"><\/iframe><\/p>\n<p>&nbsp;<\/p>\n<p>&nbsp;<\/p>\n<p><a href=\"https:\/\/i0.wp.com\/jeremyfekete.com\/wp-content\/uploads\/2014\/05\/ARTE.png\" data-rel=\"lightbox-image-0\" data-rl_title=\"\" data-rl_caption=\"\" title=\"\"><img data-recalc-dims=\"1\" decoding=\"async\" class=\" wp-image-709 alignleft\" alt=\"ARTE\" src=\"https:\/\/i0.wp.com\/jeremyfekete.com\/wp-content\/uploads\/2014\/05\/ARTE.png?resize=167%2C237\" width=\"167\" height=\"237\" data-id=\"709\" \/><\/a><\/p>\n<p style=\"text-align: justify;\"><strong>Decouvrez les ch\u00e2teaux souabes, de Stuttgart au lac de Constance.<\/strong><\/p>\n<p style=\"text-align: justify;\"><span style=\"line-height: 1.5em;\">Le voyage commence par le ch\u00e2teau de Hohenzollern, berceau de la derni\u00e8re famille r\u00e9gnante de Prusse et symbole de sa puissance : un nid d\u2019aigle, perch\u00e9 sur un piton de verdure. Apr\u00e8s un crochet par un \u00e9levage d\u2019escargots, une sp\u00e9cialit\u00e9 culinaire souabe, on d\u00e9couvre le ch\u00e2teau de Ludwigsburg, un petit pavillon de plaisir devenu progressivement l\u2019une des plus grandes r\u00e9sidences baroques d\u2019Europe. D\u2019une taille \u00e9quivalente \u00e0 celle de Versailles, il abrite un somptueux th\u00e9\u00e2tre dont le restaurateur d\u00e9voile les coulisses. Suit une remont\u00e9e du Neckar, bord\u00e9 de vignobles, et la d\u00e9couverte de l\u2019\u00eele de Mainau, sur le lac de Constance, qui se transforme \u00e0 la belle saison en une mer de fleurs.<\/span><\/p>\n<p style=\"text-align: justify;\">\n","protected":false},"excerpt":{"rendered":"<p>&nbsp; &nbsp; Decouvrez les ch\u00e2teaux souabes, de Stuttgart au lac de Constance. Le voyage commence par le ch\u00e2teau de Hohenzollern, berceau de la derni\u00e8re famille r\u00e9gnante de Prusse et symbole de sa puissance : un nid d\u2019aigle, perch\u00e9 sur un piton de verdure. Apr\u00e8s un crochet par un \u00e9levage d\u2019escargots, une sp\u00e9cialit\u00e9 culinaire souabe, on &hellip; <\/p>\n<p class=\"link-more\"><a href=\"https:\/\/jeremyfekete.com\/fr\/2-dans-le-baden-wurtemberg-en-allemagne\/\" class=\"more-link\">Lire la suite de<span class=\"screen-reader-text\">\u00ab\u00a02) DANS LE BADEN-WURTEMBERG EN ALLEMAGNE\u00a0\u00bb<\/span><\/a><\/p>\n","protected":false},"author":1,"featured_media":40389,"parent":0,"menu_order":0,"comment_status":"closed","ping_status":"closed","template":"","meta":{"footnotes":""},"class_list":["post-4394","page","type-page","status-publish","has-post-thumbnail","hentry"],"jetpack_sharing_enabled":true,"featured_media_urls":{"thumbnail":["https:\/\/jeremyfekete.com\/wp-content\/uploads\/2022\/02\/Schloesserwelten-Baden-Wuerttemberg_0140-150x150.jpg",150,150,true],"medium":["https:\/\/jeremyfekete.com\/wp-content\/uploads\/2022\/02\/Schloesserwelten-Baden-Wuerttemberg_0140-300x200.jpg",300,200,true],"medium_large":["https:\/\/jeremyfekete.com\/wp-content\/uploads\/2022\/02\/Schloesserwelten-Baden-Wuerttemberg_0140-768x512.jpg",768,512,true],"large":["https:\/\/jeremyfekete.com\/wp-content\/uploads\/2022\/02\/Schloesserwelten-Baden-Wuerttemberg_0140-1024x683.jpg",950,634,true],"1536x1536":["https:\/\/jeremyfekete.com\/wp-content\/uploads\/2022\/02\/Schloesserwelten-Baden-Wuerttemberg_0140-1536x1024.jpg",1536,1024,true],"2048x2048":["https:\/\/jeremyfekete.com\/wp-content\/uploads\/2022\/02\/Schloesserwelten-Baden-Wuerttemberg_0140-2048x1365.jpg",2048,1365,true],"inspiro-featured-image":["https:\/\/jeremyfekete.com\/wp-content\/uploads\/2022\/02\/Schloesserwelten-Baden-Wuerttemberg_0140-2000x1333.jpg",2000,1333,true],"inspiro-loop":["https:\/\/jeremyfekete.com\/wp-content\/uploads\/2022\/02\/Schloesserwelten-Baden-Wuerttemberg_0140-950x320.jpg",950,320,true],"inspiro-loop@2x":["https:\/\/jeremyfekete.com\/wp-content\/uploads\/2022\/02\/Schloesserwelten-Baden-Wuerttemberg_0140-scaled-1900x640.jpg",1900,640,true],"portfolio_item-thumbnail":["https:\/\/jeremyfekete.com\/wp-content\/uploads\/2022\/02\/Schloesserwelten-Baden-Wuerttemberg_0140-scaled-600x400.jpg",600,400,true],"portfolio_item-thumbnail@2x":["https:\/\/jeremyfekete.com\/wp-content\/uploads\/2022\/02\/Schloesserwelten-Baden-Wuerttemberg_0140-scaled-1200x800.jpg",1200,800,true],"portfolio_item-masonry":["https:\/\/jeremyfekete.com\/wp-content\/uploads\/2022\/02\/Schloesserwelten-Baden-Wuerttemberg_0140-scaled-600x400.jpg",600,400,true],"portfolio_item-masonry@2x":["https:\/\/jeremyfekete.com\/wp-content\/uploads\/2022\/02\/Schloesserwelten-Baden-Wuerttemberg_0140-scaled-1200x800.jpg",1200,800,true],"portfolio_item-thumbnail_cinema":["https:\/\/jeremyfekete.com\/wp-content\/uploads\/2022\/02\/Schloesserwelten-Baden-Wuerttemberg_0140-scaled-800x335.jpg",800,335,true],"portfolio_item-thumbnail_portrait":["https:\/\/jeremyfekete.com\/wp-content\/uploads\/2022\/02\/Schloesserwelten-Baden-Wuerttemberg_0140-scaled-600x900.jpg",600,900,true],"portfolio_item-thumbnail_portrait@2x":["https:\/\/jeremyfekete.com\/wp-content\/uploads\/2022\/02\/Schloesserwelten-Baden-Wuerttemberg_0140-scaled-1200x1707.jpg",1200,1707,true],"portfolio_item-thumbnail_square":["https:\/\/jeremyfekete.com\/wp-content\/uploads\/2022\/02\/Schloesserwelten-Baden-Wuerttemberg_0140-scaled-800x800.jpg",800,800,true]},"_links":{"self":[{"href":"https:\/\/jeremyfekete.com\/fr\/wp-json\/wp\/v2\/pages\/4394","targetHints":{"allow":["GET"]}}],"collection":[{"href":"https:\/\/jeremyfekete.com\/fr\/wp-json\/wp\/v2\/pages"}],"about":[{"href":"https:\/\/jeremyfekete.com\/fr\/wp-json\/wp\/v2\/types\/page"}],"author":[{"embeddable":true,"href":"https:\/\/jeremyfekete.com\/fr\/wp-json\/wp\/v2\/users\/1"}],"replies":[{"embeddable":true,"href":"https:\/\/jeremyfekete.com\/fr\/wp-json\/wp\/v2\/comments?post=4394"}],"version-history":[{"count":0,"href":"https:\/\/jeremyfekete.com\/fr\/wp-json\/wp\/v2\/pages\/4394\/revisions"}],"wp:featuredmedia":[{"embeddable":true,"href":"https:\/\/jeremyfekete.com\/fr\/wp-json\/wp\/v2\/media\/40389"}],"wp:attachment":[{"href":"https:\/\/jeremyfekete.com\/fr\/wp-json\/wp\/v2\/media?parent=4394"}],"curies":[{"name":"wp","href":"https:\/\/api.w.org\/{rel}","templated":true}]}}