{"id":4399,"date":"2014-05-02T18:19:07","date_gmt":"2014-05-02T16:19:07","guid":{"rendered":"http:\/\/jeremyfekete.com\/?page_id=4399"},"modified":"2015-07-26T09:37:42","modified_gmt":"2015-07-26T07:37:42","slug":"5-dans-lestremadura-portugaise","status":"publish","type":"page","link":"https:\/\/jeremyfekete.com\/fr\/5-dans-lestremadura-portugaise\/","title":{"rendered":"5) DANS L\u2019ESTR\u00c9MADURA PORTUGAISE"},"content":{"rendered":"<p><iframe src=\"http:\/\/player.vimeo.com\/video\/134526993?title=0&amp;byline=0&amp;portrait=0&amp;color=dd9933\" height=\"534\" width=\"950\" allowfullscreen=\"\" frameborder=\"0\"><\/iframe><\/p>\n<p>&nbsp;<\/p>\n<p>&nbsp;<\/p>\n<p><a href=\"https:\/\/i0.wp.com\/jeremyfekete.com\/wp-content\/uploads\/2014\/05\/ARTE.png\" data-rel=\"lightbox-image-0\" data-rl_title=\"\" data-rl_caption=\"\" title=\"\"><img data-recalc-dims=\"1\" decoding=\"async\" class=\" wp-image-709 alignleft\" alt=\"ARTE\" src=\"https:\/\/i0.wp.com\/jeremyfekete.com\/wp-content\/uploads\/2014\/05\/ARTE.png?resize=167%2C237\" width=\"167\" height=\"237\" data-id=\"709\" \/><\/a><\/p>\n<p style=\"text-align: justify;\"><strong>Halte dans les palais portugais, h\u00e9ritage d\u2019un pass\u00e9 imp\u00e9rial glorieux.<\/strong><\/p>\n<p style=\"text-align: justify;\">Le Palacio da Pena domine Lisbonne et la c\u00f4te atlantique de son architecture \u00e9clectique, aux influences mauresques et rococo. Au sein du Palacio Nacional de Mafra a \u00e9t\u00e9 b\u00e2ti un couvent pouvant accueillir trois cent trente moines. Sa biblioth\u00e8que rassemble plus de quarante mille ouvrages venus du monde entier. La fa\u00e7ade rouge du palais des marquis de Fronteira, rescap\u00e9 du grand tremblement de terre qui d\u00e9truisit Lisbonne en 1755, dissimule de splendides azulejos, des panneaux de fa\u00efence peints de cama\u00efeux de bleu. Quant au Palacio Nacional de Queluz, qui abrite l\u2019\u00e9cole de cavalerie nationale, il offre une parfaite illustration du style rococo.<\/p>\n","protected":false},"excerpt":{"rendered":"<p>&nbsp; &nbsp; Halte dans les palais portugais, h\u00e9ritage d\u2019un pass\u00e9 imp\u00e9rial glorieux. Le Palacio da Pena domine Lisbonne et la c\u00f4te atlantique de son architecture \u00e9clectique, aux influences mauresques et rococo. Au sein du Palacio Nacional de Mafra a \u00e9t\u00e9 b\u00e2ti un couvent pouvant accueillir trois cent trente moines. Sa biblioth\u00e8que rassemble plus de quarante &hellip; <\/p>\n<p class=\"link-more\"><a href=\"https:\/\/jeremyfekete.com\/fr\/5-dans-lestremadura-portugaise\/\" class=\"more-link\">Lire la suite de<span class=\"screen-reader-text\">\u00ab\u00a05) DANS L\u2019ESTR\u00c9MADURA PORTUGAISE\u00a0\u00bb<\/span><\/a><\/p>\n","protected":false},"author":1,"featured_media":40393,"parent":0,"menu_order":0,"comment_status":"closed","ping_status":"closed","template":"","meta":{"footnotes":""},"class_list":["post-4399","page","type-page","status-publish","has-post-thumbnail","hentry"],"jetpack_sharing_enabled":true,"featured_media_urls":{"thumbnail":["https:\/\/jeremyfekete.com\/wp-content\/uploads\/2022\/02\/Schloesserwelten-Portugal_0529-150x150.jpg",150,150,true],"medium":["https:\/\/jeremyfekete.com\/wp-content\/uploads\/2022\/02\/Schloesserwelten-Portugal_0529-300x200.jpg",300,200,true],"medium_large":["https:\/\/jeremyfekete.com\/wp-content\/uploads\/2022\/02\/Schloesserwelten-Portugal_0529-768x512.jpg",768,512,true],"large":["https:\/\/jeremyfekete.com\/wp-content\/uploads\/2022\/02\/Schloesserwelten-Portugal_0529-1024x683.jpg",950,634,true],"1536x1536":["https:\/\/jeremyfekete.com\/wp-content\/uploads\/2022\/02\/Schloesserwelten-Portugal_0529-1536x1024.jpg",1536,1024,true],"2048x2048":["https:\/\/jeremyfekete.com\/wp-content\/uploads\/2022\/02\/Schloesserwelten-Portugal_0529-2048x1365.jpg",2048,1365,true],"inspiro-featured-image":["https:\/\/jeremyfekete.com\/wp-content\/uploads\/2022\/02\/Schloesserwelten-Portugal_0529-2000x1333.jpg",2000,1333,true],"inspiro-loop":["https:\/\/jeremyfekete.com\/wp-content\/uploads\/2022\/02\/Schloesserwelten-Portugal_0529-950x320.jpg",950,320,true],"inspiro-loop@2x":["https:\/\/jeremyfekete.com\/wp-content\/uploads\/2022\/02\/Schloesserwelten-Portugal_0529-scaled-1900x640.jpg",1900,640,true],"portfolio_item-thumbnail":["https:\/\/jeremyfekete.com\/wp-content\/uploads\/2022\/02\/Schloesserwelten-Portugal_0529-scaled-600x400.jpg",600,400,true],"portfolio_item-thumbnail@2x":["https:\/\/jeremyfekete.com\/wp-content\/uploads\/2022\/02\/Schloesserwelten-Portugal_0529-scaled-1200x800.jpg",1200,800,true],"portfolio_item-masonry":["https:\/\/jeremyfekete.com\/wp-content\/uploads\/2022\/02\/Schloesserwelten-Portugal_0529-scaled-600x400.jpg",600,400,true],"portfolio_item-masonry@2x":["https:\/\/jeremyfekete.com\/wp-content\/uploads\/2022\/02\/Schloesserwelten-Portugal_0529-scaled-1200x800.jpg",1200,800,true],"portfolio_item-thumbnail_cinema":["https:\/\/jeremyfekete.com\/wp-content\/uploads\/2022\/02\/Schloesserwelten-Portugal_0529-scaled-800x335.jpg",800,335,true],"portfolio_item-thumbnail_portrait":["https:\/\/jeremyfekete.com\/wp-content\/uploads\/2022\/02\/Schloesserwelten-Portugal_0529-scaled-600x900.jpg",600,900,true],"portfolio_item-thumbnail_portrait@2x":["https:\/\/jeremyfekete.com\/wp-content\/uploads\/2022\/02\/Schloesserwelten-Portugal_0529-scaled-1200x1707.jpg",1200,1707,true],"portfolio_item-thumbnail_square":["https:\/\/jeremyfekete.com\/wp-content\/uploads\/2022\/02\/Schloesserwelten-Portugal_0529-scaled-800x800.jpg",800,800,true]},"_links":{"self":[{"href":"https:\/\/jeremyfekete.com\/fr\/wp-json\/wp\/v2\/pages\/4399","targetHints":{"allow":["GET"]}}],"collection":[{"href":"https:\/\/jeremyfekete.com\/fr\/wp-json\/wp\/v2\/pages"}],"about":[{"href":"https:\/\/jeremyfekete.com\/fr\/wp-json\/wp\/v2\/types\/page"}],"author":[{"embeddable":true,"href":"https:\/\/jeremyfekete.com\/fr\/wp-json\/wp\/v2\/users\/1"}],"replies":[{"embeddable":true,"href":"https:\/\/jeremyfekete.com\/fr\/wp-json\/wp\/v2\/comments?post=4399"}],"version-history":[{"count":0,"href":"https:\/\/jeremyfekete.com\/fr\/wp-json\/wp\/v2\/pages\/4399\/revisions"}],"wp:featuredmedia":[{"embeddable":true,"href":"https:\/\/jeremyfekete.com\/fr\/wp-json\/wp\/v2\/media\/40393"}],"wp:attachment":[{"href":"https:\/\/jeremyfekete.com\/fr\/wp-json\/wp\/v2\/media?parent=4399"}],"curies":[{"name":"wp","href":"https:\/\/api.w.org\/{rel}","templated":true}]}}