{"id":4407,"date":"2014-05-02T19:10:20","date_gmt":"2014-05-02T17:10:20","guid":{"rendered":"http:\/\/jeremyfekete.com\/?page_id=4407"},"modified":"2015-07-26T09:44:27","modified_gmt":"2015-07-26T07:44:27","slug":"4407-2","status":"publish","type":"page","link":"https:\/\/jeremyfekete.com\/fr\/4407-2\/","title":{"rendered":"4) DANS LE PI\u00c9MONT EN ITALIE"},"content":{"rendered":"<p><iframe src=\"http:\/\/player.vimeo.com\/video\/134526992?title=0&amp;byline=0&amp;portrait=0&amp;color=dd9933\" height=\"534\" width=\"950\" allowfullscreen=\"\" frameborder=\"0\"><\/iframe><\/p>\n<p>&nbsp;<\/p>\n<p>&nbsp;<\/p>\n<p><a href=\"https:\/\/i0.wp.com\/jeremyfekete.com\/wp-content\/uploads\/2014\/05\/ARTE.png\" data-rel=\"lightbox-image-0\" data-rl_title=\"\" data-rl_caption=\"\" title=\"\"><img data-recalc-dims=\"1\" decoding=\"async\" class=\" wp-image-709 alignleft\" alt=\"ARTE\" src=\"https:\/\/i0.wp.com\/jeremyfekete.com\/wp-content\/uploads\/2014\/05\/ARTE.png?resize=167%2C237\" width=\"167\" height=\"237\" data-id=\"709\" \/><\/a><\/p>\n<p style=\"text-align: justify;\"><strong>L\u2019h\u00e9ritage de la puissante maison de Savoie.<\/strong><\/p>\n<p style=\"text-align: justify;\">Au XVIe\u00a0au XVIIIe\u00a0si\u00e8cle, les ducs de Savoie ont entour\u00e9 Turin d\u2019une couronne de r\u00e9sidences. Le Palazzo Reale, au centre de la ville, abrite aujourd\u2019hui une riche collection d\u2019\u00e9p\u00e9es d\u2019apparat et d\u2019armes de combat, tandis que le suaire de Turin est conserv\u00e9 dans la cath\u00e9drale Saint-Jean-Baptiste. En lisi\u00e8re de la ville, la Reggia di Venaria, qui avait \u00e9t\u00e9 transform\u00e9e en caserne lors de la conqu\u00eate de l\u2019Italie par Bonaparte, a \u00e9t\u00e9 r\u00e9nov\u00e9e de fond en comble, \u00e9chappant de justesse \u00e0 la ruine. Autre r\u00e9sidence de chasse, le ch\u00e2teau Stupinigi, surmont\u00e9 d\u2019un cerf dor\u00e9, accueille encore quelques fauconniers et leurs oiseaux.<\/p>\n","protected":false},"excerpt":{"rendered":"<p>&nbsp; &nbsp; L\u2019h\u00e9ritage de la puissante maison de Savoie. Au XVIe\u00a0au XVIIIe\u00a0si\u00e8cle, les ducs de Savoie ont entour\u00e9 Turin d\u2019une couronne de r\u00e9sidences. Le Palazzo Reale, au centre de la ville, abrite aujourd\u2019hui une riche collection d\u2019\u00e9p\u00e9es d\u2019apparat et d\u2019armes de combat, tandis que le suaire de Turin est conserv\u00e9 dans la cath\u00e9drale Saint-Jean-Baptiste. En &hellip; <\/p>\n<p class=\"link-more\"><a href=\"https:\/\/jeremyfekete.com\/fr\/4407-2\/\" class=\"more-link\">Lire la suite de<span class=\"screen-reader-text\">\u00ab\u00a04) DANS LE PI\u00c9MONT EN ITALIE\u00a0\u00bb<\/span><\/a><\/p>\n","protected":false},"author":1,"featured_media":40391,"parent":0,"menu_order":0,"comment_status":"closed","ping_status":"closed","template":"","meta":{"footnotes":""},"class_list":["post-4407","page","type-page","status-publish","has-post-thumbnail","hentry"],"jetpack_sharing_enabled":true,"featured_media_urls":{"thumbnail":["https:\/\/jeremyfekete.com\/wp-content\/uploads\/2022\/02\/Schloesserwelten_170612_Armeria-Ritter-150x150.jpg",150,150,true],"medium":["https:\/\/jeremyfekete.com\/wp-content\/uploads\/2022\/02\/Schloesserwelten_170612_Armeria-Ritter-300x200.jpg",300,200,true],"medium_large":["https:\/\/jeremyfekete.com\/wp-content\/uploads\/2022\/02\/Schloesserwelten_170612_Armeria-Ritter-768x512.jpg",768,512,true],"large":["https:\/\/jeremyfekete.com\/wp-content\/uploads\/2022\/02\/Schloesserwelten_170612_Armeria-Ritter-1024x683.jpg",950,634,true],"1536x1536":["https:\/\/jeremyfekete.com\/wp-content\/uploads\/2022\/02\/Schloesserwelten_170612_Armeria-Ritter-1536x1024.jpg",1536,1024,true],"2048x2048":["https:\/\/jeremyfekete.com\/wp-content\/uploads\/2022\/02\/Schloesserwelten_170612_Armeria-Ritter-2048x1365.jpg",2048,1365,true],"inspiro-featured-image":["https:\/\/jeremyfekete.com\/wp-content\/uploads\/2022\/02\/Schloesserwelten_170612_Armeria-Ritter-2000x1333.jpg",2000,1333,true],"inspiro-loop":["https:\/\/jeremyfekete.com\/wp-content\/uploads\/2022\/02\/Schloesserwelten_170612_Armeria-Ritter-950x320.jpg",950,320,true],"inspiro-loop@2x":["https:\/\/jeremyfekete.com\/wp-content\/uploads\/2022\/02\/Schloesserwelten_170612_Armeria-Ritter-scaled-1900x640.jpg",1900,640,true],"portfolio_item-thumbnail":["https:\/\/jeremyfekete.com\/wp-content\/uploads\/2022\/02\/Schloesserwelten_170612_Armeria-Ritter-scaled-600x400.jpg",600,400,true],"portfolio_item-thumbnail@2x":["https:\/\/jeremyfekete.com\/wp-content\/uploads\/2022\/02\/Schloesserwelten_170612_Armeria-Ritter-scaled-1200x800.jpg",1200,800,true],"portfolio_item-masonry":["https:\/\/jeremyfekete.com\/wp-content\/uploads\/2022\/02\/Schloesserwelten_170612_Armeria-Ritter-scaled-600x400.jpg",600,400,true],"portfolio_item-masonry@2x":["https:\/\/jeremyfekete.com\/wp-content\/uploads\/2022\/02\/Schloesserwelten_170612_Armeria-Ritter-scaled-1200x800.jpg",1200,800,true],"portfolio_item-thumbnail_cinema":["https:\/\/jeremyfekete.com\/wp-content\/uploads\/2022\/02\/Schloesserwelten_170612_Armeria-Ritter-scaled-800x335.jpg",800,335,true],"portfolio_item-thumbnail_portrait":["https:\/\/jeremyfekete.com\/wp-content\/uploads\/2022\/02\/Schloesserwelten_170612_Armeria-Ritter-scaled-600x900.jpg",600,900,true],"portfolio_item-thumbnail_portrait@2x":["https:\/\/jeremyfekete.com\/wp-content\/uploads\/2022\/02\/Schloesserwelten_170612_Armeria-Ritter-scaled-1200x1707.jpg",1200,1707,true],"portfolio_item-thumbnail_square":["https:\/\/jeremyfekete.com\/wp-content\/uploads\/2022\/02\/Schloesserwelten_170612_Armeria-Ritter-scaled-800x800.jpg",800,800,true]},"_links":{"self":[{"href":"https:\/\/jeremyfekete.com\/fr\/wp-json\/wp\/v2\/pages\/4407","targetHints":{"allow":["GET"]}}],"collection":[{"href":"https:\/\/jeremyfekete.com\/fr\/wp-json\/wp\/v2\/pages"}],"about":[{"href":"https:\/\/jeremyfekete.com\/fr\/wp-json\/wp\/v2\/types\/page"}],"author":[{"embeddable":true,"href":"https:\/\/jeremyfekete.com\/fr\/wp-json\/wp\/v2\/users\/1"}],"replies":[{"embeddable":true,"href":"https:\/\/jeremyfekete.com\/fr\/wp-json\/wp\/v2\/comments?post=4407"}],"version-history":[{"count":0,"href":"https:\/\/jeremyfekete.com\/fr\/wp-json\/wp\/v2\/pages\/4407\/revisions"}],"wp:featuredmedia":[{"embeddable":true,"href":"https:\/\/jeremyfekete.com\/fr\/wp-json\/wp\/v2\/media\/40391"}],"wp:attachment":[{"href":"https:\/\/jeremyfekete.com\/fr\/wp-json\/wp\/v2\/media?parent=4407"}],"curies":[{"name":"wp","href":"https:\/\/api.w.org\/{rel}","templated":true}]}}