{"id":5932,"date":"2015-11-12T16:41:41","date_gmt":"2015-11-12T14:41:41","guid":{"rendered":"http:\/\/jeremyfekete.com\/?page_id=5932"},"modified":"2016-05-01T13:14:24","modified_gmt":"2016-05-01T11:14:24","slug":"berlin-2","status":"publish","type":"page","link":"https:\/\/jeremyfekete.com\/fr\/berlin-2\/","title":{"rendered":"BERLIN"},"content":{"rendered":"<p style=\"text-align: center;\"><a href=\"https:\/\/i0.wp.com\/jeremyfekete.com\/wp-content\/uploads\/2015\/11\/Tankstellen-des-Gl%C3%BCcks1.jpg\" data-rel=\"lightbox-image-0\" data-rl_title=\"\" data-rl_caption=\"\" title=\"\"><img data-recalc-dims=\"1\" fetchpriority=\"high\" decoding=\"async\" class=\"size-full wp-image-5923 aligncenter\" alt=\"Tankstellen des Gl\u00fccks\" src=\"https:\/\/i0.wp.com\/jeremyfekete.com\/wp-content\/uploads\/2015\/11\/Tankstellen-des-Gl%C3%BCcks1.jpg?resize=640%2C360\" width=\"640\" height=\"360\" data-id=\"5923\" srcset=\"https:\/\/i0.wp.com\/jeremyfekete.com\/wp-content\/uploads\/2015\/11\/Tankstellen-des-Gl%C3%BCcks1.jpg?w=640&amp;ssl=1 640w, https:\/\/i0.wp.com\/jeremyfekete.com\/wp-content\/uploads\/2015\/11\/Tankstellen-des-Gl%C3%BCcks1.jpg?resize=300%2C168&amp;ssl=1 300w, https:\/\/i0.wp.com\/jeremyfekete.com\/wp-content\/uploads\/2015\/11\/Tankstellen-des-Gl%C3%BCcks1.jpg?resize=600%2C337&amp;ssl=1 600w\" sizes=\"(max-width: 640px) 100vw, 640px\" \/><\/a><\/p>\n<p style=\"text-align: center;\">LE VOYAGE COMMENCE..<\/p>\n<p style=\"text-align: center;\">\n<p style=\"text-align: justify;\">L&rsquo;artiste berlinois Friedrich Liechtenstein, grand fan des stations-service, nous guide au bord des routes europ\u00e9ennes, de rencontres insolites en paysages \u00e9tranges.<\/p>\n<p style=\"text-align: justify;\">Pour ce premier \u00e9pisode, il se rend \u00e0 Potsdam et marque un arr\u00eat au Garage du pont, qui ne sert plus d&rsquo;essence, mais de la cuisine fran\u00e7aise.<\/p>\n<p style=\"text-align: justify;\">Friedrich Liechtenstein, performeur et chanteur bon vivant de la sc\u00e8ne berlinoise, quitte sa ville d&rsquo;adoption en Solex pour gagner Potsdam et marque un arr\u00eat au Garage du pont, qui ne sert plus d&rsquo;essence, mais de la cuisine fran\u00e7aise. \u00c0 noter que l&rsquo;\u00e9tablissement fut d&#8217;embl\u00e9e baptis\u00e9 en fran\u00e7ais, lorsqu&rsquo;il ouvrit ses portes dans les ann\u00e9es\u00a01930 tout pr\u00e8s du pont de Glienicke, c\u00e9l\u00e8bre pour les \u00e9changes d&rsquo;espions qui s&rsquo;y d\u00e9roul\u00e8rent. Dans un petit mus\u00e9e de l&rsquo;automobile, Liechtenstein se choisit une vieille Mercedes dor\u00e9e pour entamer son tour d&rsquo;Europe.<\/p>\n<p style=\"text-align: justify;\">Chauffeur, si t&rsquo;es champion&#8230;<\/p>\n<p style=\"text-align: justify;\">Parti de Berlin, sa ville d&rsquo;adoption, le touche-\u00e0-tout de la sc\u00e8ne allemande, performeur et chanteur \u00e0 la barbe fleurie, nous emm\u00e8ne au fil de dix \u00e9pisodes jusqu&rsquo;en Slovaquie, via le Danemark, l&rsquo;Autriche, la France, le Luxembourg, et l&rsquo;Italie ; paradant dans sa Mercedes dor\u00e9e, il d\u00e9guste ailleurs un d\u00eener de gourmet dans une station-essence reconvertie ou disserte un jour sur l&rsquo;\u00e9cologie ou l&rsquo;anthropologie des \u00ab\u00a0non-lieux\u00a0\u00bb, pour finir dans un mus\u00e9e italien enti\u00e8rement vou\u00e9 \u00e0 la gloire de la station-service. Doubl\u00e9 en fran\u00e7ais par son confr\u00e8re Tom Novembre, il nous guide avec sa faconde inclassable \u00e0 la rencontre de garagistes passionn\u00e9s, de routiers fatigu\u00e9s, de routards esseul\u00e9s, d&rsquo;amoureux en goguette ou de fous de grosses cylindr\u00e9es, anonymes ou c\u00e9l\u00e8bres, de la rase campagne au coeur des capitales.<\/p>\n","protected":false},"excerpt":{"rendered":"<p>LE VOYAGE COMMENCE.. L&rsquo;artiste berlinois Friedrich Liechtenstein, grand fan des stations-service, nous guide au bord des routes europ\u00e9ennes, de rencontres insolites en paysages \u00e9tranges. Pour ce premier \u00e9pisode, il se rend \u00e0 Potsdam et marque un arr\u00eat au Garage du pont, qui ne sert plus d&rsquo;essence, mais de la cuisine fran\u00e7aise. Friedrich Liechtenstein, performeur et &hellip; <\/p>\n<p class=\"link-more\"><a href=\"https:\/\/jeremyfekete.com\/fr\/berlin-2\/\" class=\"more-link\">Lire la suite de<span class=\"screen-reader-text\">\u00ab\u00a0BERLIN\u00a0\u00bb<\/span><\/a><\/p>\n","protected":false},"author":1,"featured_media":6681,"parent":0,"menu_order":0,"comment_status":"closed","ping_status":"closed","template":"","meta":{"footnotes":""},"class_list":["post-5932","page","type-page","status-publish","has-post-thumbnail","hentry"],"jetpack_sharing_enabled":true,"featured_media_urls":{"thumbnail":["https:\/\/jeremyfekete.com\/wp-content\/uploads\/2016\/03\/timthumb.php_-150x150.jpg",150,150,true],"medium":["https:\/\/jeremyfekete.com\/wp-content\/uploads\/2016\/03\/timthumb.php_-300x169.jpg",300,169,true],"medium_large":["https:\/\/jeremyfekete.com\/wp-content\/uploads\/2016\/03\/timthumb.php_.jpg",563,318,false],"large":["https:\/\/jeremyfekete.com\/wp-content\/uploads\/2016\/03\/timthumb.php_.jpg",563,318,false],"1536x1536":["https:\/\/jeremyfekete.com\/wp-content\/uploads\/2016\/03\/timthumb.php_.jpg",563,318,false],"2048x2048":["https:\/\/jeremyfekete.com\/wp-content\/uploads\/2016\/03\/timthumb.php_.jpg",563,318,false],"inspiro-featured-image":["https:\/\/jeremyfekete.com\/wp-content\/uploads\/2016\/03\/timthumb.php_.jpg",563,318,false],"inspiro-loop":["https:\/\/jeremyfekete.com\/wp-content\/uploads\/2016\/03\/timthumb.php_.jpg",563,318,false],"inspiro-loop@2x":["https:\/\/jeremyfekete.com\/wp-content\/uploads\/2016\/03\/timthumb.php_.jpg",563,318,false],"portfolio_item-thumbnail":["https:\/\/jeremyfekete.com\/wp-content\/uploads\/2016\/03\/timthumb.php_.jpg",563,318,false],"portfolio_item-thumbnail@2x":["https:\/\/jeremyfekete.com\/wp-content\/uploads\/2016\/03\/timthumb.php_.jpg",563,318,false],"portfolio_item-masonry":["https:\/\/jeremyfekete.com\/wp-content\/uploads\/2016\/03\/timthumb.php_.jpg",563,318,false],"portfolio_item-masonry@2x":["https:\/\/jeremyfekete.com\/wp-content\/uploads\/2016\/03\/timthumb.php_.jpg",563,318,false],"portfolio_item-thumbnail_cinema":["https:\/\/jeremyfekete.com\/wp-content\/uploads\/2016\/03\/timthumb.php_.jpg",563,318,false],"portfolio_item-thumbnail_portrait":["https:\/\/jeremyfekete.com\/wp-content\/uploads\/2016\/03\/timthumb.php_.jpg",563,318,false],"portfolio_item-thumbnail_portrait@2x":["https:\/\/jeremyfekete.com\/wp-content\/uploads\/2016\/03\/timthumb.php_.jpg",563,318,false],"portfolio_item-thumbnail_square":["https:\/\/jeremyfekete.com\/wp-content\/uploads\/2016\/03\/timthumb.php_.jpg",563,318,false]},"_links":{"self":[{"href":"https:\/\/jeremyfekete.com\/fr\/wp-json\/wp\/v2\/pages\/5932","targetHints":{"allow":["GET"]}}],"collection":[{"href":"https:\/\/jeremyfekete.com\/fr\/wp-json\/wp\/v2\/pages"}],"about":[{"href":"https:\/\/jeremyfekete.com\/fr\/wp-json\/wp\/v2\/types\/page"}],"author":[{"embeddable":true,"href":"https:\/\/jeremyfekete.com\/fr\/wp-json\/wp\/v2\/users\/1"}],"replies":[{"embeddable":true,"href":"https:\/\/jeremyfekete.com\/fr\/wp-json\/wp\/v2\/comments?post=5932"}],"version-history":[{"count":0,"href":"https:\/\/jeremyfekete.com\/fr\/wp-json\/wp\/v2\/pages\/5932\/revisions"}],"wp:featuredmedia":[{"embeddable":true,"href":"https:\/\/jeremyfekete.com\/fr\/wp-json\/wp\/v2\/media\/6681"}],"wp:attachment":[{"href":"https:\/\/jeremyfekete.com\/fr\/wp-json\/wp\/v2\/media?parent=5932"}],"curies":[{"name":"wp","href":"https:\/\/api.w.org\/{rel}","templated":true}]}}