{"id":5982,"date":"2015-11-12T17:52:50","date_gmt":"2015-11-12T15:52:50","guid":{"rendered":"http:\/\/jeremyfekete.com\/?page_id=5982"},"modified":"2016-05-01T13:28:59","modified_gmt":"2016-05-01T11:28:59","slug":"berlin-4","status":"publish","type":"page","link":"https:\/\/jeremyfekete.com\/fr\/berlin-4\/","title":{"rendered":"BERLIN"},"content":{"rendered":"<p style=\"text-align: center;\"><a href=\"https:\/\/i0.wp.com\/jeremyfekete.com\/wp-content\/uploads\/2015\/11\/Tanlkstellen-des-Gl%C3%BCcks-10.jpg\" data-rel=\"lightbox-image-0\" data-rl_title=\"\" data-rl_caption=\"\" title=\"\"><img data-recalc-dims=\"1\" fetchpriority=\"high\" decoding=\"async\" class=\"size-full wp-image-5935 aligncenter\" alt=\"Jeremy JP Fekete\" src=\"https:\/\/i0.wp.com\/jeremyfekete.com\/wp-content\/uploads\/2015\/11\/Tanlkstellen-des-Gl%C3%BCcks-10.jpg?resize=640%2C360\" width=\"640\" height=\"360\" data-id=\"5935\" srcset=\"https:\/\/i0.wp.com\/jeremyfekete.com\/wp-content\/uploads\/2015\/11\/Tanlkstellen-des-Gl%C3%BCcks-10.jpg?w=640&amp;ssl=1 640w, https:\/\/i0.wp.com\/jeremyfekete.com\/wp-content\/uploads\/2015\/11\/Tanlkstellen-des-Gl%C3%BCcks-10.jpg?resize=300%2C168&amp;ssl=1 300w, https:\/\/i0.wp.com\/jeremyfekete.com\/wp-content\/uploads\/2015\/11\/Tanlkstellen-des-Gl%C3%BCcks-10.jpg?resize=600%2C337&amp;ssl=1 600w\" sizes=\"(max-width: 640px) 100vw, 640px\" \/><\/a><\/p>\n<p>&nbsp;<\/p>\n<p style=\"text-align: center;\">LE VOYAGE \u00a0FINI<\/p>\n<p style=\"text-align: justify;\">L&rsquo;artiste berlinois Friedrich Liechtenstein, grand fan des stations-service, nous guide au bord des routes europ\u00e9ennes. Le p\u00e9riple s&rsquo;ach\u00e8ve \u00e0 Berlin, cette fois \u00e0 un ancien poste-fronti\u00e8re entre Berlin-Est et Berlin-Ouest, pourvu d&rsquo;une station-service d\u00e9saffect\u00e9e.<\/p>\n<p style=\"text-align: justify;\">On visite aussi la station-service la plus moderne d&rsquo;Europe, o\u00f9 l&rsquo;on peut s&rsquo;approvisionner en \u00e9lectricit\u00e9 et en hydrog\u00e8ne. Mais chez Liechtenstein, la nostalgie des pompes \u00e0 essence d&rsquo;antan est forte. Dans l&rsquo;une de celles-ci, la chercheuse en senteurs Sissel Tolaas lui explique comment l&rsquo;odeur de l&rsquo;essence a \u00e9volu\u00e9 au cours des derni\u00e8res d\u00e9cennies. Le road movie se cl\u00f4t en beaut\u00e9 par une soir\u00e9e festive au Kant-Garage, o\u00f9 notre guide joue les ma\u00eetres de c\u00e9r\u00e9monie en smoking et Mercedes dor\u00e9e !<\/p>\n<p style=\"text-align: justify;\">Chauffeur, si t&rsquo;es champion&#8230;<\/p>\n<p style=\"text-align: justify;\">Parti de Berlin, sa ville d&rsquo;adoption, le touche-\u00e0-tout de la sc\u00e8ne allemande, performeur et chanteur \u00e0 la barbe fleurie, nous emm\u00e8ne au fil de dix \u00e9pisodes jusqu&rsquo;en Slovaquie, via le Danemark, l&rsquo;Autriche, la France, le Luxembourg, et l&rsquo;Italie ; paradant dans sa Mercedes dor\u00e9e, il d\u00e9guste ailleurs un d\u00eener de gourmet dans une station-essence reconvertie ou disserte un jour sur l&rsquo;\u00e9cologie ou l&rsquo;anthropologie des \u00ab\u00a0non-lieux\u00a0\u00bb, pour finir dans un mus\u00e9e italien enti\u00e8rement vou\u00e9 \u00e0 la gloire de la station-service. Doubl\u00e9 en fran\u00e7ais par son confr\u00e8re Tom Novembre, il nous guide avec sa faconde inclassable \u00e0 la rencontre de garagistes passionn\u00e9s, de routiers fatigu\u00e9s, de routards esseul\u00e9s, d&rsquo;amoureux en goguette ou de fous de grosses cylindr\u00e9es, anonymes ou c\u00e9l\u00e8bres, de la rase campagne au coeur des capitales.<\/p>\n","protected":false},"excerpt":{"rendered":"<p>&nbsp; LE VOYAGE \u00a0FINI L&rsquo;artiste berlinois Friedrich Liechtenstein, grand fan des stations-service, nous guide au bord des routes europ\u00e9ennes. Le p\u00e9riple s&rsquo;ach\u00e8ve \u00e0 Berlin, cette fois \u00e0 un ancien poste-fronti\u00e8re entre Berlin-Est et Berlin-Ouest, pourvu d&rsquo;une station-service d\u00e9saffect\u00e9e. On visite aussi la station-service la plus moderne d&rsquo;Europe, o\u00f9 l&rsquo;on peut s&rsquo;approvisionner en \u00e9lectricit\u00e9 et en &hellip; <\/p>\n<p class=\"link-more\"><a href=\"https:\/\/jeremyfekete.com\/fr\/berlin-4\/\" class=\"more-link\">Lire la suite de<span class=\"screen-reader-text\">\u00ab\u00a0BERLIN\u00a0\u00bb<\/span><\/a><\/p>\n","protected":false},"author":1,"featured_media":6681,"parent":0,"menu_order":0,"comment_status":"closed","ping_status":"closed","template":"","meta":{"footnotes":""},"class_list":["post-5982","page","type-page","status-publish","has-post-thumbnail","hentry"],"jetpack_sharing_enabled":true,"featured_media_urls":{"thumbnail":["https:\/\/jeremyfekete.com\/wp-content\/uploads\/2016\/03\/timthumb.php_-150x150.jpg",150,150,true],"medium":["https:\/\/jeremyfekete.com\/wp-content\/uploads\/2016\/03\/timthumb.php_-300x169.jpg",300,169,true],"medium_large":["https:\/\/jeremyfekete.com\/wp-content\/uploads\/2016\/03\/timthumb.php_.jpg",563,318,false],"large":["https:\/\/jeremyfekete.com\/wp-content\/uploads\/2016\/03\/timthumb.php_.jpg",563,318,false],"1536x1536":["https:\/\/jeremyfekete.com\/wp-content\/uploads\/2016\/03\/timthumb.php_.jpg",563,318,false],"2048x2048":["https:\/\/jeremyfekete.com\/wp-content\/uploads\/2016\/03\/timthumb.php_.jpg",563,318,false],"inspiro-featured-image":["https:\/\/jeremyfekete.com\/wp-content\/uploads\/2016\/03\/timthumb.php_.jpg",563,318,false],"inspiro-loop":["https:\/\/jeremyfekete.com\/wp-content\/uploads\/2016\/03\/timthumb.php_.jpg",563,318,false],"inspiro-loop@2x":["https:\/\/jeremyfekete.com\/wp-content\/uploads\/2016\/03\/timthumb.php_.jpg",563,318,false],"portfolio_item-thumbnail":["https:\/\/jeremyfekete.com\/wp-content\/uploads\/2016\/03\/timthumb.php_.jpg",563,318,false],"portfolio_item-thumbnail@2x":["https:\/\/jeremyfekete.com\/wp-content\/uploads\/2016\/03\/timthumb.php_.jpg",563,318,false],"portfolio_item-masonry":["https:\/\/jeremyfekete.com\/wp-content\/uploads\/2016\/03\/timthumb.php_.jpg",563,318,false],"portfolio_item-masonry@2x":["https:\/\/jeremyfekete.com\/wp-content\/uploads\/2016\/03\/timthumb.php_.jpg",563,318,false],"portfolio_item-thumbnail_cinema":["https:\/\/jeremyfekete.com\/wp-content\/uploads\/2016\/03\/timthumb.php_.jpg",563,318,false],"portfolio_item-thumbnail_portrait":["https:\/\/jeremyfekete.com\/wp-content\/uploads\/2016\/03\/timthumb.php_.jpg",563,318,false],"portfolio_item-thumbnail_portrait@2x":["https:\/\/jeremyfekete.com\/wp-content\/uploads\/2016\/03\/timthumb.php_.jpg",563,318,false],"portfolio_item-thumbnail_square":["https:\/\/jeremyfekete.com\/wp-content\/uploads\/2016\/03\/timthumb.php_.jpg",563,318,false]},"_links":{"self":[{"href":"https:\/\/jeremyfekete.com\/fr\/wp-json\/wp\/v2\/pages\/5982","targetHints":{"allow":["GET"]}}],"collection":[{"href":"https:\/\/jeremyfekete.com\/fr\/wp-json\/wp\/v2\/pages"}],"about":[{"href":"https:\/\/jeremyfekete.com\/fr\/wp-json\/wp\/v2\/types\/page"}],"author":[{"embeddable":true,"href":"https:\/\/jeremyfekete.com\/fr\/wp-json\/wp\/v2\/users\/1"}],"replies":[{"embeddable":true,"href":"https:\/\/jeremyfekete.com\/fr\/wp-json\/wp\/v2\/comments?post=5982"}],"version-history":[{"count":0,"href":"https:\/\/jeremyfekete.com\/fr\/wp-json\/wp\/v2\/pages\/5982\/revisions"}],"wp:featuredmedia":[{"embeddable":true,"href":"https:\/\/jeremyfekete.com\/fr\/wp-json\/wp\/v2\/media\/6681"}],"wp:attachment":[{"href":"https:\/\/jeremyfekete.com\/fr\/wp-json\/wp\/v2\/media?parent=5982"}],"curies":[{"name":"wp","href":"https:\/\/api.w.org\/{rel}","templated":true}]}}