{"id":6581,"date":"2016-01-27T19:44:07","date_gmt":"2016-01-27T17:44:07","guid":{"rendered":"http:\/\/jeremyfekete.com\/?page_id=6581"},"modified":"2016-05-01T13:16:47","modified_gmt":"2016-05-01T11:16:47","slug":"copenhague","status":"publish","type":"page","link":"https:\/\/jeremyfekete.com\/fr\/copenhague\/","title":{"rendered":"COPENHAGUE"},"content":{"rendered":"<p style=\"text-align: center;\"><a href=\"https:\/\/i0.wp.com\/jeremyfekete.com\/wp-content\/uploads\/2016\/01\/Tankstellen-des-Gl%C3%BCcks-002-Kopenhagen.jpg\" data-rel=\"lightbox-image-0\" data-rl_title=\"\" data-rl_caption=\"\" title=\"\"><img data-recalc-dims=\"1\" fetchpriority=\"high\" decoding=\"async\" class=\"size-full wp-image-6315 aligncenter\" alt=\"Tankstellen des Gl\u00fccks:: 002 Kopenhagen\" src=\"https:\/\/i0.wp.com\/jeremyfekete.com\/wp-content\/uploads\/2016\/01\/Tankstellen-des-Gl%C3%BCcks-002-Kopenhagen.jpg?resize=640%2C360\" width=\"640\" height=\"360\" data-id=\"6315\" srcset=\"https:\/\/i0.wp.com\/jeremyfekete.com\/wp-content\/uploads\/2016\/01\/Tankstellen-des-Gl%C3%BCcks-002-Kopenhagen.jpg?w=640&amp;ssl=1 640w, https:\/\/i0.wp.com\/jeremyfekete.com\/wp-content\/uploads\/2016\/01\/Tankstellen-des-Gl%C3%BCcks-002-Kopenhagen.jpg?resize=300%2C168&amp;ssl=1 300w, https:\/\/i0.wp.com\/jeremyfekete.com\/wp-content\/uploads\/2016\/01\/Tankstellen-des-Gl%C3%BCcks-002-Kopenhagen.jpg?resize=600%2C337&amp;ssl=1 600w\" sizes=\"(max-width: 640px) 100vw, 640px\" \/><\/a><\/p>\n<p style=\"text-align: center;\">&#8230;FRIEDRICH LIECHTENSTEIN AVEC SON BENZ D&rsquo;OR A L&rsquo;\u00c9L\u00c9GANTE STATION SERVICE DE SHOSHKOVED PRES COPENHAGUE&#8230;<\/p>\n<p style=\"text-align: center;\">\n<p style=\"text-align: justify;\">Dans cet \u00e9pisode, Liechtenstein se rend pr\u00e8s de Copenhague, o\u00f9 se dresse une superbe station-service con\u00e7ue dans les ann\u00e9es 1930 par le designer Arne Jacobsen.<\/p>\n<p style=\"text-align: justify;\">Ayant poursuivi sa route vers le nord, Liechtenstein arrive pr\u00e8s de Copenhague, o\u00f9 se dresse une superbe station-service con\u00e7ue dans les ann\u00e9es 1930 par le designer Arne Jacobsen. D&rsquo;un blanc \u00e9clatant, elle inspire le photographe Pierre Winther depuis vingt ans. Les deux hommes, rev\u00eatus respectivement de blanc et de noir, se livrent \u00e0 une performance surr\u00e9aliste, poussant la Mercedes dor\u00e9e dans un nuage de brouillard artificiel.<\/p>\n<p style=\"text-align: justify;\">Chauffeur, si t&rsquo;es champion&#8230;<\/p>\n<p style=\"text-align: justify;\">Parti de Berlin, sa ville d&rsquo;adoption, le touche-\u00e0-tout de la sc\u00e8ne allemande, performeur et chanteur \u00e0 la barbe fleurie, nous emm\u00e8ne au fil de dix \u00e9pisodes jusqu&rsquo;en Slovaquie, via le Danemark, l&rsquo;Autriche, la France, le Luxembourg, et l&rsquo;Italie ; paradant dans sa Mercedes dor\u00e9e, il d\u00e9guste ailleurs un d\u00eener de gourmet dans une station-essence reconvertie ou disserte un jour sur l&rsquo;\u00e9cologie ou l&rsquo;anthropologie des \u00ab\u00a0non-lieux\u00a0\u00bb, pour finir dans un mus\u00e9e italien enti\u00e8rement vou\u00e9 \u00e0 la gloire de la station-service. Doubl\u00e9 en fran\u00e7ais par son confr\u00e8re Tom Novembre, il nous guide avec sa faconde inclassable \u00e0 la rencontre de garagistes passionn\u00e9s, de routiers fatigu\u00e9s, de routards esseul\u00e9s, d&rsquo;amoureux en goguette ou de fous de grosses cylindr\u00e9es, anonymes ou c\u00e9l\u00e8bres, de la rase campagne au coeur des capitales.<\/p>\n","protected":false},"excerpt":{"rendered":"<p>&#8230;FRIEDRICH LIECHTENSTEIN AVEC SON BENZ D&rsquo;OR A L&rsquo;\u00c9L\u00c9GANTE STATION SERVICE DE SHOSHKOVED PRES COPENHAGUE&#8230; Dans cet \u00e9pisode, Liechtenstein se rend pr\u00e8s de Copenhague, o\u00f9 se dresse une superbe station-service con\u00e7ue dans les ann\u00e9es 1930 par le designer Arne Jacobsen. Ayant poursuivi sa route vers le nord, Liechtenstein arrive pr\u00e8s de Copenhague, o\u00f9 se dresse une &hellip; <\/p>\n<p class=\"link-more\"><a href=\"https:\/\/jeremyfekete.com\/fr\/copenhague\/\" class=\"more-link\">Lire la suite de<span class=\"screen-reader-text\">\u00ab\u00a0COPENHAGUE\u00a0\u00bb<\/span><\/a><\/p>\n","protected":false},"author":1,"featured_media":6681,"parent":0,"menu_order":0,"comment_status":"closed","ping_status":"closed","template":"","meta":{"footnotes":""},"class_list":["post-6581","page","type-page","status-publish","has-post-thumbnail","hentry"],"jetpack_sharing_enabled":true,"featured_media_urls":{"thumbnail":["https:\/\/jeremyfekete.com\/wp-content\/uploads\/2016\/03\/timthumb.php_-150x150.jpg",150,150,true],"medium":["https:\/\/jeremyfekete.com\/wp-content\/uploads\/2016\/03\/timthumb.php_-300x169.jpg",300,169,true],"medium_large":["https:\/\/jeremyfekete.com\/wp-content\/uploads\/2016\/03\/timthumb.php_.jpg",563,318,false],"large":["https:\/\/jeremyfekete.com\/wp-content\/uploads\/2016\/03\/timthumb.php_.jpg",563,318,false],"1536x1536":["https:\/\/jeremyfekete.com\/wp-content\/uploads\/2016\/03\/timthumb.php_.jpg",563,318,false],"2048x2048":["https:\/\/jeremyfekete.com\/wp-content\/uploads\/2016\/03\/timthumb.php_.jpg",563,318,false],"inspiro-featured-image":["https:\/\/jeremyfekete.com\/wp-content\/uploads\/2016\/03\/timthumb.php_.jpg",563,318,false],"inspiro-loop":["https:\/\/jeremyfekete.com\/wp-content\/uploads\/2016\/03\/timthumb.php_.jpg",563,318,false],"inspiro-loop@2x":["https:\/\/jeremyfekete.com\/wp-content\/uploads\/2016\/03\/timthumb.php_.jpg",563,318,false],"portfolio_item-thumbnail":["https:\/\/jeremyfekete.com\/wp-content\/uploads\/2016\/03\/timthumb.php_.jpg",563,318,false],"portfolio_item-thumbnail@2x":["https:\/\/jeremyfekete.com\/wp-content\/uploads\/2016\/03\/timthumb.php_.jpg",563,318,false],"portfolio_item-masonry":["https:\/\/jeremyfekete.com\/wp-content\/uploads\/2016\/03\/timthumb.php_.jpg",563,318,false],"portfolio_item-masonry@2x":["https:\/\/jeremyfekete.com\/wp-content\/uploads\/2016\/03\/timthumb.php_.jpg",563,318,false],"portfolio_item-thumbnail_cinema":["https:\/\/jeremyfekete.com\/wp-content\/uploads\/2016\/03\/timthumb.php_.jpg",563,318,false],"portfolio_item-thumbnail_portrait":["https:\/\/jeremyfekete.com\/wp-content\/uploads\/2016\/03\/timthumb.php_.jpg",563,318,false],"portfolio_item-thumbnail_portrait@2x":["https:\/\/jeremyfekete.com\/wp-content\/uploads\/2016\/03\/timthumb.php_.jpg",563,318,false],"portfolio_item-thumbnail_square":["https:\/\/jeremyfekete.com\/wp-content\/uploads\/2016\/03\/timthumb.php_.jpg",563,318,false]},"_links":{"self":[{"href":"https:\/\/jeremyfekete.com\/fr\/wp-json\/wp\/v2\/pages\/6581","targetHints":{"allow":["GET"]}}],"collection":[{"href":"https:\/\/jeremyfekete.com\/fr\/wp-json\/wp\/v2\/pages"}],"about":[{"href":"https:\/\/jeremyfekete.com\/fr\/wp-json\/wp\/v2\/types\/page"}],"author":[{"embeddable":true,"href":"https:\/\/jeremyfekete.com\/fr\/wp-json\/wp\/v2\/users\/1"}],"replies":[{"embeddable":true,"href":"https:\/\/jeremyfekete.com\/fr\/wp-json\/wp\/v2\/comments?post=6581"}],"version-history":[{"count":0,"href":"https:\/\/jeremyfekete.com\/fr\/wp-json\/wp\/v2\/pages\/6581\/revisions"}],"wp:featuredmedia":[{"embeddable":true,"href":"https:\/\/jeremyfekete.com\/fr\/wp-json\/wp\/v2\/media\/6681"}],"wp:attachment":[{"href":"https:\/\/jeremyfekete.com\/fr\/wp-json\/wp\/v2\/media?parent=6581"}],"curies":[{"name":"wp","href":"https:\/\/api.w.org\/{rel}","templated":true}]}}