{"id":6588,"date":"2016-02-18T09:31:11","date_gmt":"2016-02-18T07:31:11","guid":{"rendered":"http:\/\/jeremyfekete.com\/?page_id=6588"},"modified":"2016-05-01T13:22:41","modified_gmt":"2016-05-01T11:22:41","slug":"luxembourg-2","status":"publish","type":"page","link":"https:\/\/jeremyfekete.com\/fr\/luxembourg-2\/","title":{"rendered":"LUXEMBOURG"},"content":{"rendered":"<p><a href=\"https:\/\/i0.wp.com\/jeremyfekete.com\/wp-content\/uploads\/2014\/06\/Tankstellen-des-Gl%C3%BCcks-Luxemburg.jpg\" data-rel=\"lightbox-image-0\" data-rl_title=\"\" data-rl_caption=\"\" title=\"\"><img data-recalc-dims=\"1\" fetchpriority=\"high\" decoding=\"async\" class=\"aligncenter size-full wp-image-6442\" alt=\"Tankstellen des Gl\u00fccks Luxemburg\" src=\"https:\/\/i0.wp.com\/jeremyfekete.com\/wp-content\/uploads\/2014\/06\/Tankstellen-des-Gl%C3%BCcks-Luxemburg.jpg?resize=640%2C386\" width=\"640\" height=\"386\" data-id=\"6442\" srcset=\"https:\/\/i0.wp.com\/jeremyfekete.com\/wp-content\/uploads\/2014\/06\/Tankstellen-des-Gl%C3%BCcks-Luxemburg.jpg?w=640&amp;ssl=1 640w, https:\/\/i0.wp.com\/jeremyfekete.com\/wp-content\/uploads\/2014\/06\/Tankstellen-des-Gl%C3%BCcks-Luxemburg.jpg?resize=300%2C180&amp;ssl=1 300w, https:\/\/i0.wp.com\/jeremyfekete.com\/wp-content\/uploads\/2014\/06\/Tankstellen-des-Gl%C3%BCcks-Luxemburg.jpg?resize=600%2C361&amp;ssl=1 600w\" sizes=\"(max-width: 640px) 100vw, 640px\" \/><\/a><\/p>\n<p style=\"text-align: center;\">&#8230;FRIEDRICH LIECHTENSTEIN AVEC LEA LINSTER PENDANT LA PREPARATION DES ALGUES-TAGLATELLES \u00a0AVEC LE SAUMON CUIT&#8230;<\/p>\n<p style=\"text-align: left;\">\n<p style=\"text-align: justify;\">Dans ce volet, cap sur le Luxembourg et \u00e9tape chez Lea Linster, cheffe \u00e9toil\u00e9e, qui a r\u00e9nov\u00e9 en 1982 l&rsquo;ancienne station essence pour en faire un lieu de partage, de passion et de plaisir autour de la cuisine.<\/p>\n<p style=\"text-align: justify;\">Pr\u00e8s de l\u00e0, Wasserbillig conna\u00eet la plus forte concentration de pompes \u00e0 essence d&rsquo;Europe, avec dix stations-service g\u00e9antes proposant du carburant \u00e0 des prix discount gr\u00e2ce au faible niveau de taxes pratiqu\u00e9 par le Grand-Duch\u00e9.<\/p>\n<p style=\"text-align: justify;\">Chauffeur, si t&rsquo;es champion&#8230;<\/p>\n<p style=\"text-align: justify;\">Parti de Berlin, sa ville d&rsquo;adoption, le touche-\u00e0-tout de la sc\u00e8ne allemande, performeur et chanteur \u00e0 la barbe fleurie, nous emm\u00e8ne au fil de dix \u00e9pisodes jusqu&rsquo;en Slovaquie, via le Danemark, l&rsquo;Autriche, la France, le Luxembourg, et l&rsquo;Italie ; paradant dans sa Mercedes dor\u00e9e, il d\u00e9guste ailleurs un d\u00eener de gourmet dans une station-essence reconvertie ou disserte un jour sur l&rsquo;\u00e9cologie ou l&rsquo;anthropologie des \u00ab\u00a0non-lieux\u00a0\u00bb, pour finir dans un mus\u00e9e italien enti\u00e8rement vou\u00e9 \u00e0 la gloire de la station-service. Doubl\u00e9 en fran\u00e7ais par son confr\u00e8re Tom Novembre, il nous guide avec sa faconde inclassable \u00e0 la rencontre de garagistes passionn\u00e9s, de routiers fatigu\u00e9s, de routards esseul\u00e9s, d&rsquo;amoureux en goguette ou de fous de grosses cylindr\u00e9es, anonymes ou c\u00e9l\u00e8bres, de la rase campagne au coeur des capitales.<\/p>\n","protected":false},"excerpt":{"rendered":"<p>&#8230;FRIEDRICH LIECHTENSTEIN AVEC LEA LINSTER PENDANT LA PREPARATION DES ALGUES-TAGLATELLES \u00a0AVEC LE SAUMON CUIT&#8230; Dans ce volet, cap sur le Luxembourg et \u00e9tape chez Lea Linster, cheffe \u00e9toil\u00e9e, qui a r\u00e9nov\u00e9 en 1982 l&rsquo;ancienne station essence pour en faire un lieu de partage, de passion et de plaisir autour de la cuisine. Pr\u00e8s de l\u00e0, &hellip; <\/p>\n<p class=\"link-more\"><a href=\"https:\/\/jeremyfekete.com\/fr\/luxembourg-2\/\" class=\"more-link\">Lire la suite de<span class=\"screen-reader-text\">\u00ab\u00a0LUXEMBOURG\u00a0\u00bb<\/span><\/a><\/p>\n","protected":false},"author":1,"featured_media":0,"parent":0,"menu_order":0,"comment_status":"closed","ping_status":"closed","template":"","meta":{"footnotes":""},"class_list":["post-6588","page","type-page","status-publish","hentry"],"jetpack_sharing_enabled":true,"featured_media_urls":[],"_links":{"self":[{"href":"https:\/\/jeremyfekete.com\/fr\/wp-json\/wp\/v2\/pages\/6588","targetHints":{"allow":["GET"]}}],"collection":[{"href":"https:\/\/jeremyfekete.com\/fr\/wp-json\/wp\/v2\/pages"}],"about":[{"href":"https:\/\/jeremyfekete.com\/fr\/wp-json\/wp\/v2\/types\/page"}],"author":[{"embeddable":true,"href":"https:\/\/jeremyfekete.com\/fr\/wp-json\/wp\/v2\/users\/1"}],"replies":[{"embeddable":true,"href":"https:\/\/jeremyfekete.com\/fr\/wp-json\/wp\/v2\/comments?post=6588"}],"version-history":[{"count":0,"href":"https:\/\/jeremyfekete.com\/fr\/wp-json\/wp\/v2\/pages\/6588\/revisions"}],"wp:attachment":[{"href":"https:\/\/jeremyfekete.com\/fr\/wp-json\/wp\/v2\/media?parent=6588"}],"curies":[{"name":"wp","href":"https:\/\/api.w.org\/{rel}","templated":true}]}}