{"id":6598,"date":"2016-02-06T12:00:02","date_gmt":"2016-02-06T10:00:02","guid":{"rendered":"http:\/\/jeremyfekete.com\/?page_id=6598"},"modified":"2016-05-01T13:12:21","modified_gmt":"2016-05-01T11:12:21","slug":"porto-venere-3","status":"publish","type":"page","link":"https:\/\/jeremyfekete.com\/fr\/porto-venere-3\/","title":{"rendered":"PORTO VENERE"},"content":{"rendered":"<p style=\"text-align: center;\"><a href=\"https:\/\/i0.wp.com\/jeremyfekete.com\/wp-content\/uploads\/2016\/02\/Trios-Mousse-T-Dieter-Meier-und-Friedrich-Liechtenstein.jpg\" data-rel=\"lightbox-image-0\" data-rl_title=\"\" data-rl_caption=\"\" title=\"\"><img data-recalc-dims=\"1\" fetchpriority=\"high\" decoding=\"async\" class=\"size-full wp-image-6366 aligncenter\" alt=\"Trios Mousse T Dieter Meier und Friedrich Liechtenstein\" src=\"https:\/\/i0.wp.com\/jeremyfekete.com\/wp-content\/uploads\/2016\/02\/Trios-Mousse-T-Dieter-Meier-und-Friedrich-Liechtenstein.jpg?resize=640%2C360\" width=\"640\" height=\"360\" data-id=\"6366\" srcset=\"https:\/\/i0.wp.com\/jeremyfekete.com\/wp-content\/uploads\/2016\/02\/Trios-Mousse-T-Dieter-Meier-und-Friedrich-Liechtenstein.jpg?w=640&amp;ssl=1 640w, https:\/\/i0.wp.com\/jeremyfekete.com\/wp-content\/uploads\/2016\/02\/Trios-Mousse-T-Dieter-Meier-und-Friedrich-Liechtenstein.jpg?resize=300%2C168&amp;ssl=1 300w, https:\/\/i0.wp.com\/jeremyfekete.com\/wp-content\/uploads\/2016\/02\/Trios-Mousse-T-Dieter-Meier-und-Friedrich-Liechtenstein.jpg?resize=600%2C338&amp;ssl=1 600w\" sizes=\"(max-width: 640px) 100vw, 640px\" \/><\/a><\/p>\n<p>&nbsp;<\/p>\n<p style=\"text-align: center;\">&#8230;LE TRIO MUSICAL MOUSSE T., DIETER MEIER ET FRIEDRICH LIECHTENSTEIN, BROUILLAGE SUR LE FRONT DE MER DE PORTO VENERE PRES DE LA PLUS BEAU STATIONS SERVICE DE LIGURIA&#8230;<\/p>\n<p style=\"text-align: justify;\">Pour cet \u00e9pisode, il se rend en Italie qui nourrit une passion pour les stations-service. Elle abrite d&rsquo;ailleurs le mus\u00e9e le plus important d&rsquo;Europe qui leur soit consacr\u00e9, pr\u00e8s de Milan.<\/p>\n<p style=\"text-align: justify;\">Comme Friedrich Liechtenstein, l&rsquo;Italie nourrit une passion pour les stations-service. Elle abrite d&rsquo;ailleurs le mus\u00e9e le plus important d&rsquo;Europe qui leur soit consacr\u00e9, pr\u00e8s de Milan. Lapo Elkann, lui, h\u00e9ritier du clan Fiat, restaure une station des ann\u00e9es 1950 pour en faire un lieu chic et design d\u00e9di\u00e9 \u00e0 la cr\u00e9ation. Au bord de la mer de Ligurie, dans le port branch\u00e9 de Porto Venere, les plaisanciers viennent se ravitailler aux pompes \u00e0 essence qui se dressent au bord des flots turquoise. Liechtenstein y retrouve ses complices musiciens du groupe Yello et le producteur Mousse T. pour une jam session.<\/p>\n","protected":false},"excerpt":{"rendered":"<p>&nbsp; &#8230;LE TRIO MUSICAL MOUSSE T., DIETER MEIER ET FRIEDRICH LIECHTENSTEIN, BROUILLAGE SUR LE FRONT DE MER DE PORTO VENERE PRES DE LA PLUS BEAU STATIONS SERVICE DE LIGURIA&#8230; Pour cet \u00e9pisode, il se rend en Italie qui nourrit une passion pour les stations-service. Elle abrite d&rsquo;ailleurs le mus\u00e9e le plus important d&rsquo;Europe qui leur &hellip; <\/p>\n<p class=\"link-more\"><a href=\"https:\/\/jeremyfekete.com\/fr\/porto-venere-3\/\" class=\"more-link\">Lire la suite de<span class=\"screen-reader-text\">\u00ab\u00a0PORTO VENERE\u00a0\u00bb<\/span><\/a><\/p>\n","protected":false},"author":1,"featured_media":6681,"parent":0,"menu_order":0,"comment_status":"closed","ping_status":"closed","template":"","meta":{"footnotes":""},"class_list":["post-6598","page","type-page","status-publish","has-post-thumbnail","hentry"],"jetpack_sharing_enabled":true,"featured_media_urls":{"thumbnail":["https:\/\/jeremyfekete.com\/wp-content\/uploads\/2016\/03\/timthumb.php_-150x150.jpg",150,150,true],"medium":["https:\/\/jeremyfekete.com\/wp-content\/uploads\/2016\/03\/timthumb.php_-300x169.jpg",300,169,true],"medium_large":["https:\/\/jeremyfekete.com\/wp-content\/uploads\/2016\/03\/timthumb.php_.jpg",563,318,false],"large":["https:\/\/jeremyfekete.com\/wp-content\/uploads\/2016\/03\/timthumb.php_.jpg",563,318,false],"1536x1536":["https:\/\/jeremyfekete.com\/wp-content\/uploads\/2016\/03\/timthumb.php_.jpg",563,318,false],"2048x2048":["https:\/\/jeremyfekete.com\/wp-content\/uploads\/2016\/03\/timthumb.php_.jpg",563,318,false],"inspiro-featured-image":["https:\/\/jeremyfekete.com\/wp-content\/uploads\/2016\/03\/timthumb.php_.jpg",563,318,false],"inspiro-loop":["https:\/\/jeremyfekete.com\/wp-content\/uploads\/2016\/03\/timthumb.php_.jpg",563,318,false],"inspiro-loop@2x":["https:\/\/jeremyfekete.com\/wp-content\/uploads\/2016\/03\/timthumb.php_.jpg",563,318,false],"portfolio_item-thumbnail":["https:\/\/jeremyfekete.com\/wp-content\/uploads\/2016\/03\/timthumb.php_.jpg",563,318,false],"portfolio_item-thumbnail@2x":["https:\/\/jeremyfekete.com\/wp-content\/uploads\/2016\/03\/timthumb.php_.jpg",563,318,false],"portfolio_item-masonry":["https:\/\/jeremyfekete.com\/wp-content\/uploads\/2016\/03\/timthumb.php_.jpg",563,318,false],"portfolio_item-masonry@2x":["https:\/\/jeremyfekete.com\/wp-content\/uploads\/2016\/03\/timthumb.php_.jpg",563,318,false],"portfolio_item-thumbnail_cinema":["https:\/\/jeremyfekete.com\/wp-content\/uploads\/2016\/03\/timthumb.php_.jpg",563,318,false],"portfolio_item-thumbnail_portrait":["https:\/\/jeremyfekete.com\/wp-content\/uploads\/2016\/03\/timthumb.php_.jpg",563,318,false],"portfolio_item-thumbnail_portrait@2x":["https:\/\/jeremyfekete.com\/wp-content\/uploads\/2016\/03\/timthumb.php_.jpg",563,318,false],"portfolio_item-thumbnail_square":["https:\/\/jeremyfekete.com\/wp-content\/uploads\/2016\/03\/timthumb.php_.jpg",563,318,false]},"_links":{"self":[{"href":"https:\/\/jeremyfekete.com\/fr\/wp-json\/wp\/v2\/pages\/6598","targetHints":{"allow":["GET"]}}],"collection":[{"href":"https:\/\/jeremyfekete.com\/fr\/wp-json\/wp\/v2\/pages"}],"about":[{"href":"https:\/\/jeremyfekete.com\/fr\/wp-json\/wp\/v2\/types\/page"}],"author":[{"embeddable":true,"href":"https:\/\/jeremyfekete.com\/fr\/wp-json\/wp\/v2\/users\/1"}],"replies":[{"embeddable":true,"href":"https:\/\/jeremyfekete.com\/fr\/wp-json\/wp\/v2\/comments?post=6598"}],"version-history":[{"count":0,"href":"https:\/\/jeremyfekete.com\/fr\/wp-json\/wp\/v2\/pages\/6598\/revisions"}],"wp:featuredmedia":[{"embeddable":true,"href":"https:\/\/jeremyfekete.com\/fr\/wp-json\/wp\/v2\/media\/6681"}],"wp:attachment":[{"href":"https:\/\/jeremyfekete.com\/fr\/wp-json\/wp\/v2\/media?parent=6598"}],"curies":[{"name":"wp","href":"https:\/\/api.w.org\/{rel}","templated":true}]}}