{"id":6611,"date":"2016-01-29T18:14:12","date_gmt":"2016-01-29T16:14:12","guid":{"rendered":"http:\/\/jeremyfekete.com\/?page_id=6611"},"modified":"2016-05-01T13:25:38","modified_gmt":"2016-05-01T11:25:38","slug":"vienne","status":"publish","type":"page","link":"https:\/\/jeremyfekete.com\/fr\/vienne\/","title":{"rendered":"VIENNE"},"content":{"rendered":"<p style=\"text-align: center;\"><a href=\"https:\/\/i0.wp.com\/jeremyfekete.com\/wp-content\/uploads\/2016\/01\/vlcsnap-2016-01-29-17h08m54s648.jpg\" data-rel=\"lightbox-image-0\" data-rl_title=\"\" data-rl_caption=\"\" title=\"\"><img data-recalc-dims=\"1\" fetchpriority=\"high\" decoding=\"async\" class=\"size-full wp-image-6345 aligncenter\" alt=\"ASTORIA GARAGE\" src=\"https:\/\/i0.wp.com\/jeremyfekete.com\/wp-content\/uploads\/2016\/01\/vlcsnap-2016-01-29-17h08m54s648.jpg?resize=640%2C360\" width=\"640\" height=\"360\" data-id=\"6345\" srcset=\"https:\/\/i0.wp.com\/jeremyfekete.com\/wp-content\/uploads\/2016\/01\/vlcsnap-2016-01-29-17h08m54s648.jpg?w=640&amp;ssl=1 640w, https:\/\/i0.wp.com\/jeremyfekete.com\/wp-content\/uploads\/2016\/01\/vlcsnap-2016-01-29-17h08m54s648.jpg?resize=300%2C168&amp;ssl=1 300w, https:\/\/i0.wp.com\/jeremyfekete.com\/wp-content\/uploads\/2016\/01\/vlcsnap-2016-01-29-17h08m54s648.jpg?resize=600%2C337&amp;ssl=1 600w\" sizes=\"(max-width: 640px) 100vw, 640px\" \/><\/a><\/p>\n<p style=\"text-align: center;\">&#8230;FRIEDRICH LIECHTENSTEIN VISITE SON PLACE DE LA F\u00caTE DANS L&rsquo;ASTORIA GARAGE \u00c0 VIENNE&#8230;<\/p>\n<p style=\"text-align: justify;\">Dans cet \u00e9pisode, Liechtenstein poursuit son exploration des pompes \u00e0 essence viennoises.<\/p>\n<p style=\"text-align: justify;\">Liechtenstein consacre du temps \u00e0 Vienne, o\u00f9 l&rsquo;on trouve encore des pompes \u00e0 essence dans des arri\u00e8re-cours. Rencontres avec le g\u00e9rant du garage Apollo, qui conna\u00eet tous ses clients, Stefan Ol\u00e1h, qui a publi\u00e9 un livre de photos sur les stations-service et Herr Weber, le charg\u00e9 de la circulation de la municipalit\u00e9. Liechtenstein fait aussi \u00e9tape dans deux lieux contrast\u00e9s\u00a0: l&rsquo;imposante raffinerie de p\u00e9trole de Schwechat, qui brille de mille feux dans la nuit, puis la super party de l&rsquo;Astoria-Garage avec Richard Dorfmeister, qui vient de produire un de ses morceaux.<\/p>\n<p style=\"text-align: justify;\">Chauffeur, si t&rsquo;es champion&#8230;<\/p>\n<p style=\"text-align: justify;\">Parti de Berlin, sa ville d&rsquo;adoption, le touche-\u00e0-tout de la sc\u00e8ne allemande, performeur et chanteur \u00e0 la barbe fleurie, nous emm\u00e8ne au fil de dix \u00e9pisodes jusqu&rsquo;en Slovaquie, via le Danemark, l&rsquo;Autriche, la France, le Luxembourg, et l&rsquo;Italie ; paradant dans sa Mercedes dor\u00e9e, il d\u00e9guste ailleurs un d\u00eener de gourmet dans une station-essence reconvertie ou disserte un jour sur l&rsquo;\u00e9cologie ou l&rsquo;anthropologie des \u00ab\u00a0non-lieux\u00a0\u00bb, pour finir dans un mus\u00e9e italien enti\u00e8rement vou\u00e9 \u00e0 la gloire de la station-service. Doubl\u00e9 en fran\u00e7ais par son confr\u00e8re Tom Novembre, il nous guide avec sa faconde inclassable \u00e0 la rencontre de garagistes passionn\u00e9s, de routiers fatigu\u00e9s, de routards esseul\u00e9s, d&rsquo;amoureux en goguette ou de fous de grosses cylindr\u00e9es, anonymes ou c\u00e9l\u00e8bres, de la rase campagne au coeur des capitales.<\/p>\n","protected":false},"excerpt":{"rendered":"<p>&#8230;FRIEDRICH LIECHTENSTEIN VISITE SON PLACE DE LA F\u00caTE DANS L&rsquo;ASTORIA GARAGE \u00c0 VIENNE&#8230; Dans cet \u00e9pisode, Liechtenstein poursuit son exploration des pompes \u00e0 essence viennoises. Liechtenstein consacre du temps \u00e0 Vienne, o\u00f9 l&rsquo;on trouve encore des pompes \u00e0 essence dans des arri\u00e8re-cours. Rencontres avec le g\u00e9rant du garage Apollo, qui conna\u00eet tous ses clients, Stefan &hellip; <\/p>\n<p class=\"link-more\"><a href=\"https:\/\/jeremyfekete.com\/fr\/vienne\/\" class=\"more-link\">Lire la suite de<span class=\"screen-reader-text\">\u00ab\u00a0VIENNE\u00a0\u00bb<\/span><\/a><\/p>\n","protected":false},"author":1,"featured_media":6681,"parent":0,"menu_order":0,"comment_status":"closed","ping_status":"closed","template":"","meta":{"footnotes":""},"class_list":["post-6611","page","type-page","status-publish","has-post-thumbnail","hentry"],"jetpack_sharing_enabled":true,"featured_media_urls":{"thumbnail":["https:\/\/jeremyfekete.com\/wp-content\/uploads\/2016\/03\/timthumb.php_-150x150.jpg",150,150,true],"medium":["https:\/\/jeremyfekete.com\/wp-content\/uploads\/2016\/03\/timthumb.php_-300x169.jpg",300,169,true],"medium_large":["https:\/\/jeremyfekete.com\/wp-content\/uploads\/2016\/03\/timthumb.php_.jpg",563,318,false],"large":["https:\/\/jeremyfekete.com\/wp-content\/uploads\/2016\/03\/timthumb.php_.jpg",563,318,false],"1536x1536":["https:\/\/jeremyfekete.com\/wp-content\/uploads\/2016\/03\/timthumb.php_.jpg",563,318,false],"2048x2048":["https:\/\/jeremyfekete.com\/wp-content\/uploads\/2016\/03\/timthumb.php_.jpg",563,318,false],"inspiro-featured-image":["https:\/\/jeremyfekete.com\/wp-content\/uploads\/2016\/03\/timthumb.php_.jpg",563,318,false],"inspiro-loop":["https:\/\/jeremyfekete.com\/wp-content\/uploads\/2016\/03\/timthumb.php_.jpg",563,318,false],"inspiro-loop@2x":["https:\/\/jeremyfekete.com\/wp-content\/uploads\/2016\/03\/timthumb.php_.jpg",563,318,false],"portfolio_item-thumbnail":["https:\/\/jeremyfekete.com\/wp-content\/uploads\/2016\/03\/timthumb.php_.jpg",563,318,false],"portfolio_item-thumbnail@2x":["https:\/\/jeremyfekete.com\/wp-content\/uploads\/2016\/03\/timthumb.php_.jpg",563,318,false],"portfolio_item-masonry":["https:\/\/jeremyfekete.com\/wp-content\/uploads\/2016\/03\/timthumb.php_.jpg",563,318,false],"portfolio_item-masonry@2x":["https:\/\/jeremyfekete.com\/wp-content\/uploads\/2016\/03\/timthumb.php_.jpg",563,318,false],"portfolio_item-thumbnail_cinema":["https:\/\/jeremyfekete.com\/wp-content\/uploads\/2016\/03\/timthumb.php_.jpg",563,318,false],"portfolio_item-thumbnail_portrait":["https:\/\/jeremyfekete.com\/wp-content\/uploads\/2016\/03\/timthumb.php_.jpg",563,318,false],"portfolio_item-thumbnail_portrait@2x":["https:\/\/jeremyfekete.com\/wp-content\/uploads\/2016\/03\/timthumb.php_.jpg",563,318,false],"portfolio_item-thumbnail_square":["https:\/\/jeremyfekete.com\/wp-content\/uploads\/2016\/03\/timthumb.php_.jpg",563,318,false]},"_links":{"self":[{"href":"https:\/\/jeremyfekete.com\/fr\/wp-json\/wp\/v2\/pages\/6611","targetHints":{"allow":["GET"]}}],"collection":[{"href":"https:\/\/jeremyfekete.com\/fr\/wp-json\/wp\/v2\/pages"}],"about":[{"href":"https:\/\/jeremyfekete.com\/fr\/wp-json\/wp\/v2\/types\/page"}],"author":[{"embeddable":true,"href":"https:\/\/jeremyfekete.com\/fr\/wp-json\/wp\/v2\/users\/1"}],"replies":[{"embeddable":true,"href":"https:\/\/jeremyfekete.com\/fr\/wp-json\/wp\/v2\/comments?post=6611"}],"version-history":[{"count":0,"href":"https:\/\/jeremyfekete.com\/fr\/wp-json\/wp\/v2\/pages\/6611\/revisions"}],"wp:featuredmedia":[{"embeddable":true,"href":"https:\/\/jeremyfekete.com\/fr\/wp-json\/wp\/v2\/media\/6681"}],"wp:attachment":[{"href":"https:\/\/jeremyfekete.com\/fr\/wp-json\/wp\/v2\/media?parent=6611"}],"curies":[{"name":"wp","href":"https:\/\/api.w.org\/{rel}","templated":true}]}}